{"id":14356,"date":"2023-10-31T10:14:48","date_gmt":"2023-10-31T10:14:48","guid":{"rendered":"https:\/\/unigrant.com\/politica-de-privacidad\/"},"modified":"2025-05-22T14:12:16","modified_gmt":"2025-05-22T14:12:16","slug":"privacy-policy","status":"publish","type":"page","link":"https:\/\/unigrant.com\/es\/privacy-policy\/","title":{"rendered":"Pol\u00edtica de privacidad"},"content":{"rendered":"\n<p>Esta Pol\u00edtica de Privacidad describe las pol\u00edticas de NinBenMel Pte.Ltd.<\/p>\n\n<p>Direcci\u00f3n: 11 Irving Place #09-01, Singapur 369551, Singapur, correo electr\u00f3nico: ninbenmel@gmail.com, sobre la recogida, uso y divulgaci\u00f3n de tu informaci\u00f3n que recopilamos cuando utilizas nuestro sitio web unigrant.com, (el \u201cServicio\u201d).<\/p>\n\n<p>Al acceder o utilizar el Servicio, usted acepta la recopilaci\u00f3n, el uso y la divulgaci\u00f3n de su informaci\u00f3n de acuerdo con esta Pol\u00edtica de Privacidad. Si no acepta lo mismo, no acceda ni utilice el Servicio.<\/p>\n\n<p>Podemos modificar esta Pol\u00edtica de Privacidad en cualquier momento sin previo aviso y publicaremos la Pol\u00edtica de Privacidad revisada en el Servicio. La Pol\u00edtica revisada entrar\u00e1 en vigencia 180 d\u00edas a partir de la fecha en que se publique en el Servicio y su acceso o uso continuo del Servicio despu\u00e9s de ese tiempo constituir\u00e1 su aceptaci\u00f3n de la Pol\u00edtica de privacidad revisada. Por ello le recomendamos que revise peri\u00f3dicamente esta p\u00e1gina.<\/p>\n\n<h2 class=\"wp-block-heading\" style=\"text-transform:none\">Informaci\u00f3n que recopilamos<\/h2>\n\n<p>Recopilaremos y procesaremos la siguiente informaci\u00f3n personal sobre usted:<\/p>\n\n<ul class=\"wp-block-list\">\n<li>Nombre<\/li>\n\n\n\n<li>Correo electr\u00f3nico<\/li>\n\n\n\n<li>M\u00f3vil<\/li>\n\n\n\n<li>Perfil de redes sociales<\/li>\n\n\n\n<li>Fecha de nacimiento<\/li>\n\n\n\n<li>Direcci\u00f3n de Trabajo<\/li>\n\n\n\n<li>Informaci\u00f3n de pago<\/li>\n<\/ul>\n\n<h2 class=\"wp-block-heading\">C\u00f3mo recopilamos su informaci\u00f3n<\/h2>\n\n<p>Recopilamos\/recibimos informaci\u00f3n sobre usted de la siguiente manera:<\/p>\n\n<ul class=\"wp-block-list\">\n<li>Cuando un usuario completa el formulario de registro o env\u00eda informaci\u00f3n personal de otro modo.<\/li>\n\n\n\n<li>Interact\u00faa con el sitio web<\/li>\n\n\n\n<li>De fuentes p\u00fablicas<\/li>\n<\/ul>\n\n<h2 class=\"wp-block-heading\">C\u00f3mo utilizamos tu informaci\u00f3n<\/h2>\n\n<p>Utilizaremos la informaci\u00f3n que recopilamos sobre usted para los siguientes fines:<\/p>\n\n<ul class=\"wp-block-list\">\n<li>Marketing\/Promoci\u00f3n<\/li>\n\n\n\n<li>Creando cuenta de usuario<\/li>\n\n\n\n<li>Testimonios<\/li>\n\n\n\n<li>Recopilaci\u00f3n de comentarios de clientes<\/li>\n\n\n\n<li>Procesando el pago<\/li>\n\n\n\n<li>Apoyo<\/li>\n\n\n\n<li>Informaci\u00f3n de administraci\u00f3n<\/li>\n\n\n\n<li>Publicidad dirigida<\/li>\n\n\n\n<li>Gestionar el pedido del cliente<\/li>\n\n\n\n<li>Protecci\u00f3n del sitio<\/li>\n\n\n\n<li>Comentarios de usuario a usuario<\/li>\n\n\n\n<li>Administrar cuenta de usuario<\/li>\n<\/ul>\n\n<p>Si queremos utilizar su informaci\u00f3n para cualquier otro prop\u00f3sito, le pediremos su consentimiento y usaremos su informaci\u00f3n solo al recibir su consentimiento y luego, solo para los fines para los cuales otorgamos el consentimiento, a menos que estemos obligados a hacer lo contrario por ley.<\/p>\n\n<h2 class=\"wp-block-heading\">C\u00f3mo compartimos su informaci\u00f3n<\/h2>\n\n<p>No transferiremos su informaci\u00f3n personal a ning\u00fan tercero sin solicitar su consentimiento, excepto en circunstancias limitadas como se describe a continuaci\u00f3n:<\/p>\n\n<ul class=\"wp-block-list\">\n<li>Servicio de publicidad<\/li>\n\n\n\n<li>Anal\u00edtica<\/li>\n\n\n\n<li>Servicios de recuperaci\u00f3n de pagos<\/li>\n<\/ul>\n\n<p>Exigimos a dichos terceros que utilicen la informaci\u00f3n personal que les transferimos solo para el prop\u00f3sito para el cual fue transferida y que no la conserven por m\u00e1s tiempo del necesario para cumplir dicho prop\u00f3sito.<\/p>\n\n<p>Tambi\u00e9n podemos divulgar su informaci\u00f3n personal para lo siguiente: (1) para cumplir con la ley, regulaci\u00f3n, orden judicial u otro proceso legal aplicable; (2) para hacer cumplir sus acuerdos con nosotros, incluida esta Pol\u00edtica de Privacidad; o (3) para responder a reclamos de que su uso del Servicio viola los derechos de terceros. Si el Servicio o nuestra empresa se fusiona o adquiere con otra empresa, su informaci\u00f3n ser\u00e1 uno de los activos que se transfiera al nuevo propietario.<\/p>\n\n<h2 class=\"wp-block-heading\">Retenci\u00f3n de su informaci\u00f3n<\/h2>\n\n<p>Conservaremos su informaci\u00f3n personal con nosotros durante 90 d\u00edas a 2 a\u00f1os despu\u00e9s de que los usuarios cancelen sus cuentas o durante el tiempo que la necesitemos para cumplir con los prop\u00f3sitos para los cuales fue recopilada, como se detalla en esta Pol\u00edtica de Privacidad. Es posible que necesitemos conservar cierta informaci\u00f3n durante per\u00edodos m\u00e1s largos, como mantenimiento de registros\/informes de acuerdo con la ley aplicable o por otras razones leg\u00edtimas como el cumplimiento de derechos legales, prevenci\u00f3n de fraude, etc. Informaci\u00f3n an\u00f3nima residual e informaci\u00f3n agregada, ninguna de las cuales lo identifica. (directa o indirectamente), pueden almacenarse indefinidamente.<\/p>\n\n<h2 class=\"wp-block-heading\">Yus derechos<\/h2>\n\n<p>Dependiendo de la ley que se aplique, puede tener derecho a acceder y rectificar o borrar sus datos personales o recibir una copia de sus datos personales, restringir u oponerse al procesamiento activo de sus datos, solicitarnos que compartamos (portemos) sus datos personales. informaci\u00f3n a otra entidad, retirar cualquier consentimiento que nos haya brindado para procesar sus datos, el derecho a presentar una queja ante una autoridad legal y otros derechos que puedan ser relevantes seg\u00fan las leyes aplicables. Para ejercer estos derechos, puede escribirnos a ninbenmel@gmail.com. Responderemos a su solicitud de acuerdo con la ley aplicable.<\/p>\n\n<p>Tenga en cuenta que si no nos permite recopilar o procesar la informaci\u00f3n personal requerida o retirar el consentimiento para procesarla para los fines requeridos, es posible que no pueda acceder ni utilizar los servicios para los cuales se busc\u00f3 su informaci\u00f3n.<\/p>\n\n<h2 class=\"wp-block-heading\">Cookies etc<\/h2>\n\n<p>Para obtener m\u00e1s informaci\u00f3n sobre c\u00f3mo las utilizamos y sus opciones en relaci\u00f3n con estas tecnolog\u00edas de seguimiento, consulte nuestra Pol\u00edtica de cookies. <a href=\"https:\/\/unigrant.com\/es\/privacy-policy\/\"><\/a><\/p>\n\n<h2 class=\"wp-block-heading\">Seguridad<\/h2>\n\n<p>La seguridad de su informaci\u00f3n es importante para nosotros y utilizaremos medidas de seguridad razonables para evitar la p\u00e9rdida, el uso indebido o la alteraci\u00f3n no autorizada de su informaci\u00f3n bajo nuestro control. Sin embargo, dados los riesgos inherentes, no podemos garantizar una seguridad absoluta y, en consecuencia, no podemos asegurar ni garantizar la seguridad de la informaci\u00f3n que usted nos transmite y lo hace bajo su propio riesgo.<\/p>\n\n<h2 class=\"wp-block-heading\">Protecci\u00f3n de datos<\/h2>\n\n<p>Si tiene alguna consulta o inquietud sobre el procesamiento de su informaci\u00f3n que est\u00e1 disponible con nosotros, puede enviar un correo electr\u00f3nico a nuestro reponsable de quejas en NinBenMel Pte.Ltd. Address: 11 Irving Place #09-01, email: ninbenmel@gmail.com. Atenderemos sus inquietudes de acuerdo con la ley aplicable.<\/p>\n","protected":false},"excerpt":{"rendered":"<p>Esta Pol\u00edtica de Privacidad describe las pol\u00edticas de NinBenMel Pte.Ltd. Direcci\u00f3n: 11 Irving Place #09-01, Singapur 369551, Singapur, correo electr\u00f3nico: ninbenmel@gmail.com, sobre la recogida, uso y divulgaci\u00f3n de tu informaci\u00f3n que recopilamos cuando utilizas nuestro sitio web unigrant.com, (el \u201cServicio\u201d). Al acceder o utilizar el Servicio, usted acepta la recopilaci\u00f3n, &hellip; <\/p>\n","protected":false},"author":1,"featured_media":0,"parent":0,"menu_order":0,"comment_status":"closed","ping_status":"open","template":"","meta":{"_joinchat":[],"footnotes":""},"class_list":["post-14356","page","type-page","status-publish","hentry"],"yoast_head":"<!-- This site is optimized with the Yoast SEO plugin v24.0 - https:\/\/yoast.com\/wordpress\/plugins\/seo\/ -->\n<title>Pol\u00edtica de privacidad - Unigrant<\/title>\n<meta name=\"robots\" content=\"index, follow, max-snippet:-1, max-image-preview:large, max-video-preview:-1\" \/>\n<link rel=\"canonical\" href=\"https:\/\/unigrant.com\/es\/privacy-policy\/\" \/>\n<meta property=\"og:locale\" content=\"es_ES\" \/>\n<meta property=\"og:type\" content=\"article\" \/>\n<meta property=\"og:title\" content=\"Pol\u00edtica de privacidad - Unigrant\" \/>\n<meta property=\"og:description\" content=\"Esta Pol\u00edtica de Privacidad describe las pol\u00edticas de NinBenMel Pte.Ltd. Direcci\u00f3n: 11 Irving Place #09-01, Singapur 369551, Singapur, correo electr\u00f3nico: ninbenmel@gmail.com, sobre la recogida, uso y divulgaci\u00f3n de tu informaci\u00f3n que recopilamos cuando utilizas nuestro sitio web unigrant.com, (el \u201cServicio\u201d). Al acceder o utilizar el Servicio, usted acepta la recopilaci\u00f3n, &hellip;\" \/>\n<meta property=\"og:url\" content=\"https:\/\/unigrant.com\/es\/privacy-policy\/\" \/>\n<meta property=\"og:site_name\" content=\"Unigrant\" \/>\n<meta property=\"article:modified_time\" content=\"2025-05-22T14:12:16+00:00\" \/>\n<meta name=\"twitter:card\" content=\"summary_large_image\" \/>\n<meta name=\"twitter:site\" content=\"@unigrantx\" \/>\n<meta name=\"twitter:label1\" content=\"Tiempo de lectura\" \/>\n\t<meta name=\"twitter:data1\" content=\"5 minutos\" \/>\n<script type=\"application\/ld+json\" class=\"yoast-schema-graph\">{\"@context\":\"https:\/\/schema.org\",\"@graph\":[{\"@type\":\"WebPage\",\"@id\":\"https:\/\/unigrant.com\/es\/privacy-policy\/\",\"url\":\"https:\/\/unigrant.com\/es\/privacy-policy\/\",\"name\":\"Pol\u00edtica de privacidad - Unigrant\",\"isPartOf\":{\"@id\":\"https:\/\/unigrant.com\/es\/#website\"},\"datePublished\":\"2023-10-31T10:14:48+00:00\",\"dateModified\":\"2025-05-22T14:12:16+00:00\",\"breadcrumb\":{\"@id\":\"https:\/\/unigrant.com\/es\/privacy-policy\/#breadcrumb\"},\"inLanguage\":\"es\",\"potentialAction\":[{\"@type\":\"ReadAction\",\"target\":[\"https:\/\/unigrant.com\/es\/privacy-policy\/\"]}]},{\"@type\":\"BreadcrumbList\",\"@id\":\"https:\/\/unigrant.com\/es\/privacy-policy\/#breadcrumb\",\"itemListElement\":[{\"@type\":\"ListItem\",\"position\":1,\"name\":\"Home\",\"item\":\"https:\/\/unigrant.com\/es\/\"},{\"@type\":\"ListItem\",\"position\":2,\"name\":\"Pol\u00edtica de privacidad\"}]},{\"@type\":\"WebSite\",\"@id\":\"https:\/\/unigrant.com\/es\/#website\",\"url\":\"https:\/\/unigrant.com\/es\/\",\"name\":\"Unigrant\",\"description\":\"Emprende un Viaje de Excelencia Acad\u00e9mica y Aventura\",\"publisher\":{\"@id\":\"https:\/\/unigrant.com\/es\/#organization\"},\"potentialAction\":[{\"@type\":\"SearchAction\",\"target\":{\"@type\":\"EntryPoint\",\"urlTemplate\":\"https:\/\/unigrant.com\/es\/?s={search_term_string}\"},\"query-input\":{\"@type\":\"PropertyValueSpecification\",\"valueRequired\":true,\"valueName\":\"search_term_string\"}}],\"inLanguage\":\"es\"},{\"@type\":\"Organization\",\"@id\":\"https:\/\/unigrant.com\/es\/#organization\",\"name\":\"Unigrant\",\"url\":\"https:\/\/unigrant.com\/es\/\",\"logo\":{\"@type\":\"ImageObject\",\"inLanguage\":\"es\",\"@id\":\"https:\/\/unigrant.com\/es\/#\/schema\/logo\/image\/\",\"url\":\"https:\/\/unigrant.com\/wp-content\/uploads\/2023\/11\/logo-unigrant.350x100.png\",\"contentUrl\":\"https:\/\/unigrant.com\/wp-content\/uploads\/2023\/11\/logo-unigrant.350x100.png\",\"width\":350,\"height\":100,\"caption\":\"Unigrant\"},\"image\":{\"@id\":\"https:\/\/unigrant.com\/es\/#\/schema\/logo\/image\/\"},\"sameAs\":[\"https:\/\/x.com\/unigrantx\",\"https:\/\/www.instagram.com\/unigrantcom\/\",\"https:\/\/www.tiktok.com\/@unigrant\"]}]}<\/script>\n<!-- \/ Yoast SEO plugin. -->","yoast_head_json":{"title":"Pol\u00edtica de privacidad - Unigrant","robots":{"index":"index","follow":"follow","max-snippet":"max-snippet:-1","max-image-preview":"max-image-preview:large","max-video-preview":"max-video-preview:-1"},"canonical":"https:\/\/unigrant.com\/es\/privacy-policy\/","og_locale":"es_ES","og_type":"article","og_title":"Pol\u00edtica de privacidad - Unigrant","og_description":"Esta Pol\u00edtica de Privacidad describe las pol\u00edticas de NinBenMel Pte.Ltd. Direcci\u00f3n: 11 Irving Place #09-01, Singapur 369551, Singapur, correo electr\u00f3nico: ninbenmel@gmail.com, sobre la recogida, uso y divulgaci\u00f3n de tu informaci\u00f3n que recopilamos cuando utilizas nuestro sitio web unigrant.com, (el \u201cServicio\u201d). Al acceder o utilizar el Servicio, usted acepta la recopilaci\u00f3n, &hellip;","og_url":"https:\/\/unigrant.com\/es\/privacy-policy\/","og_site_name":"Unigrant","article_modified_time":"2025-05-22T14:12:16+00:00","twitter_card":"summary_large_image","twitter_site":"@unigrantx","twitter_misc":{"Tiempo de lectura":"5 minutos"},"schema":{"@context":"https:\/\/schema.org","@graph":[{"@type":"WebPage","@id":"https:\/\/unigrant.com\/es\/privacy-policy\/","url":"https:\/\/unigrant.com\/es\/privacy-policy\/","name":"Pol\u00edtica de privacidad - Unigrant","isPartOf":{"@id":"https:\/\/unigrant.com\/es\/#website"},"datePublished":"2023-10-31T10:14:48+00:00","dateModified":"2025-05-22T14:12:16+00:00","breadcrumb":{"@id":"https:\/\/unigrant.com\/es\/privacy-policy\/#breadcrumb"},"inLanguage":"es","potentialAction":[{"@type":"ReadAction","target":["https:\/\/unigrant.com\/es\/privacy-policy\/"]}]},{"@type":"BreadcrumbList","@id":"https:\/\/unigrant.com\/es\/privacy-policy\/#breadcrumb","itemListElement":[{"@type":"ListItem","position":1,"name":"Home","item":"https:\/\/unigrant.com\/es\/"},{"@type":"ListItem","position":2,"name":"Pol\u00edtica de privacidad"}]},{"@type":"WebSite","@id":"https:\/\/unigrant.com\/es\/#website","url":"https:\/\/unigrant.com\/es\/","name":"Unigrant","description":"Emprende un Viaje de Excelencia Acad\u00e9mica y Aventura","publisher":{"@id":"https:\/\/unigrant.com\/es\/#organization"},"potentialAction":[{"@type":"SearchAction","target":{"@type":"EntryPoint","urlTemplate":"https:\/\/unigrant.com\/es\/?s={search_term_string}"},"query-input":{"@type":"PropertyValueSpecification","valueRequired":true,"valueName":"search_term_string"}}],"inLanguage":"es"},{"@type":"Organization","@id":"https:\/\/unigrant.com\/es\/#organization","name":"Unigrant","url":"https:\/\/unigrant.com\/es\/","logo":{"@type":"ImageObject","inLanguage":"es","@id":"https:\/\/unigrant.com\/es\/#\/schema\/logo\/image\/","url":"https:\/\/unigrant.com\/wp-content\/uploads\/2023\/11\/logo-unigrant.350x100.png","contentUrl":"https:\/\/unigrant.com\/wp-content\/uploads\/2023\/11\/logo-unigrant.350x100.png","width":350,"height":100,"caption":"Unigrant"},"image":{"@id":"https:\/\/unigrant.com\/es\/#\/schema\/logo\/image\/"},"sameAs":["https:\/\/x.com\/unigrantx","https:\/\/www.instagram.com\/unigrantcom\/","https:\/\/www.tiktok.com\/@unigrant"]}]}},"_links":{"self":[{"href":"https:\/\/unigrant.com\/es\/wp-json\/wp\/v2\/pages\/14356","targetHints":{"allow":["GET"]}}],"collection":[{"href":"https:\/\/unigrant.com\/es\/wp-json\/wp\/v2\/pages"}],"about":[{"href":"https:\/\/unigrant.com\/es\/wp-json\/wp\/v2\/types\/page"}],"author":[{"embeddable":true,"href":"https:\/\/unigrant.com\/es\/wp-json\/wp\/v2\/users\/1"}],"replies":[{"embeddable":true,"href":"https:\/\/unigrant.com\/es\/wp-json\/wp\/v2\/comments?post=14356"}],"version-history":[{"count":4,"href":"https:\/\/unigrant.com\/es\/wp-json\/wp\/v2\/pages\/14356\/revisions"}],"predecessor-version":[{"id":58885,"href":"https:\/\/unigrant.com\/es\/wp-json\/wp\/v2\/pages\/14356\/revisions\/58885"}],"wp:attachment":[{"href":"https:\/\/unigrant.com\/es\/wp-json\/wp\/v2\/media?parent=14356"}],"curies":[{"name":"wp","href":"https:\/\/api.w.org\/{rel}","templated":true}]}}