{"id":16941,"date":"2024-04-03T07:28:40","date_gmt":"2024-04-03T07:28:40","guid":{"rendered":"https:\/\/unigrant.com\/influencers-register\/"},"modified":"2025-03-28T09:52:20","modified_gmt":"2025-03-28T09:52:20","slug":"registro-de-influencers","status":"publish","type":"page","link":"https:\/\/unigrant.com\/es\/registro-de-influencers\/","title":{"rendered":"Registro de Influencers"},"content":{"rendered":"\t\t<div data-elementor-type=\"wp-post\" data-elementor-id=\"16941\" class=\"elementor elementor-16941 elementor-16897\" data-elementor-post-type=\"page\">\n\t\t\t\t<div class=\"elementor-element elementor-element-2b89749d e-flex e-con-boxed e-con e-parent\" data-id=\"2b89749d\" data-element_type=\"container\" data-settings=\"{&quot;background_background&quot;:&quot;classic&quot;}\">\n\t\t\t\t\t<div class=\"e-con-inner\">\n\t\t\t\t<div class=\"elementor-element elementor-element-136fb1f2 elementor-widget elementor-widget-thim-ekits-page-title\" data-id=\"136fb1f2\" data-element_type=\"widget\" data-widget_type=\"thim-ekits-page-title.default\">\n\t\t\t\t<div class=\"elementor-widget-container\">\n\t\t\t\t\t<div class=\"thim-ekit-page-title\">\n\t\t<h1 class=\"page-title\">Archivos<\/h1>\t\t<\/div>\n\t\t\t\t<\/div>\n\t\t\t\t<\/div>\n\t\t\t\t\t<\/div>\n\t\t\t\t<\/div>\n\t\t<div class=\"elementor-element elementor-element-1eabd386 e-flex e-con-boxed e-con e-parent\" data-id=\"1eabd386\" data-element_type=\"container\">\n\t\t\t\t\t<div class=\"e-con-inner\">\n\t\t\t\t<div class=\"elementor-element elementor-element-2066cabf elementor-widget elementor-widget-thim-ekits-breadcrumb\" data-id=\"2066cabf\" data-element_type=\"widget\" data-widget_type=\"thim-ekits-breadcrumb.default\">\n\t\t\t\t<div class=\"elementor-widget-container\">\n\t\t\t\n\t\t\t<div class=\"thim-ekit-breadcrumb\">\n\n\t\t\t\tHome\n\t\t\t<\/div>\n\n\t\t\t\t\t<\/div>\n\t\t\t\t<\/div>\n\t\t\t\t\t<\/div>\n\t\t\t\t<\/div>\n\t\t\t\t<section class=\"elementor-section elementor-top-section elementor-element elementor-element-bb659d6 elementor-section-boxed elementor-section-height-default elementor-section-height-default\" data-id=\"bb659d6\" data-element_type=\"section\">\n\t\t\t\t\t\t<div class=\"elementor-container elementor-column-gap-extended\">\n\t\t\t\t\t<div class=\"elementor-column elementor-col-50 elementor-top-column elementor-element elementor-element-90f001a\" data-id=\"90f001a\" data-element_type=\"column\">\n\t\t\t<div class=\"elementor-widget-wrap elementor-element-populated\">\n\t\t\t\t\t\t<div class=\"elementor-element elementor-element-f5de698 elementor-widget elementor-widget-toolset-form\" data-id=\"f5de698\" data-element_type=\"widget\" data-widget_type=\"toolset-form.default\">\n\t\t\t\t<div class=\"elementor-widget-container\">\n\t\t\t<form  id=\"cred_user_form_58572_1_1\" class=\"cred-user-form cred-keep-original\" action=\"\/es\/wp-json\/wp\/v2\/pages\/16941?_tt=1776496895\" data-form=\"{&quot;form_id&quot;:&quot;cred_user_form_58572_1_1&quot;,&quot;use_ajax&quot;:&quot;0&quot;,&quot;wpv_page&quot;:1}\" data-conditionals=\"[]\" method=\"post\">\r\n\t<div class=\"form-group\">\r\n\t\t<label for=\"cred_user_form_58572_1_1_user_login\">Nombre de usuario<\/label>\r\n\t\t<div class=\"js-wpt-field-items js-wpt-repetitive wpt-repetitive\" data-initial-conditional=\"\" data-item_name=\"textfield-user_login\">\r\n<input type=\"text\" id=\"cred_user_form_58572_1_1_user_login\" name=\"user_login\" value=\"\" preset_value=\"\" urlparam=\"\" make_readonly=\"\" max_width=\"\" max_height=\"\" class=\"form-control wpt-form-textfield form-textfield textfield\" output=\"bootstrap\" placeholder=\"\" data-wpt-validate=\"{&quot;username&quot;:{&quot;args&quot;:{&quot;1&quot;:true},&quot;message&quot;:&quot;The username can only contain alphanumeric characters, spaces, -, _, . or @&quot;},&quot;required&quot;:{&quot;args&quot;:{&quot;1&quot;:true},&quot;message&quot;:&quot;This field is required&quot;}}\" data-wpt-field-title=\"Nombre de usuario\" data-parsley-required=\"true\" data-parsley-required-message=\"This field is required\" data-parsley-credfilesize=\"1073741824\" data-wpt-type=\"textfield\" data-wpt-id=\"cred_user_form_58572_1_1_cred_user_form_58572_1_1_user_login\" data-wpt-name=\"user_login\" \/>\r\n<\/div>\r\n\t<\/div>\r\n\t<div class=\"form-group\">\r\n\t\t<label for=\"cred_user_form_58572_1_1_user_pass\">Contrase\u00f1a<\/label>\r\n\t\t<div class=\"js-wpt-field-items js-wpt-repetitive wpt-repetitive\" data-initial-conditional=\"\" data-item_name=\"password-user_pass\">\r\n<input type=\"password\" id=\"cred_user_form_58572_1_1_user_pass\" name=\"user_pass\" value=\"\" preset_value=\"\" urlparam=\"\" make_readonly=\"\" max_width=\"\" max_height=\"\" class=\"form-control wpt-form-password form-password password\" output=\"bootstrap\" placeholder=\"\" data-wpt-validate=\"{&quot;required&quot;:{&quot;args&quot;:{&quot;1&quot;:true},&quot;message&quot;:&quot;This field is required&quot;}}\" data-wpt-field-title=\"Contrase\u00f1a\" data-parsley-required=\"true\" data-parsley-required-message=\"This field is required\" data-parsley-credfilesize=\"1073741824\" data-wpt-type=\"password\" data-wpt-id=\"cred_user_form_58572_1_1_cred_user_form_58572_1_1_user_pass\" data-wpt-name=\"user_pass\" \/>\r\n<\/div>\r\n\t<\/div>\r\n\t<div class=\"form-group\">\r\n\t\t<label for=\"cred_user_form_58572_1_1_user_email\">Correo electr\u00f3nico<\/label>\r\n\t\t<div class=\"js-wpt-field-items js-wpt-repetitive wpt-repetitive\" data-initial-conditional=\"\" data-item_name=\"email-user_email\">\r\n<input type=\"text\" id=\"cred_user_form_58572_1_1_user_email\" name=\"user_email\" value=\"\" preset_value=\"\" urlparam=\"\" make_readonly=\"\" max_width=\"\" max_height=\"\" class=\"form-control wpt-form-textfield form-textfield textfield\" output=\"bootstrap\" placeholder=\"\" data-wpt-validate=\"{&quot;email&quot;:{&quot;args&quot;:{&quot;1&quot;:true},&quot;message&quot;:&quot;Please enter a valid email address&quot;},&quot;required&quot;:{&quot;args&quot;:{&quot;1&quot;:true},&quot;message&quot;:&quot;This field is required&quot;}}\" data-wpt-field-title=\"Email\" data-parsley-type=\"email\" data-parsley-error-message=\"Please enter a valid email address\" data-parsley-required=\"true\" data-parsley-required-message=\"This field is required\" data-parsley-credfilesize=\"1073741824\" data-wpt-type=\"textfield\" data-wpt-id=\"cred_user_form_58572_1_1_cred_user_form_58572_1_1_user_email\" data-wpt-name=\"user_email\" \/>\r\n<\/div>\r\n\t<\/div>\r\n\t<div id=\"wpt-form-message-58572\"\n\t\t\t              data-message-single=\"The user was not saved because of the following problem:\"\n\t\t\t              data-message-plural=\"The user was not saved because of the following %NN problems:\"\n\t\t\t              style=\"display:none;\" class=\"wpt-top-form-error wpt-form-error wpt-form-error-wrapper alert alert-danger alert alert-warning\"><\/div>\r\n\t<div class=\"js-wpt-field-items js-wpt-repetitive wpt-repetitive\" data-initial-conditional=\"\" data-item_name=\"recaptcha-recaptcha\"><div id=\"recaptcha_cred_user_form_58572_1_1_recaptcha\" class=\"g-recaptcha\" data-sitekey=\"6LfuqbcpAAAAAD5vKBdHbqbbU8a4Lh4vUxMHb2w2\"><\/div><div class=\"recaptcha_error\" style=\"color:#aa0000;display:none;\">Valide el reCAPTCHA<\/div>\r\n\r\n<input type=\"text\" id=\"cred_user_form_58572_1_1__recaptcha\" name=\"_recaptcha\" value=\"\" style=\"display:none;\" class=\"wpt-form-textfield form-textfield textfield\" data-wpt-type=\"textfield\" data-wpt-id=\"cred_user_form_58572_1_1_cred_user_form_58572_1_1__recaptcha\" data-wpt-name=\"_recaptcha\" \/>\r\n<\/div>\r\n\t<input type=\"submit\" id=\"cred_user_form_58572_1_1_form_submit_1\" name=\"form_submit_1\" value=\"REG\u00cdSTRATE COMO INFLUENCIADOR Y GANA DINERO A TRAV\u00c9S DE REFERIDOS\" class=\"wpt-form-submit form-submit submit wpt-form-submit form-submit submit\" \/>\r\n<input type=\"hidden\" id=\"cred_user_form_58572_1_1__cred_cred_prefix_cred_container_id\" name=\"_cred_cred_prefix_cred_container_id\" value=\"16941\" class=\"wpt-form-hidden form-hidden\" data-wpt-id=\"cred_user_form_58572_1_1_cred_user_form_58572_1_1__cred_cred_prefix_cred_container_id\" data-wpt-name=\"_cred_cred_prefix_cred_container_id\" \/><input type=\"hidden\" id=\"cred_user_form_58572_1_1__cred_cred_prefix_form_id\" name=\"_cred_cred_prefix_form_id\" value=\"58572\" class=\"wpt-form-hidden form-hidden\" data-wpt-id=\"cred_user_form_58572_1_1_cred_user_form_58572_1_1__cred_cred_prefix_form_id\" data-wpt-name=\"_cred_cred_prefix_form_id\" \/><input type=\"hidden\" id=\"cred_user_form_58572_1_1__cred_cred_prefix_form_count\" name=\"_cred_cred_prefix_form_count\" value=\"1\" class=\"wpt-form-hidden form-hidden\" data-wpt-id=\"cred_user_form_58572_1_1_cred_user_form_58572_1_1__cred_cred_prefix_form_count\" data-wpt-name=\"_cred_cred_prefix_form_count\" \/><\/form>\t\t<\/div>\n\t\t\t\t<\/div>\n\t\t\t\t\t<\/div>\n\t\t<\/div>\n\t\t\t\t<div class=\"elementor-column elementor-col-50 elementor-top-column elementor-element elementor-element-d647b8b\" data-id=\"d647b8b\" data-element_type=\"column\">\n\t\t\t<div class=\"elementor-widget-wrap elementor-element-populated\">\n\t\t\t\t\t\t<div class=\"elementor-element elementor-element-90b7ca2 thim-ekits-heading-text-left elementor-widget thim-ekits-heading elementor-widget-thim-heading\" data-id=\"90b7ca2\" data-element_type=\"widget\" data-widget_type=\"thim-heading.default\">\n\t\t\t\t<div class=\"elementor-widget-container\">\n\t\t\t<div class=\"sc_heading text-left\"><h3 class=\"title\">Eleva tu influencia  <span class=\"thim-color\">con Unigrant.com<\/span><\/h3><div class=\"sub-heading\"><p>\u00danete a nuestra comunidad de agentes de cambio<\/p>\n<\/div><span class=\"line\"><\/span><\/div>\t\t<\/div>\n\t\t\t\t<\/div>\n\t\t\t\t<div class=\"elementor-element elementor-element-db7ddbc elementor-widget elementor-widget-text-editor\" data-id=\"db7ddbc\" data-element_type=\"widget\" data-widget_type=\"text-editor.default\">\n\t\t\t\t<div class=\"elementor-widget-container\">\n\t\t\t\t\t\t\t<p>Como influencer, tu voz tiene el poder de moldear futuros. Unigrant.com te invita a ampliar tu impacto m\u00e1s all\u00e1 de los l\u00edmites tradicionales asoci\u00e1ndote con nosotros. Al referir a estudiantes potenciales para que persigan sus sue\u00f1os educativos en Australia, no solo te conviertes en un puente hacia sus aspiraciones, sino que tambi\u00e9n desbloqueas nuevas v\u00edas para tu propio crecimiento y ganancias. \u00danete a nosotros en la transformaci\u00f3n de vidas conectando a los estudiantes con instituciones educativas de primer nivel en Australia y comienza a beneficiarte de cada referencia exitosa.<\/p>\n<p><strong>Una asociaci\u00f3n que recompensa<\/strong><\/p>\n<p>Nuestra plataforma est\u00e1 dise\u00f1ada para enriquecer tu viaje como influencer. Con Unigrant.com, el seguimiento del progreso de tus referencias es transparente. Tendr\u00e1s acceso en tiempo real al estado de las aplicaciones de los estudiantes, desde el inter\u00e9s inicial hasta la inscripci\u00f3n exitosa. Esta transparencia no solo te permite monitorear tu impacto, sino tambi\u00e9n optimizar tu estrategia de referencia. Por cada estudiante que inicie su viaje educativo a trav\u00e9s de tu referencia, ganar\u00e1s una comisi\u00f3n, lo que hace que la experiencia sea gratificante tanto para ti como para tu audiencia.<\/p>\n<p><strong>Convierte tu influencia en impacto<\/strong><\/p>\n<p>Tu plataforma tiene el poder de informar, inspirar y guiar. Al asociarte con Unigrant.com, estar\u00e1s proporcionando a tus seguidores oportunidades invaluables para estudiar en Australia, conocido por su sistema educativo de alta calidad y su vibrante vida estudiantil. Tu influencia puede desmitificar el proceso de aplicaci\u00f3n, alentar a los estudiantes indecisos a dar el salto y proporcionar un camino confiable hacia prestigiosas instituciones educativas australianas a trav\u00e9s de Unigrant.<\/p>\n<p><strong>\u00danete a nuestra comunidad de agentes de cambio<\/strong><\/p>\n<p>Convertirse en un influencer de Unigrant es m\u00e1s que ganar; se trata de crear un legado de cambio y oportunidad. Estamos buscando personas apasionadas que est\u00e9n listas para hacer una diferencia en la vida de los estudiantes en todo el mundo. Si crees en el poder de la educaci\u00f3n y est\u00e1s listo para inspirar a tu audiencia a perseguir sus sue\u00f1os acad\u00e9micos y profesionales en Australia, te invitamos a unirte a nuestra red. Colaboremos para hacer que la educaci\u00f3n sea accesible y convertir las aspiraciones en realidad.<\/p>\n\t\t\t\t\t\t<\/div>\n\t\t\t\t<\/div>\n\t\t\t\t\t<\/div>\n\t\t<\/div>\n\t\t\t\t\t<\/div>\n\t\t<\/section>\n\t\t\t\t<\/div>\n\t\t","protected":false},"excerpt":{"rendered":"<p>Archives Home Username Password Repeat Password Email Nickname First name Last name Biographical info Submit This is the preview of the \u00abRegister Influencers\u00bb Form. Registro de Influencers Ya est\u00e1s registrado. Cierra la sesi\u00f3n si quieres crear una nueva cuenta como Influencer en Unigrant. Eleva tu influencia con Unigrant.com \u00danete a &hellip; <\/p>\n","protected":false},"author":2,"featured_media":0,"parent":0,"menu_order":0,"comment_status":"closed","ping_status":"closed","template":"elementor_header_footer","meta":{"_joinchat":[],"footnotes":""},"class_list":["post-16941","page","type-page","status-publish","hentry"],"yoast_head":"<!-- This site is optimized with the Yoast SEO plugin v24.0 - https:\/\/yoast.com\/wordpress\/plugins\/seo\/ -->\n<title>Registro de Influencers - Unigrant<\/title>\n<meta name=\"robots\" content=\"index, follow, max-snippet:-1, max-image-preview:large, max-video-preview:-1\" \/>\n<link rel=\"canonical\" href=\"https:\/\/unigrant.com\/es\/registro-de-influencers\/\" \/>\n<meta property=\"og:locale\" content=\"es_ES\" \/>\n<meta property=\"og:type\" content=\"article\" \/>\n<meta property=\"og:title\" content=\"Registro de Influencers - Unigrant\" \/>\n<meta property=\"og:description\" content=\"Archives Home Username Password Repeat Password Email Nickname First name Last name Biographical info Submit This is the preview of the \u00abRegister Influencers\u00bb Form. Registro de Influencers Ya est\u00e1s registrado. Cierra la sesi\u00f3n si quieres crear una nueva cuenta como Influencer en Unigrant. Eleva tu influencia con Unigrant.com \u00danete a &hellip;\" \/>\n<meta property=\"og:url\" content=\"https:\/\/unigrant.com\/es\/registro-de-influencers\/\" \/>\n<meta property=\"og:site_name\" content=\"Unigrant\" \/>\n<meta property=\"article:modified_time\" content=\"2025-03-28T09:52:20+00:00\" \/>\n<meta name=\"twitter:card\" content=\"summary_large_image\" \/>\n<meta name=\"twitter:site\" content=\"@unigrantx\" \/>\n<meta name=\"twitter:label1\" content=\"Tiempo de lectura\" \/>\n\t<meta name=\"twitter:data1\" content=\"2 minutos\" \/>\n<script type=\"application\/ld+json\" class=\"yoast-schema-graph\">{\"@context\":\"https:\/\/schema.org\",\"@graph\":[{\"@type\":\"WebPage\",\"@id\":\"https:\/\/unigrant.com\/es\/registro-de-influencers\/\",\"url\":\"https:\/\/unigrant.com\/es\/registro-de-influencers\/\",\"name\":\"Registro de Influencers - Unigrant\",\"isPartOf\":{\"@id\":\"https:\/\/unigrant.com\/es\/#website\"},\"datePublished\":\"2024-04-03T07:28:40+00:00\",\"dateModified\":\"2025-03-28T09:52:20+00:00\",\"breadcrumb\":{\"@id\":\"https:\/\/unigrant.com\/es\/registro-de-influencers\/#breadcrumb\"},\"inLanguage\":\"es\",\"potentialAction\":[{\"@type\":\"ReadAction\",\"target\":[\"https:\/\/unigrant.com\/es\/registro-de-influencers\/\"]}]},{\"@type\":\"BreadcrumbList\",\"@id\":\"https:\/\/unigrant.com\/es\/registro-de-influencers\/#breadcrumb\",\"itemListElement\":[{\"@type\":\"ListItem\",\"position\":1,\"name\":\"Home\",\"item\":\"https:\/\/unigrant.com\/es\/\"},{\"@type\":\"ListItem\",\"position\":2,\"name\":\"Registro de Influencers\"}]},{\"@type\":\"WebSite\",\"@id\":\"https:\/\/unigrant.com\/es\/#website\",\"url\":\"https:\/\/unigrant.com\/es\/\",\"name\":\"Unigrant\",\"description\":\"Emprende un Viaje de Excelencia Acad\u00e9mica y Aventura\",\"publisher\":{\"@id\":\"https:\/\/unigrant.com\/es\/#organization\"},\"potentialAction\":[{\"@type\":\"SearchAction\",\"target\":{\"@type\":\"EntryPoint\",\"urlTemplate\":\"https:\/\/unigrant.com\/es\/?s={search_term_string}\"},\"query-input\":{\"@type\":\"PropertyValueSpecification\",\"valueRequired\":true,\"valueName\":\"search_term_string\"}}],\"inLanguage\":\"es\"},{\"@type\":\"Organization\",\"@id\":\"https:\/\/unigrant.com\/es\/#organization\",\"name\":\"Unigrant\",\"url\":\"https:\/\/unigrant.com\/es\/\",\"logo\":{\"@type\":\"ImageObject\",\"inLanguage\":\"es\",\"@id\":\"https:\/\/unigrant.com\/es\/#\/schema\/logo\/image\/\",\"url\":\"https:\/\/unigrant.com\/wp-content\/uploads\/2023\/11\/logo-unigrant.350x100.png\",\"contentUrl\":\"https:\/\/unigrant.com\/wp-content\/uploads\/2023\/11\/logo-unigrant.350x100.png\",\"width\":350,\"height\":100,\"caption\":\"Unigrant\"},\"image\":{\"@id\":\"https:\/\/unigrant.com\/es\/#\/schema\/logo\/image\/\"},\"sameAs\":[\"https:\/\/x.com\/unigrantx\",\"https:\/\/www.instagram.com\/unigrantcom\/\",\"https:\/\/www.tiktok.com\/@unigrant\"]}]}<\/script>\n<!-- \/ Yoast SEO plugin. -->","yoast_head_json":{"title":"Registro de Influencers - Unigrant","robots":{"index":"index","follow":"follow","max-snippet":"max-snippet:-1","max-image-preview":"max-image-preview:large","max-video-preview":"max-video-preview:-1"},"canonical":"https:\/\/unigrant.com\/es\/registro-de-influencers\/","og_locale":"es_ES","og_type":"article","og_title":"Registro de Influencers - Unigrant","og_description":"Archives Home Username Password Repeat Password Email Nickname First name Last name Biographical info Submit This is the preview of the \u00abRegister Influencers\u00bb Form. Registro de Influencers Ya est\u00e1s registrado. Cierra la sesi\u00f3n si quieres crear una nueva cuenta como Influencer en Unigrant. Eleva tu influencia con Unigrant.com \u00danete a &hellip;","og_url":"https:\/\/unigrant.com\/es\/registro-de-influencers\/","og_site_name":"Unigrant","article_modified_time":"2025-03-28T09:52:20+00:00","twitter_card":"summary_large_image","twitter_site":"@unigrantx","twitter_misc":{"Tiempo de lectura":"2 minutos"},"schema":{"@context":"https:\/\/schema.org","@graph":[{"@type":"WebPage","@id":"https:\/\/unigrant.com\/es\/registro-de-influencers\/","url":"https:\/\/unigrant.com\/es\/registro-de-influencers\/","name":"Registro de Influencers - Unigrant","isPartOf":{"@id":"https:\/\/unigrant.com\/es\/#website"},"datePublished":"2024-04-03T07:28:40+00:00","dateModified":"2025-03-28T09:52:20+00:00","breadcrumb":{"@id":"https:\/\/unigrant.com\/es\/registro-de-influencers\/#breadcrumb"},"inLanguage":"es","potentialAction":[{"@type":"ReadAction","target":["https:\/\/unigrant.com\/es\/registro-de-influencers\/"]}]},{"@type":"BreadcrumbList","@id":"https:\/\/unigrant.com\/es\/registro-de-influencers\/#breadcrumb","itemListElement":[{"@type":"ListItem","position":1,"name":"Home","item":"https:\/\/unigrant.com\/es\/"},{"@type":"ListItem","position":2,"name":"Registro de Influencers"}]},{"@type":"WebSite","@id":"https:\/\/unigrant.com\/es\/#website","url":"https:\/\/unigrant.com\/es\/","name":"Unigrant","description":"Emprende un Viaje de Excelencia Acad\u00e9mica y Aventura","publisher":{"@id":"https:\/\/unigrant.com\/es\/#organization"},"potentialAction":[{"@type":"SearchAction","target":{"@type":"EntryPoint","urlTemplate":"https:\/\/unigrant.com\/es\/?s={search_term_string}"},"query-input":{"@type":"PropertyValueSpecification","valueRequired":true,"valueName":"search_term_string"}}],"inLanguage":"es"},{"@type":"Organization","@id":"https:\/\/unigrant.com\/es\/#organization","name":"Unigrant","url":"https:\/\/unigrant.com\/es\/","logo":{"@type":"ImageObject","inLanguage":"es","@id":"https:\/\/unigrant.com\/es\/#\/schema\/logo\/image\/","url":"https:\/\/unigrant.com\/wp-content\/uploads\/2023\/11\/logo-unigrant.350x100.png","contentUrl":"https:\/\/unigrant.com\/wp-content\/uploads\/2023\/11\/logo-unigrant.350x100.png","width":350,"height":100,"caption":"Unigrant"},"image":{"@id":"https:\/\/unigrant.com\/es\/#\/schema\/logo\/image\/"},"sameAs":["https:\/\/x.com\/unigrantx","https:\/\/www.instagram.com\/unigrantcom\/","https:\/\/www.tiktok.com\/@unigrant"]}]}},"_links":{"self":[{"href":"https:\/\/unigrant.com\/es\/wp-json\/wp\/v2\/pages\/16941","targetHints":{"allow":["GET"]}}],"collection":[{"href":"https:\/\/unigrant.com\/es\/wp-json\/wp\/v2\/pages"}],"about":[{"href":"https:\/\/unigrant.com\/es\/wp-json\/wp\/v2\/types\/page"}],"author":[{"embeddable":true,"href":"https:\/\/unigrant.com\/es\/wp-json\/wp\/v2\/users\/2"}],"replies":[{"embeddable":true,"href":"https:\/\/unigrant.com\/es\/wp-json\/wp\/v2\/comments?post=16941"}],"version-history":[{"count":0,"href":"https:\/\/unigrant.com\/es\/wp-json\/wp\/v2\/pages\/16941\/revisions"}],"wp:attachment":[{"href":"https:\/\/unigrant.com\/es\/wp-json\/wp\/v2\/media?parent=16941"}],"curies":[{"name":"wp","href":"https:\/\/api.w.org\/{rel}","templated":true}]}}