{"id":16947,"date":"2024-04-03T07:30:04","date_gmt":"2024-04-03T07:30:04","guid":{"rendered":"https:\/\/unigrant.com\/sponsors-register\/"},"modified":"2025-04-02T10:14:46","modified_gmt":"2025-04-02T10:14:46","slug":"registro-de-sponsors","status":"publish","type":"page","link":"https:\/\/unigrant.com\/es\/registro-de-sponsors\/","title":{"rendered":"Registro de Sponsors"},"content":{"rendered":"\t\t<div data-elementor-type=\"wp-post\" data-elementor-id=\"16947\" class=\"elementor elementor-16947 elementor-16899\" data-elementor-post-type=\"page\">\n\t\t\t\t<div class=\"elementor-element elementor-element-fe44dd3 e-flex e-con-boxed e-con e-parent\" data-id=\"fe44dd3\" data-element_type=\"container\" data-settings=\"{&quot;background_background&quot;:&quot;classic&quot;}\">\n\t\t\t\t\t<div class=\"e-con-inner\">\n\t\t\t\t<div class=\"elementor-element elementor-element-2eb63ce elementor-widget elementor-widget-thim-ekits-page-title\" data-id=\"2eb63ce\" data-element_type=\"widget\" data-widget_type=\"thim-ekits-page-title.default\">\n\t\t\t\t<div class=\"elementor-widget-container\">\n\t\t\t\t\t<div class=\"thim-ekit-page-title\">\n\t\t<h1 class=\"page-title\">Archivos<\/h1>\t\t<\/div>\n\t\t\t\t<\/div>\n\t\t\t\t<\/div>\n\t\t\t\t\t<\/div>\n\t\t\t\t<\/div>\n\t\t<div class=\"elementor-element elementor-element-02c0255 e-flex e-con-boxed e-con e-parent\" data-id=\"02c0255\" data-element_type=\"container\">\n\t\t\t\t\t<div class=\"e-con-inner\">\n\t\t\t\t<div class=\"elementor-element elementor-element-2adfc65 elementor-widget elementor-widget-thim-ekits-breadcrumb\" data-id=\"2adfc65\" data-element_type=\"widget\" data-widget_type=\"thim-ekits-breadcrumb.default\">\n\t\t\t\t<div class=\"elementor-widget-container\">\n\t\t\t\n\t\t\t<div class=\"thim-ekit-breadcrumb\">\n\n\t\t\t\tHome\n\t\t\t<\/div>\n\n\t\t\t\t\t<\/div>\n\t\t\t\t<\/div>\n\t\t\t\t\t<\/div>\n\t\t\t\t<\/div>\n\t\t\t\t<section class=\"elementor-section elementor-top-section elementor-element elementor-element-2482687 elementor-section-boxed elementor-section-height-default elementor-section-height-default\" data-id=\"2482687\" data-element_type=\"section\">\n\t\t\t\t\t\t<div class=\"elementor-container elementor-column-gap-extended\">\n\t\t\t\t\t<div class=\"elementor-column elementor-col-50 elementor-top-column elementor-element elementor-element-acc3f7f\" data-id=\"acc3f7f\" data-element_type=\"column\">\n\t\t\t<div class=\"elementor-widget-wrap elementor-element-populated\">\n\t\t\t\t\t\t<div class=\"elementor-element elementor-element-8424565 elementor-widget elementor-widget-html\" data-id=\"8424565\" data-element_type=\"widget\" data-widget_type=\"html.default\">\n\t\t\t\t<div class=\"elementor-widget-container\">\n\t\t\t<form  id=\"cred_user_form_58570_1_1\" class=\"cred-user-form cred-keep-original\" action=\"\/es\/wp-json\/wp\/v2\/pages\/16947?_tt=1776496927\" data-form=\"{&quot;form_id&quot;:&quot;cred_user_form_58570_1_1&quot;,&quot;use_ajax&quot;:&quot;0&quot;,&quot;wpv_page&quot;:1}\" data-conditionals=\"[]\" method=\"post\">\r\n\t<div class=\"form-group\">\r\n\t\t<label for=\"cred_user_form_58570_1_1_user_login\">Username<\/label>\r\n\t\t<div class=\"js-wpt-field-items js-wpt-repetitive wpt-repetitive\" data-initial-conditional=\"\" data-item_name=\"textfield-user_login\">\r\n<input type=\"text\" id=\"cred_user_form_58570_1_1_user_login\" name=\"user_login\" value=\"\" preset_value=\"\" urlparam=\"\" make_readonly=\"\" max_width=\"\" max_height=\"\" class=\"form-control wpt-form-textfield form-textfield textfield\" output=\"bootstrap\" placeholder=\"\" data-wpt-validate=\"{&quot;username&quot;:{&quot;args&quot;:{&quot;1&quot;:true},&quot;message&quot;:&quot;The username can only contain alphanumeric characters, spaces, -, _, . or @&quot;},&quot;required&quot;:{&quot;args&quot;:{&quot;1&quot;:true},&quot;message&quot;:&quot;This field is required&quot;}}\" data-wpt-field-title=\"Nombre de usuario\" data-parsley-required=\"true\" data-parsley-required-message=\"This field is required\" data-parsley-credfilesize=\"1073741824\" data-wpt-type=\"textfield\" data-wpt-id=\"cred_user_form_58570_1_1_cred_user_form_58570_1_1_user_login\" data-wpt-name=\"user_login\" \/>\r\n<\/div>\r\n\t<\/div>\r\n\t<div class=\"form-group\">\r\n\t\t<label for=\"cred_user_form_58570_1_1_user_pass\">Password<\/label>\r\n\t\t<div class=\"js-wpt-field-items js-wpt-repetitive wpt-repetitive\" data-initial-conditional=\"\" data-item_name=\"password-user_pass\">\r\n<input type=\"password\" id=\"cred_user_form_58570_1_1_user_pass\" name=\"user_pass\" value=\"\" preset_value=\"\" urlparam=\"\" make_readonly=\"\" max_width=\"\" max_height=\"\" class=\"form-control wpt-form-password form-password password\" output=\"bootstrap\" placeholder=\"\" data-wpt-validate=\"{&quot;required&quot;:{&quot;args&quot;:{&quot;1&quot;:true},&quot;message&quot;:&quot;This field is required&quot;}}\" data-wpt-field-title=\"Contrase\u00f1a\" data-parsley-required=\"true\" data-parsley-required-message=\"This field is required\" data-parsley-credfilesize=\"1073741824\" data-wpt-type=\"password\" data-wpt-id=\"cred_user_form_58570_1_1_cred_user_form_58570_1_1_user_pass\" data-wpt-name=\"user_pass\" \/>\r\n<\/div>\r\n\t<\/div>\r\n\t<div class=\"form-group\">\r\n\t\t<label for=\"cred_user_form_58570_1_1_user_email\">Email<\/label>\r\n\t\t<div class=\"js-wpt-field-items js-wpt-repetitive wpt-repetitive\" data-initial-conditional=\"\" data-item_name=\"email-user_email\">\r\n<input type=\"text\" id=\"cred_user_form_58570_1_1_user_email\" name=\"user_email\" value=\"\" preset_value=\"\" urlparam=\"\" make_readonly=\"\" max_width=\"\" max_height=\"\" class=\"form-control wpt-form-textfield form-textfield textfield\" output=\"bootstrap\" placeholder=\"\" data-wpt-validate=\"{&quot;email&quot;:{&quot;args&quot;:{&quot;1&quot;:true},&quot;message&quot;:&quot;Please enter a valid email address&quot;},&quot;required&quot;:{&quot;args&quot;:{&quot;1&quot;:true},&quot;message&quot;:&quot;This field is required&quot;}}\" data-wpt-field-title=\"Email\" data-parsley-type=\"email\" data-parsley-error-message=\"Please enter a valid email address\" data-parsley-required=\"true\" data-parsley-required-message=\"This field is required\" data-parsley-credfilesize=\"1073741824\" data-wpt-type=\"textfield\" data-wpt-id=\"cred_user_form_58570_1_1_cred_user_form_58570_1_1_user_email\" data-wpt-name=\"user_email\" \/>\r\n<\/div>\r\n\t<\/div>\r\n\t<div id=\"wpt-form-message-58570\"\n\t\t\t              data-message-single=\"The user was not saved because of the following problem:\"\n\t\t\t              data-message-plural=\"The user was not saved because of the following %NN problems:\"\n\t\t\t              style=\"display:none;\" class=\"wpt-top-form-error wpt-form-error wpt-form-error-wrapper alert alert-danger alert alert-warning\"><\/div>\r\n\t<div class=\"js-wpt-field-items js-wpt-repetitive wpt-repetitive\" data-initial-conditional=\"\" data-item_name=\"recaptcha-recaptcha\"><div id=\"recaptcha_cred_user_form_58570_1_1_recaptcha\" class=\"g-recaptcha\" data-sitekey=\"6LfuqbcpAAAAAD5vKBdHbqbbU8a4Lh4vUxMHb2w2\"><\/div><div class=\"recaptcha_error\" style=\"color:#aa0000;display:none;\">Valide el reCAPTCHA<\/div>\r\n\r\n<input type=\"text\" id=\"cred_user_form_58570_1_1__recaptcha\" name=\"_recaptcha\" value=\"\" style=\"display:none;\" class=\"wpt-form-textfield form-textfield textfield\" data-wpt-type=\"textfield\" data-wpt-id=\"cred_user_form_58570_1_1_cred_user_form_58570_1_1__recaptcha\" data-wpt-name=\"_recaptcha\" \/>\r\n<\/div>\r\n\t<input type=\"submit\" id=\"cred_user_form_58570_1_1_form_submit_1\" name=\"form_submit_1\" value=\"REG\u00cdSTRATE COMO SPONSOR Y EMPODERA A FUTUROS L\u00cdDERES\" class=\"wpt-form-submit form-submit submit wpt-form-submit form-submit submit\" \/>\r\n<input type=\"hidden\" id=\"cred_user_form_58570_1_1__cred_cred_prefix_cred_container_id\" name=\"_cred_cred_prefix_cred_container_id\" value=\"16947\" class=\"wpt-form-hidden form-hidden\" data-wpt-id=\"cred_user_form_58570_1_1_cred_user_form_58570_1_1__cred_cred_prefix_cred_container_id\" data-wpt-name=\"_cred_cred_prefix_cred_container_id\" \/><input type=\"hidden\" id=\"cred_user_form_58570_1_1__cred_cred_prefix_form_id\" name=\"_cred_cred_prefix_form_id\" value=\"58570\" class=\"wpt-form-hidden form-hidden\" data-wpt-id=\"cred_user_form_58570_1_1_cred_user_form_58570_1_1__cred_cred_prefix_form_id\" data-wpt-name=\"_cred_cred_prefix_form_id\" \/><input type=\"hidden\" id=\"cred_user_form_58570_1_1__cred_cred_prefix_form_count\" name=\"_cred_cred_prefix_form_count\" value=\"1\" class=\"wpt-form-hidden form-hidden\" data-wpt-id=\"cred_user_form_58570_1_1_cred_user_form_58570_1_1__cred_cred_prefix_form_count\" data-wpt-name=\"_cred_cred_prefix_form_count\" \/><\/form>\t\t<\/div>\n\t\t\t\t<\/div>\n\t\t\t\t\t<\/div>\n\t\t<\/div>\n\t\t\t\t<div class=\"elementor-column elementor-col-50 elementor-top-column elementor-element elementor-element-b0d39cc\" data-id=\"b0d39cc\" data-element_type=\"column\">\n\t\t\t<div class=\"elementor-widget-wrap elementor-element-populated\">\n\t\t\t\t\t\t<div class=\"elementor-element elementor-element-76fda43 thim-ekits-heading-text-left elementor-widget thim-ekits-heading elementor-widget-thim-heading\" data-id=\"76fda43\" data-element_type=\"widget\" data-widget_type=\"thim-heading.default\">\n\t\t\t\t<div class=\"elementor-widget-container\">\n\t\t\t<div class=\"sc_heading text-left\"><h3 class=\"title\">Empoderar a los L\u00edderes del Futuro  <span class=\"thim-color\">con Unigrant.com<\/span><\/h3><div class=\"sub-heading\"><p>\u00danete a nuestra comunidad de agentes de cambio<\/p>\n<\/div><span class=\"line\"><\/span><\/div>\t\t<\/div>\n\t\t\t\t<\/div>\n\t\t\t\t<div class=\"elementor-element elementor-element-7a03cca elementor-widget elementor-widget-text-editor\" data-id=\"7a03cca\" data-element_type=\"widget\" data-widget_type=\"text-editor.default\">\n\t\t\t\t<div class=\"elementor-widget-container\">\n\t\t\t\t\t\t\t<p>En Unigrant.com, creemos en el poder de la educaci\u00f3n para transformar vidas. Nos dirigimos a visionarios y fil\u00e1ntropos que comparten nuestra creencia para unirse a nuestra plataforma y patrocinar a estudiantes con registros acad\u00e9micos excepcionales que necesitan apoyo financiero para estudiar en el extranjero en Australia. Tu patrocinio puede iluminar el camino para la pr\u00f3xima generaci\u00f3n de l\u00edderes, innovadores y pensadores, permiti\u00e9ndoles alcanzar sus sue\u00f1os y tener un impacto significativo en el mundo.<\/p>\n<p><strong>Una Conexi\u00f3n Sin Esfuerzo con Mentes Aspirantes<\/strong><\/p>\n<p>Nuestra plataforma proporciona un proceso intuitivo y transparente para que los patrocinadores se conecten con estudiantes merecedores. Al registrarte en Unigrant.com, obtienes acceso a una lista curada de estudiantes que no solo han sobresalido acad\u00e9micamente, sino que tambi\u00e9n han mostrado una pasi\u00f3n notable por sus campos de estudio. Podr\u00e1s rastrear el n\u00famero de estudiantes que respaldas y seguir el progreso de sus aplicaciones, siendo testigo de primera mano de la diferencia que hace tu apoyo en su viaje educativo.<\/p>\n<p><strong>Transformar Vidas y Fomentar el Cambio Global<\/strong><\/p>\n<p>Como patrocinador en Unigrant.com, no solo est\u00e1s financiando la educaci\u00f3n de un estudiante; est\u00e1s invirtiendo en su potencial para contribuir a soluciones e innovaciones globales. Tu apoyo elimina barreras financieras, permitiendo a estas mentes brillantes perseguir sus estudios en Australia, conocida por su sistema educativo de clase mundial y comunidad acad\u00e9mica diversa. Esta es tu oportunidad de jugar un papel fundamental en la formaci\u00f3n del futuro de nuestra sociedad global.<\/p>\n<p><strong>\u00danete a nuestra comunidad de agentes de cambio<\/strong><\/p>\n<p>Te invitamos a formar parte de la estimada red de patrocinadores de Unigrant.com, una comunidad dedicada a hacer la educaci\u00f3n accesible y a nutrir el talento que impulsar\u00e1 los avances del ma\u00f1ana. Juntos, podemos crear un legado de oportunidad y logro. Reg\u00edstrate ahora para comenzar tu viaje como un contribuyente clave a la excelencia educativa global y ser testigo del crecimiento de los estudiantes cuyas vidas has elegido enriquecer.<\/p>\n\t\t\t\t\t\t<\/div>\n\t\t\t\t<\/div>\n\t\t\t\t\t<\/div>\n\t\t<\/div>\n\t\t\t\t\t<\/div>\n\t\t<\/section>\n\t\t\t\t<\/div>\n\t\t","protected":false},"excerpt":{"rendered":"<p>Archives Home Registro de Sponsors Ya est\u00e1s registrado. Cierra sesi\u00f3n si quieres registrar una nueva cuenta de Sponsor en Unigrant. Empoderar a los L\u00edderes del Futuro con Unigrant.com \u00danete a nuestra comunidad de agentes de cambio En Unigrant.com, creemos en el poder de la educaci\u00f3n para transformar vidas. Nos dirigimos &hellip; <\/p>\n","protected":false},"author":2,"featured_media":0,"parent":0,"menu_order":0,"comment_status":"closed","ping_status":"closed","template":"elementor_header_footer","meta":{"_joinchat":[],"footnotes":""},"class_list":["post-16947","page","type-page","status-publish","hentry"],"yoast_head":"<!-- This site is optimized with the Yoast SEO plugin v24.0 - https:\/\/yoast.com\/wordpress\/plugins\/seo\/ -->\n<title>Registro de Sponsors - Unigrant<\/title>\n<meta name=\"robots\" content=\"index, follow, max-snippet:-1, max-image-preview:large, max-video-preview:-1\" \/>\n<link rel=\"canonical\" href=\"https:\/\/unigrant.com\/es\/registro-de-sponsors\/\" \/>\n<meta property=\"og:locale\" content=\"es_ES\" \/>\n<meta property=\"og:type\" content=\"article\" \/>\n<meta property=\"og:title\" content=\"Registro de Sponsors - Unigrant\" \/>\n<meta property=\"og:description\" content=\"Archives Home Registro de Sponsors Ya est\u00e1s registrado. Cierra sesi\u00f3n si quieres registrar una nueva cuenta de Sponsor en Unigrant. Empoderar a los L\u00edderes del Futuro con Unigrant.com \u00danete a nuestra comunidad de agentes de cambio En Unigrant.com, creemos en el poder de la educaci\u00f3n para transformar vidas. Nos dirigimos &hellip;\" \/>\n<meta property=\"og:url\" content=\"https:\/\/unigrant.com\/es\/registro-de-sponsors\/\" \/>\n<meta property=\"og:site_name\" content=\"Unigrant\" \/>\n<meta property=\"article:modified_time\" content=\"2025-04-02T10:14:46+00:00\" \/>\n<meta name=\"twitter:card\" content=\"summary_large_image\" \/>\n<meta name=\"twitter:site\" content=\"@unigrantx\" \/>\n<meta name=\"twitter:label1\" content=\"Tiempo de lectura\" \/>\n\t<meta name=\"twitter:data1\" content=\"2 minutos\" \/>\n<script type=\"application\/ld+json\" class=\"yoast-schema-graph\">{\"@context\":\"https:\/\/schema.org\",\"@graph\":[{\"@type\":\"WebPage\",\"@id\":\"https:\/\/unigrant.com\/es\/registro-de-sponsors\/\",\"url\":\"https:\/\/unigrant.com\/es\/registro-de-sponsors\/\",\"name\":\"Registro de Sponsors - Unigrant\",\"isPartOf\":{\"@id\":\"https:\/\/unigrant.com\/es\/#website\"},\"datePublished\":\"2024-04-03T07:30:04+00:00\",\"dateModified\":\"2025-04-02T10:14:46+00:00\",\"breadcrumb\":{\"@id\":\"https:\/\/unigrant.com\/es\/registro-de-sponsors\/#breadcrumb\"},\"inLanguage\":\"es\",\"potentialAction\":[{\"@type\":\"ReadAction\",\"target\":[\"https:\/\/unigrant.com\/es\/registro-de-sponsors\/\"]}]},{\"@type\":\"BreadcrumbList\",\"@id\":\"https:\/\/unigrant.com\/es\/registro-de-sponsors\/#breadcrumb\",\"itemListElement\":[{\"@type\":\"ListItem\",\"position\":1,\"name\":\"Home\",\"item\":\"https:\/\/unigrant.com\/es\/\"},{\"@type\":\"ListItem\",\"position\":2,\"name\":\"Registro de Sponsors\"}]},{\"@type\":\"WebSite\",\"@id\":\"https:\/\/unigrant.com\/es\/#website\",\"url\":\"https:\/\/unigrant.com\/es\/\",\"name\":\"Unigrant\",\"description\":\"Emprende un Viaje de Excelencia Acad\u00e9mica y Aventura\",\"publisher\":{\"@id\":\"https:\/\/unigrant.com\/es\/#organization\"},\"potentialAction\":[{\"@type\":\"SearchAction\",\"target\":{\"@type\":\"EntryPoint\",\"urlTemplate\":\"https:\/\/unigrant.com\/es\/?s={search_term_string}\"},\"query-input\":{\"@type\":\"PropertyValueSpecification\",\"valueRequired\":true,\"valueName\":\"search_term_string\"}}],\"inLanguage\":\"es\"},{\"@type\":\"Organization\",\"@id\":\"https:\/\/unigrant.com\/es\/#organization\",\"name\":\"Unigrant\",\"url\":\"https:\/\/unigrant.com\/es\/\",\"logo\":{\"@type\":\"ImageObject\",\"inLanguage\":\"es\",\"@id\":\"https:\/\/unigrant.com\/es\/#\/schema\/logo\/image\/\",\"url\":\"https:\/\/unigrant.com\/wp-content\/uploads\/2023\/11\/logo-unigrant.350x100.png\",\"contentUrl\":\"https:\/\/unigrant.com\/wp-content\/uploads\/2023\/11\/logo-unigrant.350x100.png\",\"width\":350,\"height\":100,\"caption\":\"Unigrant\"},\"image\":{\"@id\":\"https:\/\/unigrant.com\/es\/#\/schema\/logo\/image\/\"},\"sameAs\":[\"https:\/\/x.com\/unigrantx\",\"https:\/\/www.instagram.com\/unigrantcom\/\",\"https:\/\/www.tiktok.com\/@unigrant\"]}]}<\/script>\n<!-- \/ Yoast SEO plugin. -->","yoast_head_json":{"title":"Registro de Sponsors - Unigrant","robots":{"index":"index","follow":"follow","max-snippet":"max-snippet:-1","max-image-preview":"max-image-preview:large","max-video-preview":"max-video-preview:-1"},"canonical":"https:\/\/unigrant.com\/es\/registro-de-sponsors\/","og_locale":"es_ES","og_type":"article","og_title":"Registro de Sponsors - Unigrant","og_description":"Archives Home Registro de Sponsors Ya est\u00e1s registrado. Cierra sesi\u00f3n si quieres registrar una nueva cuenta de Sponsor en Unigrant. Empoderar a los L\u00edderes del Futuro con Unigrant.com \u00danete a nuestra comunidad de agentes de cambio En Unigrant.com, creemos en el poder de la educaci\u00f3n para transformar vidas. Nos dirigimos &hellip;","og_url":"https:\/\/unigrant.com\/es\/registro-de-sponsors\/","og_site_name":"Unigrant","article_modified_time":"2025-04-02T10:14:46+00:00","twitter_card":"summary_large_image","twitter_site":"@unigrantx","twitter_misc":{"Tiempo de lectura":"2 minutos"},"schema":{"@context":"https:\/\/schema.org","@graph":[{"@type":"WebPage","@id":"https:\/\/unigrant.com\/es\/registro-de-sponsors\/","url":"https:\/\/unigrant.com\/es\/registro-de-sponsors\/","name":"Registro de Sponsors - Unigrant","isPartOf":{"@id":"https:\/\/unigrant.com\/es\/#website"},"datePublished":"2024-04-03T07:30:04+00:00","dateModified":"2025-04-02T10:14:46+00:00","breadcrumb":{"@id":"https:\/\/unigrant.com\/es\/registro-de-sponsors\/#breadcrumb"},"inLanguage":"es","potentialAction":[{"@type":"ReadAction","target":["https:\/\/unigrant.com\/es\/registro-de-sponsors\/"]}]},{"@type":"BreadcrumbList","@id":"https:\/\/unigrant.com\/es\/registro-de-sponsors\/#breadcrumb","itemListElement":[{"@type":"ListItem","position":1,"name":"Home","item":"https:\/\/unigrant.com\/es\/"},{"@type":"ListItem","position":2,"name":"Registro de Sponsors"}]},{"@type":"WebSite","@id":"https:\/\/unigrant.com\/es\/#website","url":"https:\/\/unigrant.com\/es\/","name":"Unigrant","description":"Emprende un Viaje de Excelencia Acad\u00e9mica y Aventura","publisher":{"@id":"https:\/\/unigrant.com\/es\/#organization"},"potentialAction":[{"@type":"SearchAction","target":{"@type":"EntryPoint","urlTemplate":"https:\/\/unigrant.com\/es\/?s={search_term_string}"},"query-input":{"@type":"PropertyValueSpecification","valueRequired":true,"valueName":"search_term_string"}}],"inLanguage":"es"},{"@type":"Organization","@id":"https:\/\/unigrant.com\/es\/#organization","name":"Unigrant","url":"https:\/\/unigrant.com\/es\/","logo":{"@type":"ImageObject","inLanguage":"es","@id":"https:\/\/unigrant.com\/es\/#\/schema\/logo\/image\/","url":"https:\/\/unigrant.com\/wp-content\/uploads\/2023\/11\/logo-unigrant.350x100.png","contentUrl":"https:\/\/unigrant.com\/wp-content\/uploads\/2023\/11\/logo-unigrant.350x100.png","width":350,"height":100,"caption":"Unigrant"},"image":{"@id":"https:\/\/unigrant.com\/es\/#\/schema\/logo\/image\/"},"sameAs":["https:\/\/x.com\/unigrantx","https:\/\/www.instagram.com\/unigrantcom\/","https:\/\/www.tiktok.com\/@unigrant"]}]}},"_links":{"self":[{"href":"https:\/\/unigrant.com\/es\/wp-json\/wp\/v2\/pages\/16947","targetHints":{"allow":["GET"]}}],"collection":[{"href":"https:\/\/unigrant.com\/es\/wp-json\/wp\/v2\/pages"}],"about":[{"href":"https:\/\/unigrant.com\/es\/wp-json\/wp\/v2\/types\/page"}],"author":[{"embeddable":true,"href":"https:\/\/unigrant.com\/es\/wp-json\/wp\/v2\/users\/2"}],"replies":[{"embeddable":true,"href":"https:\/\/unigrant.com\/es\/wp-json\/wp\/v2\/comments?post=16947"}],"version-history":[{"count":0,"href":"https:\/\/unigrant.com\/es\/wp-json\/wp\/v2\/pages\/16947\/revisions"}],"wp:attachment":[{"href":"https:\/\/unigrant.com\/es\/wp-json\/wp\/v2\/media?parent=16947"}],"curies":[{"name":"wp","href":"https:\/\/api.w.org\/{rel}","templated":true}]}}