{"id":14333,"date":"2015-11-18T08:34:00","date_gmt":"2015-11-18T08:34:00","guid":{"rendered":"https:\/\/unigrant.com\/a-propos-de-nous\/"},"modified":"2024-05-06T09:12:37","modified_gmt":"2024-05-06T09:12:37","slug":"a-propos-de-nous","status":"publish","type":"page","link":"https:\/\/unigrant.com\/fr\/a-propos-de-nous\/","title":{"rendered":"\u00c0 propos de nous"},"content":{"rendered":"\t\t<div data-elementor-type=\"wp-post\" data-elementor-id=\"14333\" class=\"elementor elementor-14333 elementor-2901\" data-elementor-post-type=\"page\">\n\t\t\t\t\t\t<section class=\"elementor-section elementor-top-section elementor-element elementor-element-2dcaafb elementor-section-stretched elementor-section-height-min-height elementor-hidden-mobile elementor-section-boxed elementor-section-height-default elementor-section-items-middle\" data-id=\"2dcaafb\" data-element_type=\"section\" data-settings=\"{&quot;stretch_section&quot;:&quot;section-stretched&quot;,&quot;background_background&quot;:&quot;video&quot;,&quot;background_video_link&quot;:&quot;https:\\\/\\\/youtu.be\\\/dYZU1Fs6om0&quot;}\">\n\t\t\t\t\t\t\t\t<div class=\"elementor-background-video-container elementor-hidden-phone\">\n\t\t\t\t\t\t\t\t\t\t\t\t\t<div class=\"elementor-background-video-embed\"><\/div>\n\t\t\t\t\t\t\t\t\t\t\t\t<\/div>\n\t\t\t\t\t\t\t\t\t<div class=\"elementor-background-overlay\"><\/div>\n\t\t\t\t\t\t\t<div class=\"elementor-container elementor-column-gap-custom\">\n\t\t\t\t\t<div class=\"elementor-column elementor-col-100 elementor-top-column elementor-element elementor-element-ca71433\" data-id=\"ca71433\" data-element_type=\"column\">\n\t\t\t<div class=\"elementor-widget-wrap elementor-element-populated\">\n\t\t\t\t\t\t<div class=\"elementor-element elementor-element-5335f96 elementor-widget thim-ekits-heading elementor-widget-thim-heading\" data-id=\"5335f96\" data-element_type=\"widget\" data-widget_type=\"thim-heading.default\">\n\t\t\t\t<div class=\"elementor-widget-container\">\n\t\t\t<div class=\"sc_heading\"><h2 class=\"title\">\u00c0 propos  <span class=\"thim-color\">de nous!<\/span><\/h2><div class=\"sub-heading\"><p>Notre mission est d'ouvrir sans effort aux \u00e9tudiants du monde entier les portes de la vie et de l'exp\u00e9rience universitaires australiennes, en garantissant un processus de candidature amusant et fluide et une aventure acad\u00e9mique inoubliable en Australie!<\/p>\n<\/div><\/div>\t\t<\/div>\n\t\t\t\t<\/div>\n\t\t\t\t\t<\/div>\n\t\t<\/div>\n\t\t\t\t\t<\/div>\n\t\t<\/section>\n\t\t\t\t<section class=\"elementor-section elementor-top-section elementor-element elementor-element-2e44933 elementor-section-stretched elementor-section-height-min-height elementor-hidden-desktop elementor-hidden-tablet elementor-section-boxed elementor-section-height-default elementor-section-items-middle\" data-id=\"2e44933\" data-element_type=\"section\" data-settings=\"{&quot;stretch_section&quot;:&quot;section-stretched&quot;,&quot;background_background&quot;:&quot;video&quot;,&quot;background_video_link&quot;:&quot;https:\\\/\\\/youtu.be\\\/dYZU1Fs6om0&quot;,&quot;background_play_on_mobile&quot;:&quot;yes&quot;}\">\n\t\t\t\t\t\t\t\t<div class=\"elementor-background-video-container\">\n\t\t\t\t\t\t\t\t\t\t\t\t\t<div class=\"elementor-background-video-embed\"><\/div>\n\t\t\t\t\t\t\t\t\t\t\t\t<\/div>\n\t\t\t\t\t\t\t\t\t<div class=\"elementor-background-overlay\"><\/div>\n\t\t\t\t\t\t\t<div class=\"elementor-container elementor-column-gap-custom\">\n\t\t\t\t\t<div class=\"elementor-column elementor-col-100 elementor-top-column elementor-element elementor-element-17d0edb\" data-id=\"17d0edb\" data-element_type=\"column\">\n\t\t\t<div class=\"elementor-widget-wrap elementor-element-populated\">\n\t\t\t\t\t\t<div class=\"elementor-element elementor-element-29bd042 elementor-widget thim-ekits-heading elementor-widget-thim-heading\" data-id=\"29bd042\" data-element_type=\"widget\" data-widget_type=\"thim-heading.default\">\n\t\t\t\t<div class=\"elementor-widget-container\">\n\t\t\t<div class=\"sc_heading\"><h2 class=\"title\">\u00c0 propos  <span class=\"thim-color\">de nous!<\/span><\/h2><div class=\"sub-heading\"><p>Notre mission est d'ouvrir sans effort aux \u00e9tudiants du monde entier les portes de la vie et de l'exp\u00e9rience universitaires australiennes, en garantissant un processus de candidature amusant et fluide et une aventure acad\u00e9mique inoubliable en Australie!<\/p>\n<\/div><\/div>\t\t<\/div>\n\t\t\t\t<\/div>\n\t\t\t\t\t<\/div>\n\t\t<\/div>\n\t\t\t\t\t<\/div>\n\t\t<\/section>\n\t\t\t\t<section class=\"elementor-section elementor-top-section elementor-element elementor-element-dbdef59 elementor-section-stretched elementor-section-boxed elementor-section-height-default elementor-section-height-default\" data-id=\"dbdef59\" data-element_type=\"section\" data-settings=\"{&quot;stretch_section&quot;:&quot;section-stretched&quot;,&quot;background_background&quot;:&quot;classic&quot;}\">\n\t\t\t\t\t\t<div class=\"elementor-container elementor-column-gap-default\">\n\t\t\t\t\t<div class=\"elementor-column elementor-col-100 elementor-top-column elementor-element elementor-element-7a78582\" data-id=\"7a78582\" data-element_type=\"column\">\n\t\t\t<div class=\"elementor-widget-wrap elementor-element-populated\">\n\t\t\t\t\t\t<div class=\"elementor-element elementor-element-de2c6d7 thim-ekits-heading-text-center elementor-widget thim-ekits-heading elementor-widget-thim-heading\" data-id=\"de2c6d7\" data-element_type=\"widget\" data-widget_type=\"thim-heading.default\">\n\t\t\t\t<div class=\"elementor-widget-container\">\n\t\t\t<div class=\"sc_heading text-center\"><h2 class=\"title\">Qu'est-ce qui nous rend sp\u00e9ciaux? <\/h2><div class=\"sub-heading\"><\/div><\/div>\t\t<\/div>\n\t\t\t\t<\/div>\n\t\t\t\t\t<\/div>\n\t\t<\/div>\n\t\t\t\t\t<\/div>\n\t\t<\/section>\n\t\t\t\t<section class=\"elementor-section elementor-top-section elementor-element elementor-element-2774d67 elementor-section-stretched elementor-section-boxed elementor-section-height-default elementor-section-height-default\" data-id=\"2774d67\" data-element_type=\"section\" data-settings=\"{&quot;stretch_section&quot;:&quot;section-stretched&quot;,&quot;background_background&quot;:&quot;classic&quot;}\">\n\t\t\t\t\t\t<div class=\"elementor-container elementor-column-gap-default\">\n\t\t\t\t\t<div class=\"elementor-column elementor-col-50 elementor-top-column elementor-element elementor-element-550e34f\" data-id=\"550e34f\" data-element_type=\"column\">\n\t\t\t<div class=\"elementor-widget-wrap elementor-element-populated\">\n\t\t\t\t\t\t<div class=\"elementor-element elementor-element-6c1b89e elementor-widget elementor-widget-image\" data-id=\"6c1b89e\" data-element_type=\"widget\" data-widget_type=\"image.default\">\n\t\t\t\t<div class=\"elementor-widget-container\">\n\t\t\t\t\t\t\t\t\t\t\t\t\t<img fetchpriority=\"high\" decoding=\"async\" width=\"575\" height=\"575\" src=\"https:\/\/unigrant.com\/wp-content\/uploads\/2024\/01\/FotoLinkedinNicoColl3.png\" class=\"attachment-large size-large wp-image-15788\" alt=\"\" srcset=\"https:\/\/unigrant.com\/wp-content\/uploads\/2024\/01\/FotoLinkedinNicoColl3.png 575w, https:\/\/unigrant.com\/wp-content\/uploads\/2024\/01\/FotoLinkedinNicoColl3-300x300.png 300w, https:\/\/unigrant.com\/wp-content\/uploads\/2024\/01\/FotoLinkedinNicoColl3-150x150.png 150w, https:\/\/unigrant.com\/wp-content\/uploads\/2024\/01\/FotoLinkedinNicoColl3-100x100.png 100w\" sizes=\"(max-width: 575px) 100vw, 575px\" \/>\t\t\t\t\t\t\t\t\t\t\t\t\t<\/div>\n\t\t\t\t<\/div>\n\t\t\t\t<div class=\"elementor-element elementor-element-4e9deaf elementor-widget elementor-widget-heading\" data-id=\"4e9deaf\" data-element_type=\"widget\" data-widget_type=\"heading.default\">\n\t\t\t\t<div class=\"elementor-widget-container\">\n\t\t\t<h2 class=\"elementor-heading-title elementor-size-default\">Nico Coll - Co-Fondateur<\/h2>\t\t<\/div>\n\t\t\t\t<\/div>\n\t\t\t\t<div class=\"elementor-element elementor-element-58f45e5 elementor-widget elementor-widget-text-editor\" data-id=\"58f45e5\" data-element_type=\"widget\" data-widget_type=\"text-editor.default\">\n\t\t\t\t<div class=\"elementor-widget-container\">\n\t\t\t\t\t\t\t<p>Bonjour, je m&rsquo;appelle Nico Coll, l&rsquo;un des visages sympathiques derri\u00e8re Unigrant. Je suis n\u00e9 et j&rsquo;ai grandi dans la belle ville de Barcelone et j&rsquo;ai toujours eu une passion pour l&rsquo;exploration du monde.<\/p>\n<p>Mon parcours acad\u00e9mique est aussi diversifi\u00e9 que mes int\u00e9r\u00eats : j&rsquo;ai \u00e9tudi\u00e9 dans un lyc\u00e9e fran\u00e7ais \u00e0 Barcelone puis apr\u00e8s, pour am\u00e9liorer mon anglais, j&rsquo;ai fini les \u00e9tudes lyc\u00e9ens en Irlande.<\/p>\n<p>Apr\u00e8s le lyc\u00e9e, mon amour pour les voyages, les \u00e9tudes \u00e0 l&rsquo;\u00e9tranger, le surf et l&rsquo;immersion dans de nouvelles cultures m&rsquo;ont conduit en Australie pour mes \u00e9tudes sup\u00e9rieures.<\/p>\n<p>C&rsquo;est mon aventure personnelle de d\u00e9couverte et d&rsquo;apprentissage dans diff\u00e9rents coins du monde qui alimente mon enthousiasme \u00e0 aider les autres \u00e0 se lancer dans leur propre voyage acad\u00e9mique unique en Australie.<\/p>\n<p>Mon exp\u00e9rience ne concerne pas seulement l&rsquo;\u00e9ducation ; Il s&rsquo;agit d&rsquo;accepter de nouvelles exp\u00e9riences et de se connecter avec des cultures diverses, et je suis ravi de vous aider \u00e0 faire de m\u00eame! Je suis actuellement en troisi\u00e8me ann\u00e9e et termine mon baccalaur\u00e9at en g\u00e9nie logiciel \u00e0 l&rsquo;Universit\u00e9 Curtin.<\/p>\n\t\t\t\t\t\t<\/div>\n\t\t\t\t<\/div>\n\t\t\t\t\t<\/div>\n\t\t<\/div>\n\t\t\t\t<div class=\"elementor-column elementor-col-50 elementor-top-column elementor-element elementor-element-2404513\" data-id=\"2404513\" data-element_type=\"column\">\n\t\t\t<div class=\"elementor-widget-wrap elementor-element-populated\">\n\t\t\t\t\t\t<div class=\"elementor-element elementor-element-85a32b7 elementor-widget elementor-widget-image\" data-id=\"85a32b7\" data-element_type=\"widget\" data-widget_type=\"image.default\">\n\t\t\t\t<div class=\"elementor-widget-container\">\n\t\t\t\t\t\t\t\t\t\t\t\t\t<img decoding=\"async\" width=\"640\" height=\"640\" src=\"https:\/\/unigrant.com\/wp-content\/uploads\/2024\/02\/Unigrant-BenjiColl-1024x1024.jpg\" class=\"attachment-large size-large wp-image-16604\" alt=\"\" srcset=\"https:\/\/unigrant.com\/wp-content\/uploads\/2024\/02\/Unigrant-BenjiColl-1024x1024.jpg 1024w, https:\/\/unigrant.com\/wp-content\/uploads\/2024\/02\/Unigrant-BenjiColl-300x300.jpg 300w, https:\/\/unigrant.com\/wp-content\/uploads\/2024\/02\/Unigrant-BenjiColl-150x150.jpg 150w, https:\/\/unigrant.com\/wp-content\/uploads\/2024\/02\/Unigrant-BenjiColl-768x768.jpg 768w, https:\/\/unigrant.com\/wp-content\/uploads\/2024\/02\/Unigrant-BenjiColl-600x600.jpg 600w, https:\/\/unigrant.com\/wp-content\/uploads\/2024\/02\/Unigrant-BenjiColl-100x100.jpg 100w, https:\/\/unigrant.com\/wp-content\/uploads\/2024\/02\/Unigrant-BenjiColl.jpg 1200w\" sizes=\"(max-width: 640px) 100vw, 640px\" \/>\t\t\t\t\t\t\t\t\t\t\t\t\t<\/div>\n\t\t\t\t<\/div>\n\t\t\t\t<div class=\"elementor-element elementor-element-4252de6 elementor-widget elementor-widget-heading\" data-id=\"4252de6\" data-element_type=\"widget\" data-widget_type=\"heading.default\">\n\t\t\t\t<div class=\"elementor-widget-container\">\n\t\t\t<h2 class=\"elementor-heading-title elementor-size-default\">Benji Coll - Co-Fondateur<\/h2>\t\t<\/div>\n\t\t\t\t<\/div>\n\t\t\t\t<div class=\"elementor-element elementor-element-7b10f4d elementor-widget elementor-widget-text-editor\" data-id=\"7b10f4d\" data-element_type=\"widget\" data-widget_type=\"text-editor.default\">\n\t\t\t\t<div class=\"elementor-widget-container\">\n\t\t\t\t\t\t\t<p>Salut! Je m&rsquo;appelle Benji Coll, actuellement je profite du soleil et je plonge dans mes \u00e9tudes en Australie. J&rsquo;\u00e9tudie de l&rsquo;Informatique l&rsquo;Universit\u00e9 de Curtin, et je ne pourrais pas \u00eatre plus content.<\/p>\n<p>J&rsquo;ai un faible pour les nouvelles exp\u00e9riences. J&rsquo;ai fr\u00e9quent\u00e9 une \u00e9cole fran\u00e7aise jusqu&rsquo;\u00e0 l&rsquo;\u00e2ge de 15 ans, quand j&rsquo;ai d\u00e9cid\u00e9 de me lancer dans une nouvelle aventure loin de ma ville natale, Barcelone, et de terminer mes \u00e9tudes en Irlande (Dublin).<\/p>\n<p>Avant de commencer ma carri\u00e8re universitaire, mon esprit aventureux m&rsquo;a emmen\u00e9 en Nouvelle-Z\u00e9lande. L\u00e0-bas, j&rsquo;ai commenc\u00e9 \u00e0 nouveau, cherchant une exp\u00e9rience de travail et construisant une vie \u00e0 partir de z\u00e9ro. Cette phase de ma vie a approfondi mon appr\u00e9ciation pour les nouveaux d\u00e9parts et les d\u00e9fis qu&rsquo;ils apportent.<\/p>\n<p>Aider a toujours \u00e9t\u00e9 ma passion, et Unigrant est tout simplement l&rsquo;endroit parfait pour aider les \u00e9tudiants de mon \u00e2ge \u00e0 vivre leurs r\u00eaves, en le rendant possible de mani\u00e8re cool.<\/p>\n<p>L&rsquo;universit\u00e9, ce n&rsquo;est pas seulement l&rsquo;acad\u00e9mique ; c&rsquo;est \u00e0 propos de nouvelles exp\u00e9riences, de rencontrer des gens et de profiter des tournants incroyables du voyage.<\/p>\n\t\t\t\t\t\t<\/div>\n\t\t\t\t<\/div>\n\t\t\t\t\t<\/div>\n\t\t<\/div>\n\t\t\t\t\t<\/div>\n\t\t<\/section>\n\t\t\t\t<section class=\"elementor-section elementor-top-section elementor-element elementor-element-bf7eb5c elementor-section-stretched elementor-section-boxed elementor-section-height-default elementor-section-height-default\" data-id=\"bf7eb5c\" data-element_type=\"section\" data-settings=\"{&quot;stretch_section&quot;:&quot;section-stretched&quot;,&quot;background_background&quot;:&quot;classic&quot;}\">\n\t\t\t\t\t\t\t<div class=\"elementor-background-overlay\"><\/div>\n\t\t\t\t\t\t\t<div class=\"elementor-container elementor-column-gap-custom\">\n\t\t\t\t\t<div class=\"elementor-column elementor-col-100 elementor-top-column elementor-element elementor-element-e1455ca\" data-id=\"e1455ca\" data-element_type=\"column\">\n\t\t\t<div class=\"elementor-widget-wrap elementor-element-populated\">\n\t\t\t\t\t\t<div class=\"elementor-element elementor-element-7993244 iconbox-text-center elementor-widget elementor-widget-thim-icon-box\" data-id=\"7993244\" data-element_type=\"widget\" data-widget_type=\"thim-icon-box.default\">\n\t\t\t\t<div class=\"elementor-widget-container\">\n\t\t\t<div class=\"thim-widget-icon-box\"><div class=\"wrapper-box-icon has_custom_image text-center \"><div class=\"smicon-box iconbox-top\"><div class=\"boxes-icon\"><span class=\"inner-icon\"><span class=\"icon icon-images\"><img decoding=\"async\" src=\"https:\/\/unigrant.com\/wp-content\/uploads\/2023\/11\/imagotipo-unigrant-tr.png\" alt=\"imagotipo-unigrant-tr\" title=\"imagotipo-unigrant-tr\"  width=\"1000\" height=\"1000\"><\/span><\/span><\/div><div class=\"content-inner\"><div class=\"sc-heading\"><h3 class=\"heading__primary\">Pourquoi unigrant?<\/h3><\/div><div class=\"desc-icon-box\"><div class=\"desc-content\"> <\/div><\/div><\/div><\/div><\/div><\/div>\t\t<\/div>\n\t\t\t\t<\/div>\n\t\t\t\t<div class=\"elementor-element elementor-element-8cc3d91 elementor-widget elementor-widget-text-editor\" data-id=\"8cc3d91\" data-element_type=\"widget\" data-widget_type=\"text-editor.default\">\n\t\t\t\t<div class=\"elementor-widget-container\">\n\t\t\t\t\t\t\t<p>Nous, Benji et Nico, avons fond\u00e9 Unigrant en nous inspirant de notre exp\u00e9rience et des histoires de nos amis internationaux rencontr\u00e9s en Australie.<\/p>\n<p>Nous avons commenc\u00e9 ce voyage comme vous tous, \u00e9tudiants r\u00eavant d&rsquo;\u00e9tudier en Australie et confront\u00e9s \u00e0 des proc\u00e9dures de visa fastidieuses et \u00e0 des candidatures universitaires confuses.<\/p>\n<p>Ces d\u00e9fis, associ\u00e9s au fait d&rsquo;entendre parler des luttes similaires de nos amis et du soutien inad\u00e9quat des autres agences, nous ont motiv\u00e9s \u00e0 faire quelque chose de diff\u00e9rent.<\/p>\n<p>C&rsquo;est pourquoi nous avons cr\u00e9\u00e9 Unigrant, pour rendre votre voyage d&rsquo;\u00e9tudes en Australie fluide, agr\u00e9able et sans stress. Nous sommes l\u00e0 pour vous guider \u00e0 chaque \u00e9tape du processus, transformant ce qui peut \u00eatre un processus intimidant en une aventure passionnante.<\/p>\n<p>Bienvenue dans la famille Unigrant! Ici, votre r\u00eave d\u2019\u00e9tudier en Australie n\u2019est pas simplement une autre candidature ; C&rsquo;est un voyage que nous entreprenons ensemble, avec soin et compr\u00e9hension \u00e0 chaque \u00e9tape.<\/p>\t\t\t\t\t\t<\/div>\n\t\t\t\t<\/div>\n\t\t\t\t\t<\/div>\n\t\t<\/div>\n\t\t\t\t\t<\/div>\n\t\t<\/section>\n\t\t\t\t<\/div>\n\t\t","protected":false},"excerpt":{"rendered":"<p>Notre mission est d&rsquo;ouvrir sans effort aux \u00e9tudiants du monde entier les portes de la vie et de l&rsquo;exp\u00e9rience universitaires australiennes, en garantissant un processus de candidature amusant et fluide et une aventure acad\u00e9mique inoubliable en Australie!<\/p>\n","protected":false},"author":1,"featured_media":0,"parent":0,"menu_order":0,"comment_status":"closed","ping_status":"closed","template":"elementor_header_footer","meta":{"_joinchat":[],"footnotes":""},"class_list":["post-14333","page","type-page","status-publish","hentry"],"yoast_head":"<!-- This site is optimized with the Yoast SEO plugin v24.0 - https:\/\/yoast.com\/wordpress\/plugins\/seo\/ -->\n<title>\u00c0 propos de nous - Unigrant<\/title>\n<meta name=\"robots\" content=\"index, follow, max-snippet:-1, max-image-preview:large, max-video-preview:-1\" \/>\n<link rel=\"canonical\" href=\"https:\/\/unigrant.com\/fr\/a-propos-de-nous\/\" \/>\n<meta property=\"og:locale\" content=\"fr_FR\" \/>\n<meta property=\"og:type\" content=\"article\" \/>\n<meta property=\"og:title\" content=\"\u00c0 propos de nous - Unigrant\" \/>\n<meta property=\"og:description\" content=\"Notre mission est d&#039;ouvrir sans effort aux \u00e9tudiants du monde entier les portes de la vie et de l&#039;exp\u00e9rience universitaires australiennes, en garantissant un processus de candidature amusant et fluide et une aventure acad\u00e9mique inoubliable en Australie!\" \/>\n<meta property=\"og:url\" content=\"https:\/\/unigrant.com\/fr\/a-propos-de-nous\/\" \/>\n<meta property=\"og:site_name\" content=\"Unigrant\" \/>\n<meta property=\"article:modified_time\" content=\"2024-05-06T09:12:37+00:00\" \/>\n<meta property=\"og:image\" content=\"https:\/\/unigrant.com\/wp-content\/uploads\/2024\/01\/FotoLinkedinNicoColl3.png\" \/>\n<meta name=\"twitter:card\" content=\"summary_large_image\" \/>\n<meta name=\"twitter:site\" content=\"@unigrantx\" \/>\n<meta name=\"twitter:label1\" content=\"Dur\u00e9e de lecture estim\u00e9e\" \/>\n\t<meta name=\"twitter:data1\" content=\"3 minutes\" \/>\n<script type=\"application\/ld+json\" class=\"yoast-schema-graph\">{\"@context\":\"https:\/\/schema.org\",\"@graph\":[{\"@type\":\"WebPage\",\"@id\":\"https:\/\/unigrant.com\/fr\/a-propos-de-nous\/\",\"url\":\"https:\/\/unigrant.com\/fr\/a-propos-de-nous\/\",\"name\":\"\u00c0 propos de nous - Unigrant\",\"isPartOf\":{\"@id\":\"https:\/\/unigrant.com\/fr\/#website\"},\"primaryImageOfPage\":{\"@id\":\"https:\/\/unigrant.com\/fr\/a-propos-de-nous\/#primaryimage\"},\"image\":{\"@id\":\"https:\/\/unigrant.com\/fr\/a-propos-de-nous\/#primaryimage\"},\"thumbnailUrl\":\"https:\/\/unigrant.com\/wp-content\/uploads\/2024\/01\/FotoLinkedinNicoColl3.png\",\"datePublished\":\"2015-11-18T08:34:00+00:00\",\"dateModified\":\"2024-05-06T09:12:37+00:00\",\"breadcrumb\":{\"@id\":\"https:\/\/unigrant.com\/fr\/a-propos-de-nous\/#breadcrumb\"},\"inLanguage\":\"fr-FR\",\"potentialAction\":[{\"@type\":\"ReadAction\",\"target\":[\"https:\/\/unigrant.com\/fr\/a-propos-de-nous\/\"]}]},{\"@type\":\"ImageObject\",\"inLanguage\":\"fr-FR\",\"@id\":\"https:\/\/unigrant.com\/fr\/a-propos-de-nous\/#primaryimage\",\"url\":\"https:\/\/unigrant.com\/wp-content\/uploads\/2024\/01\/FotoLinkedinNicoColl3.png\",\"contentUrl\":\"https:\/\/unigrant.com\/wp-content\/uploads\/2024\/01\/FotoLinkedinNicoColl3.png\"},{\"@type\":\"BreadcrumbList\",\"@id\":\"https:\/\/unigrant.com\/fr\/a-propos-de-nous\/#breadcrumb\",\"itemListElement\":[{\"@type\":\"ListItem\",\"position\":1,\"name\":\"Home\",\"item\":\"https:\/\/unigrant.com\/fr\/\"},{\"@type\":\"ListItem\",\"position\":2,\"name\":\"\u00c0 propos de nous\"}]},{\"@type\":\"WebSite\",\"@id\":\"https:\/\/unigrant.com\/fr\/#website\",\"url\":\"https:\/\/unigrant.com\/fr\/\",\"name\":\"Unigrant\",\"description\":\"Entamez un Voyage d'Excellence Acad\u00e9mique et d'Aventure\",\"publisher\":{\"@id\":\"https:\/\/unigrant.com\/fr\/#organization\"},\"potentialAction\":[{\"@type\":\"SearchAction\",\"target\":{\"@type\":\"EntryPoint\",\"urlTemplate\":\"https:\/\/unigrant.com\/fr\/?s={search_term_string}\"},\"query-input\":{\"@type\":\"PropertyValueSpecification\",\"valueRequired\":true,\"valueName\":\"search_term_string\"}}],\"inLanguage\":\"fr-FR\"},{\"@type\":\"Organization\",\"@id\":\"https:\/\/unigrant.com\/fr\/#organization\",\"name\":\"Unigrant\",\"url\":\"https:\/\/unigrant.com\/fr\/\",\"logo\":{\"@type\":\"ImageObject\",\"inLanguage\":\"fr-FR\",\"@id\":\"https:\/\/unigrant.com\/fr\/#\/schema\/logo\/image\/\",\"url\":\"https:\/\/unigrant.com\/wp-content\/uploads\/2023\/11\/logo-unigrant.350x100.png\",\"contentUrl\":\"https:\/\/unigrant.com\/wp-content\/uploads\/2023\/11\/logo-unigrant.350x100.png\",\"width\":350,\"height\":100,\"caption\":\"Unigrant\"},\"image\":{\"@id\":\"https:\/\/unigrant.com\/fr\/#\/schema\/logo\/image\/\"},\"sameAs\":[\"https:\/\/x.com\/unigrantx\",\"https:\/\/www.instagram.com\/unigrantcom\/\",\"https:\/\/www.tiktok.com\/@unigrant\"]}]}<\/script>\n<!-- \/ Yoast SEO plugin. -->","yoast_head_json":{"title":"\u00c0 propos de nous - Unigrant","robots":{"index":"index","follow":"follow","max-snippet":"max-snippet:-1","max-image-preview":"max-image-preview:large","max-video-preview":"max-video-preview:-1"},"canonical":"https:\/\/unigrant.com\/fr\/a-propos-de-nous\/","og_locale":"fr_FR","og_type":"article","og_title":"\u00c0 propos de nous - Unigrant","og_description":"Notre mission est d'ouvrir sans effort aux \u00e9tudiants du monde entier les portes de la vie et de l'exp\u00e9rience universitaires australiennes, en garantissant un processus de candidature amusant et fluide et une aventure acad\u00e9mique inoubliable en Australie!","og_url":"https:\/\/unigrant.com\/fr\/a-propos-de-nous\/","og_site_name":"Unigrant","article_modified_time":"2024-05-06T09:12:37+00:00","og_image":[{"url":"https:\/\/unigrant.com\/wp-content\/uploads\/2024\/01\/FotoLinkedinNicoColl3.png","type":"","width":"","height":""}],"twitter_card":"summary_large_image","twitter_site":"@unigrantx","twitter_misc":{"Dur\u00e9e de lecture estim\u00e9e":"3 minutes"},"schema":{"@context":"https:\/\/schema.org","@graph":[{"@type":"WebPage","@id":"https:\/\/unigrant.com\/fr\/a-propos-de-nous\/","url":"https:\/\/unigrant.com\/fr\/a-propos-de-nous\/","name":"\u00c0 propos de nous - Unigrant","isPartOf":{"@id":"https:\/\/unigrant.com\/fr\/#website"},"primaryImageOfPage":{"@id":"https:\/\/unigrant.com\/fr\/a-propos-de-nous\/#primaryimage"},"image":{"@id":"https:\/\/unigrant.com\/fr\/a-propos-de-nous\/#primaryimage"},"thumbnailUrl":"https:\/\/unigrant.com\/wp-content\/uploads\/2024\/01\/FotoLinkedinNicoColl3.png","datePublished":"2015-11-18T08:34:00+00:00","dateModified":"2024-05-06T09:12:37+00:00","breadcrumb":{"@id":"https:\/\/unigrant.com\/fr\/a-propos-de-nous\/#breadcrumb"},"inLanguage":"fr-FR","potentialAction":[{"@type":"ReadAction","target":["https:\/\/unigrant.com\/fr\/a-propos-de-nous\/"]}]},{"@type":"ImageObject","inLanguage":"fr-FR","@id":"https:\/\/unigrant.com\/fr\/a-propos-de-nous\/#primaryimage","url":"https:\/\/unigrant.com\/wp-content\/uploads\/2024\/01\/FotoLinkedinNicoColl3.png","contentUrl":"https:\/\/unigrant.com\/wp-content\/uploads\/2024\/01\/FotoLinkedinNicoColl3.png"},{"@type":"BreadcrumbList","@id":"https:\/\/unigrant.com\/fr\/a-propos-de-nous\/#breadcrumb","itemListElement":[{"@type":"ListItem","position":1,"name":"Home","item":"https:\/\/unigrant.com\/fr\/"},{"@type":"ListItem","position":2,"name":"\u00c0 propos de nous"}]},{"@type":"WebSite","@id":"https:\/\/unigrant.com\/fr\/#website","url":"https:\/\/unigrant.com\/fr\/","name":"Unigrant","description":"Entamez un Voyage d'Excellence Acad\u00e9mique et d'Aventure","publisher":{"@id":"https:\/\/unigrant.com\/fr\/#organization"},"potentialAction":[{"@type":"SearchAction","target":{"@type":"EntryPoint","urlTemplate":"https:\/\/unigrant.com\/fr\/?s={search_term_string}"},"query-input":{"@type":"PropertyValueSpecification","valueRequired":true,"valueName":"search_term_string"}}],"inLanguage":"fr-FR"},{"@type":"Organization","@id":"https:\/\/unigrant.com\/fr\/#organization","name":"Unigrant","url":"https:\/\/unigrant.com\/fr\/","logo":{"@type":"ImageObject","inLanguage":"fr-FR","@id":"https:\/\/unigrant.com\/fr\/#\/schema\/logo\/image\/","url":"https:\/\/unigrant.com\/wp-content\/uploads\/2023\/11\/logo-unigrant.350x100.png","contentUrl":"https:\/\/unigrant.com\/wp-content\/uploads\/2023\/11\/logo-unigrant.350x100.png","width":350,"height":100,"caption":"Unigrant"},"image":{"@id":"https:\/\/unigrant.com\/fr\/#\/schema\/logo\/image\/"},"sameAs":["https:\/\/x.com\/unigrantx","https:\/\/www.instagram.com\/unigrantcom\/","https:\/\/www.tiktok.com\/@unigrant"]}]}},"_links":{"self":[{"href":"https:\/\/unigrant.com\/fr\/wp-json\/wp\/v2\/pages\/14333","targetHints":{"allow":["GET"]}}],"collection":[{"href":"https:\/\/unigrant.com\/fr\/wp-json\/wp\/v2\/pages"}],"about":[{"href":"https:\/\/unigrant.com\/fr\/wp-json\/wp\/v2\/types\/page"}],"author":[{"embeddable":true,"href":"https:\/\/unigrant.com\/fr\/wp-json\/wp\/v2\/users\/1"}],"replies":[{"embeddable":true,"href":"https:\/\/unigrant.com\/fr\/wp-json\/wp\/v2\/comments?post=14333"}],"version-history":[{"count":12,"href":"https:\/\/unigrant.com\/fr\/wp-json\/wp\/v2\/pages\/14333\/revisions"}],"predecessor-version":[{"id":17553,"href":"https:\/\/unigrant.com\/fr\/wp-json\/wp\/v2\/pages\/14333\/revisions\/17553"}],"wp:attachment":[{"href":"https:\/\/unigrant.com\/fr\/wp-json\/wp\/v2\/media?parent=14333"}],"curies":[{"name":"wp","href":"https:\/\/api.w.org\/{rel}","templated":true}]}}