{"id":14379,"date":"2023-10-31T10:14:48","date_gmt":"2023-10-31T10:14:48","guid":{"rendered":"https:\/\/unigrant.com\/politique-de-confidentialite\/"},"modified":"2024-05-06T09:59:54","modified_gmt":"2024-05-06T09:59:54","slug":"politique-de-confidentialite","status":"publish","type":"page","link":"https:\/\/unigrant.com\/fr\/politique-de-confidentialite\/","title":{"rendered":"Politique de confidentialit\u00e9"},"content":{"rendered":"\n<p>Cette politique de confidentialit\u00e9 d\u00e9crit les politiques de NinBenMel Pte.Ltd.<\/p>\n\n<p>Adresse : 11 Irving Place #09-01, Singapour 369551, Singapour, email : ninbenmel@gmail.com , t\u00e9l\u00e9phone : +34.610.433446 sur la collecte, l&rsquo;utilisation et la divulgation de vos informations que nous collectons lorsque vous utilisez notre site Web unigrant.com, le \u00ab\u00a0service\u00a0\u00bb. <\/p>\n\n<p>En acc\u00e9dant ou en utilisant le Service, vous consentez \u00e0 la collecte, \u00e0 l&rsquo;utilisation et \u00e0 la divulgation de vos informations conform\u00e9ment \u00e0 la pr\u00e9sente Politique de confidentialit\u00e9. Si vous n\u2019y consentez pas, veuillez ne pas acc\u00e9der ni utiliser le Service. Politique de confidentialit\u00e9. Si vous n\u2019y consentez pas, veuillez ne pas acc\u00e9der ni utiliser le Service.<\/p>\n\n<p>Nous pouvons modifier cette politique de confidentialit\u00e9 \u00e0 tout moment sans pr\u00e9avis et publierons la politique de confidentialit\u00e9 r\u00e9vis\u00e9e sur le service. La politique r\u00e9vis\u00e9e entrera en vigueur 180 jours \u00e0 compter de la date \u00e0 laquelle la politique r\u00e9vis\u00e9e sera publi\u00e9e dans le service et votre acc\u00e8s continu ou votre utilisation du service apr\u00e8s cette p\u00e9riode constituera votre acceptation de la politique de confidentialit\u00e9 r\u00e9vis\u00e9e. Nous vous recommandons donc de consulter p\u00e9riodiquement cette page.<\/p>\n\n<h2 class=\"wp-block-heading\" style=\"text-transform:none\">Informations que nous collectons<\/h2>\n\n<p>Nous collecterons et traiterons les informations personnelles suivantes vous concernant :<\/p>\n\n<ul class=\"wp-block-list\">\n<li>Nom<\/li>\n\n\n\n<li>E-mail<\/li>\n\n\n\n<li>Mobile<\/li>\n\n\n\n<li>Profil de m\u00e9dias sociaux<\/li>\n\n\n\n<li>Date de naissance<\/li>\n\n\n\n<li>Adresse professionnelle<\/li>\n\n\n\n<li>Information de paiement<\/li>\n<\/ul>\n\n<h2 class=\"wp-block-heading\">Comment nous collectons vos informations<\/h2>\n\n<p>Nous collectons\/recevons des informations vous concernant de la mani\u00e8re suivante :<\/p>\n\n<ul class=\"wp-block-list\">\n<li>Lorsqu&rsquo;un utilisateur remplit le formulaire d&rsquo;inscription ou soumet d&rsquo;une autre mani\u00e8re des informations personnelles<\/li>\n\n\n\n<li>Interagit avec le site Web<\/li>\n\n\n\n<li>De sources publiques<\/li>\n<\/ul>\n\n<h2 class=\"wp-block-heading\">Comment nous utilisons vos informations<\/h2>\n\n<p>Nous utiliserons les informations que nous collectons \u00e0 votre sujet aux fins suivantes.<\/p>\n\n<ul class=\"wp-block-list\">\n<li>Marketing\/Promotion<\/li>\n\n\n\n<li>Cr\u00e9ation d&rsquo;un compte utilisateur<\/li>\n\n\n\n<li>T\u00e9moignages<\/li>\n\n\n\n<li>Collecte des commentaires des clients<\/li>\n\n\n\n<li>Traitement du paiement<\/li>\n\n\n\n<li>Soutien<\/li>\n\n\n\n<li>Informations administratives<\/li>\n\n\n\n<li>Publicit\u00e9 cibl\u00e9e<\/li>\n\n\n\n<li>G\u00e9rer la commande client<\/li>\n\n\n\n<li>Protection des sites<\/li>\n\n\n\n<li>Commentaires d&rsquo;utilisateur \u00e0 utilisateur<\/li>\n\n\n\n<li>G\u00e9rer le compte utilisateur<\/li>\n<\/ul>\n\n<p>Si nous souhaitons utiliser vos informations \u00e0 d&rsquo;autres fins, nous vous demanderons votre consentement et n&rsquo;utiliserons vos informations qu&rsquo;apr\u00e8s avoir re\u00e7u votre consentement et ensuite, uniquement aux fins pour lesquelles nous accordons votre consentement, sauf si nous sommes tenus de faire autrement par loi.<\/p>\n\n<h2 class=\"wp-block-heading\">Comment nous partageons vos informations<\/h2>\n\n<p>Nous ne transf\u00e9rerons pas vos informations personnelles \u00e0 un tiers sans demander votre consentement, sauf dans les circonstances limit\u00e9es d\u00e9crites ci-dessous:<\/p>\n\n<ul class=\"wp-block-list\">\n<li>Service de publicit\u00e9<\/li>\n\n\n\n<li>Analytique<\/li>\n\n\n\n<li>Services de recouvrement de paiements<\/li>\n<\/ul>\n\n<p>Nous exigeons que ces tiers utilisent les informations personnelles que nous leur transf\u00e9rons uniquement aux fins pour lesquelles elles ont \u00e9t\u00e9 transf\u00e9r\u00e9es et ne les conservent pas plus longtemps que n\u00e9cessaire pour atteindre ladite finalit\u00e9.<\/p>\n\n<p>Nous pouvons \u00e9galement divulguer vos informations personnelles dans les cas suivants : (1) pour nous conformer \u00e0 la loi, \u00e0 la r\u00e9glementation, \u00e0 une ordonnance du tribunal ou \u00e0 toute autre proc\u00e9dure judiciaire applicable ; (2) pour faire respecter vos accords avec nous, y compris cette politique de confidentialit\u00e9 ; ou (3) pour r\u00e9pondre aux r\u00e9clamations selon lesquelles votre utilisation du Service viole les droits de tiers. Si le Service ou notre soci\u00e9t\u00e9 est fusionn\u00e9 ou acquis avec une autre soci\u00e9t\u00e9, vos informations feront partie des actifs transf\u00e9r\u00e9s au nouveau propri\u00e9taire.<\/p>\n\n<h2 class=\"wp-block-heading\">Conservation de vos informations<\/h2>\n\n<p>Nous conserverons vos informations personnelles chez nous pendant 90 jours \u00e0 2 ans apr\u00e8s la r\u00e9siliation de leur compte par les utilisateurs ou aussi longtemps que nous en aurons besoin pour atteindre les objectifs pour lesquels elles ont \u00e9t\u00e9 collect\u00e9es, comme d\u00e9taill\u00e9 dans la pr\u00e9sente politique de confidentialit\u00e9. Nous pouvons avoir besoin de conserver certaines informations pendant des p\u00e9riodes plus longues, telles que la tenue de dossiers\/le reporting conform\u00e9ment \u00e0 la loi applicable ou pour d&rsquo;autres raisons l\u00e9gitimes telles que l&rsquo;application des droits l\u00e9gaux, la pr\u00e9vention de la fraude, etc. Informations anonymes r\u00e9siduelles et informations globales, dont aucune ne vous identifie (directement ou indirectement), peuvent \u00eatre conserv\u00e9s ind\u00e9finiment.<\/p>\n\n<h2 class=\"wp-block-heading\">Vos droits<\/h2>\n\n<p>Selon la loi applicable, vous pouvez avoir un droit d&rsquo;acc\u00e8s et de rectification ou d&rsquo;effacement de vos donn\u00e9es personnelles ou recevoir une copie de vos donn\u00e9es personnelles, restreindre ou vous opposer au traitement actif de vos donn\u00e9es, nous demander de partager (porter) vos donn\u00e9es personnelles. informations \u00e0 une autre entit\u00e9, retirer tout consentement que vous nous avez fourni pour traiter vos donn\u00e9es, le droit de d\u00e9poser une plainte aupr\u00e8s d&rsquo;une autorit\u00e9 statutaire et tout autre droit qui peut \u00eatre pertinent en vertu des lois applicables. Pour exercer ces droits, vous pouvez nous \u00e9crire \u00e0 ninbenmel@gmail.com. Nous r\u00e9pondrons \u00e0 votre demande conform\u00e9ment \u00e0 la loi applicable.<\/p>\n\n<p>Veuillez noter que si vous ne nous autorisez pas \u00e0 collecter ou \u00e0 traiter les informations personnelles requises ou si vous retirez le consentement \u00e0 leur traitement aux fins requises, vous ne pourrez peut-\u00eatre pas acc\u00e9der ou utiliser les services pour lesquels vos informations ont \u00e9t\u00e9 recherch\u00e9es.<\/p>\n\n<h2 class=\"wp-block-heading\">Cookies etc<\/h2>\n\n<p>Pour en savoir plus sur la mani\u00e8re dont nous les utilisons et sur vos choix concernant ces technologies de suivi, veuillez vous r\u00e9f\u00e9rer \u00e0 notre <a href=\"https:\/\/unigrant.com\/fr\/politique-de-confidentialite\/\">Politique en mati\u00e8re de cookies<\/a>.<\/p>\n\n<h2 class=\"wp-block-heading\">S\u00e9curit\u00e9<\/h2>\n\n<p>La s\u00e9curit\u00e9 de vos informations est importante pour nous et nous utiliserons des mesures de s\u00e9curit\u00e9 raisonnables pour emp\u00eacher la perte, l&rsquo;utilisation abusive ou la modification non autoris\u00e9e de vos informations sous notre contr\u00f4le. Cependant, compte tenu des risques inh\u00e9rents, nous ne pouvons garantir une s\u00e9curit\u00e9 absolue et, par cons\u00e9quent, nous ne pouvons assurer ou garantir la s\u00e9curit\u00e9 des informations que vous nous transmettez et vous le faites \u00e0 vos propres risques.<\/p>\n\n<h2 class=\"wp-block-heading\">D\u00e9l\u00e9gu\u00e9 aux r\u00e9clamations\/\u00e0 la protection des donn\u00e9es<\/h2>\n\n<p>Si vous avez des questions ou des pr\u00e9occupations concernant le traitement de vos informations disponibles chez nous, vous pouvez envoyer un e-mail \u00e0 notre responsable des r\u00e9clamations \u00e0 NinBenMel Pte.Ltd. Adresse : 11 Irving Place #09-01, courriel : ninbenmel@gmail.com. Nous r\u00e9pondrons \u00e0 vos pr\u00e9occupations conform\u00e9ment \u00e0 la loi applicable.<\/p>\n","protected":false},"excerpt":{"rendered":"<p>Cette politique de confidentialit\u00e9 d\u00e9crit les politiques de NinBenMel Pte.Ltd. Adresse : 11 Irving Place #09-01, Singapour 369551, Singapour, email : ninbenmel@gmail.com , t\u00e9l\u00e9phone : +34.610.433446 sur la collecte, l&rsquo;utilisation et la divulgation de vos informations que nous collectons lorsque vous utilisez notre site Web unigrant.com, le \u00ab\u00a0service\u00a0\u00bb. En acc\u00e9dant &hellip; <\/p>\n","protected":false},"author":1,"featured_media":0,"parent":0,"menu_order":0,"comment_status":"closed","ping_status":"open","template":"","meta":{"_joinchat":[],"footnotes":""},"class_list":["post-14379","page","type-page","status-publish","hentry"],"yoast_head":"<!-- This site is optimized with the Yoast SEO plugin v24.0 - https:\/\/yoast.com\/wordpress\/plugins\/seo\/ -->\n<title>Politique de confidentialit\u00e9 - Unigrant<\/title>\n<meta name=\"robots\" content=\"index, follow, max-snippet:-1, max-image-preview:large, max-video-preview:-1\" \/>\n<link rel=\"canonical\" href=\"https:\/\/unigrant.com\/fr\/politique-de-confidentialite\/\" \/>\n<meta property=\"og:locale\" content=\"fr_FR\" \/>\n<meta property=\"og:type\" content=\"article\" \/>\n<meta property=\"og:title\" content=\"Politique de confidentialit\u00e9 - Unigrant\" \/>\n<meta property=\"og:description\" content=\"Cette politique de confidentialit\u00e9 d\u00e9crit les politiques de NinBenMel Pte.Ltd. Adresse : 11 Irving Place #09-01, Singapour 369551, Singapour, email : ninbenmel@gmail.com , t\u00e9l\u00e9phone : +34.610.433446 sur la collecte, l&rsquo;utilisation et la divulgation de vos informations que nous collectons lorsque vous utilisez notre site Web unigrant.com, le \u00ab\u00a0service\u00a0\u00bb. En acc\u00e9dant &hellip;\" \/>\n<meta property=\"og:url\" content=\"https:\/\/unigrant.com\/fr\/politique-de-confidentialite\/\" \/>\n<meta property=\"og:site_name\" content=\"Unigrant\" \/>\n<meta property=\"article:modified_time\" content=\"2024-05-06T09:59:54+00:00\" \/>\n<meta name=\"twitter:card\" content=\"summary_large_image\" \/>\n<meta name=\"twitter:site\" content=\"@unigrantx\" \/>\n<meta name=\"twitter:label1\" content=\"Dur\u00e9e de lecture estim\u00e9e\" \/>\n\t<meta name=\"twitter:data1\" content=\"5 minutes\" \/>\n<script type=\"application\/ld+json\" class=\"yoast-schema-graph\">{\"@context\":\"https:\/\/schema.org\",\"@graph\":[{\"@type\":\"WebPage\",\"@id\":\"https:\/\/unigrant.com\/fr\/politique-de-confidentialite\/\",\"url\":\"https:\/\/unigrant.com\/fr\/politique-de-confidentialite\/\",\"name\":\"Politique de confidentialit\u00e9 - Unigrant\",\"isPartOf\":{\"@id\":\"https:\/\/unigrant.com\/fr\/#website\"},\"datePublished\":\"2023-10-31T10:14:48+00:00\",\"dateModified\":\"2024-05-06T09:59:54+00:00\",\"breadcrumb\":{\"@id\":\"https:\/\/unigrant.com\/fr\/politique-de-confidentialite\/#breadcrumb\"},\"inLanguage\":\"fr-FR\",\"potentialAction\":[{\"@type\":\"ReadAction\",\"target\":[\"https:\/\/unigrant.com\/fr\/politique-de-confidentialite\/\"]}]},{\"@type\":\"BreadcrumbList\",\"@id\":\"https:\/\/unigrant.com\/fr\/politique-de-confidentialite\/#breadcrumb\",\"itemListElement\":[{\"@type\":\"ListItem\",\"position\":1,\"name\":\"Home\",\"item\":\"https:\/\/unigrant.com\/fr\/\"},{\"@type\":\"ListItem\",\"position\":2,\"name\":\"Politique de confidentialit\u00e9\"}]},{\"@type\":\"WebSite\",\"@id\":\"https:\/\/unigrant.com\/fr\/#website\",\"url\":\"https:\/\/unigrant.com\/fr\/\",\"name\":\"Unigrant\",\"description\":\"Entamez un Voyage d'Excellence Acad\u00e9mique et d'Aventure\",\"publisher\":{\"@id\":\"https:\/\/unigrant.com\/fr\/#organization\"},\"potentialAction\":[{\"@type\":\"SearchAction\",\"target\":{\"@type\":\"EntryPoint\",\"urlTemplate\":\"https:\/\/unigrant.com\/fr\/?s={search_term_string}\"},\"query-input\":{\"@type\":\"PropertyValueSpecification\",\"valueRequired\":true,\"valueName\":\"search_term_string\"}}],\"inLanguage\":\"fr-FR\"},{\"@type\":\"Organization\",\"@id\":\"https:\/\/unigrant.com\/fr\/#organization\",\"name\":\"Unigrant\",\"url\":\"https:\/\/unigrant.com\/fr\/\",\"logo\":{\"@type\":\"ImageObject\",\"inLanguage\":\"fr-FR\",\"@id\":\"https:\/\/unigrant.com\/fr\/#\/schema\/logo\/image\/\",\"url\":\"https:\/\/unigrant.com\/wp-content\/uploads\/2023\/11\/logo-unigrant.350x100.png\",\"contentUrl\":\"https:\/\/unigrant.com\/wp-content\/uploads\/2023\/11\/logo-unigrant.350x100.png\",\"width\":350,\"height\":100,\"caption\":\"Unigrant\"},\"image\":{\"@id\":\"https:\/\/unigrant.com\/fr\/#\/schema\/logo\/image\/\"},\"sameAs\":[\"https:\/\/x.com\/unigrantx\",\"https:\/\/www.instagram.com\/unigrantcom\/\",\"https:\/\/www.tiktok.com\/@unigrant\"]}]}<\/script>\n<!-- \/ Yoast SEO plugin. -->","yoast_head_json":{"title":"Politique de confidentialit\u00e9 - Unigrant","robots":{"index":"index","follow":"follow","max-snippet":"max-snippet:-1","max-image-preview":"max-image-preview:large","max-video-preview":"max-video-preview:-1"},"canonical":"https:\/\/unigrant.com\/fr\/politique-de-confidentialite\/","og_locale":"fr_FR","og_type":"article","og_title":"Politique de confidentialit\u00e9 - Unigrant","og_description":"Cette politique de confidentialit\u00e9 d\u00e9crit les politiques de NinBenMel Pte.Ltd. Adresse : 11 Irving Place #09-01, Singapour 369551, Singapour, email : ninbenmel@gmail.com , t\u00e9l\u00e9phone : +34.610.433446 sur la collecte, l&rsquo;utilisation et la divulgation de vos informations que nous collectons lorsque vous utilisez notre site Web unigrant.com, le \u00ab\u00a0service\u00a0\u00bb. En acc\u00e9dant &hellip;","og_url":"https:\/\/unigrant.com\/fr\/politique-de-confidentialite\/","og_site_name":"Unigrant","article_modified_time":"2024-05-06T09:59:54+00:00","twitter_card":"summary_large_image","twitter_site":"@unigrantx","twitter_misc":{"Dur\u00e9e de lecture estim\u00e9e":"5 minutes"},"schema":{"@context":"https:\/\/schema.org","@graph":[{"@type":"WebPage","@id":"https:\/\/unigrant.com\/fr\/politique-de-confidentialite\/","url":"https:\/\/unigrant.com\/fr\/politique-de-confidentialite\/","name":"Politique de confidentialit\u00e9 - Unigrant","isPartOf":{"@id":"https:\/\/unigrant.com\/fr\/#website"},"datePublished":"2023-10-31T10:14:48+00:00","dateModified":"2024-05-06T09:59:54+00:00","breadcrumb":{"@id":"https:\/\/unigrant.com\/fr\/politique-de-confidentialite\/#breadcrumb"},"inLanguage":"fr-FR","potentialAction":[{"@type":"ReadAction","target":["https:\/\/unigrant.com\/fr\/politique-de-confidentialite\/"]}]},{"@type":"BreadcrumbList","@id":"https:\/\/unigrant.com\/fr\/politique-de-confidentialite\/#breadcrumb","itemListElement":[{"@type":"ListItem","position":1,"name":"Home","item":"https:\/\/unigrant.com\/fr\/"},{"@type":"ListItem","position":2,"name":"Politique de confidentialit\u00e9"}]},{"@type":"WebSite","@id":"https:\/\/unigrant.com\/fr\/#website","url":"https:\/\/unigrant.com\/fr\/","name":"Unigrant","description":"Entamez un Voyage d'Excellence Acad\u00e9mique et d'Aventure","publisher":{"@id":"https:\/\/unigrant.com\/fr\/#organization"},"potentialAction":[{"@type":"SearchAction","target":{"@type":"EntryPoint","urlTemplate":"https:\/\/unigrant.com\/fr\/?s={search_term_string}"},"query-input":{"@type":"PropertyValueSpecification","valueRequired":true,"valueName":"search_term_string"}}],"inLanguage":"fr-FR"},{"@type":"Organization","@id":"https:\/\/unigrant.com\/fr\/#organization","name":"Unigrant","url":"https:\/\/unigrant.com\/fr\/","logo":{"@type":"ImageObject","inLanguage":"fr-FR","@id":"https:\/\/unigrant.com\/fr\/#\/schema\/logo\/image\/","url":"https:\/\/unigrant.com\/wp-content\/uploads\/2023\/11\/logo-unigrant.350x100.png","contentUrl":"https:\/\/unigrant.com\/wp-content\/uploads\/2023\/11\/logo-unigrant.350x100.png","width":350,"height":100,"caption":"Unigrant"},"image":{"@id":"https:\/\/unigrant.com\/fr\/#\/schema\/logo\/image\/"},"sameAs":["https:\/\/x.com\/unigrantx","https:\/\/www.instagram.com\/unigrantcom\/","https:\/\/www.tiktok.com\/@unigrant"]}]}},"_links":{"self":[{"href":"https:\/\/unigrant.com\/fr\/wp-json\/wp\/v2\/pages\/14379","targetHints":{"allow":["GET"]}}],"collection":[{"href":"https:\/\/unigrant.com\/fr\/wp-json\/wp\/v2\/pages"}],"about":[{"href":"https:\/\/unigrant.com\/fr\/wp-json\/wp\/v2\/types\/page"}],"author":[{"embeddable":true,"href":"https:\/\/unigrant.com\/fr\/wp-json\/wp\/v2\/users\/1"}],"replies":[{"embeddable":true,"href":"https:\/\/unigrant.com\/fr\/wp-json\/wp\/v2\/comments?post=14379"}],"version-history":[{"count":3,"href":"https:\/\/unigrant.com\/fr\/wp-json\/wp\/v2\/pages\/14379\/revisions"}],"predecessor-version":[{"id":17660,"href":"https:\/\/unigrant.com\/fr\/wp-json\/wp\/v2\/pages\/14379\/revisions\/17660"}],"wp:attachment":[{"href":"https:\/\/unigrant.com\/fr\/wp-json\/wp\/v2\/media?parent=14379"}],"curies":[{"name":"wp","href":"https:\/\/api.w.org\/{rel}","templated":true}]}}