{"id":14572,"date":"2023-11-13T09:25:15","date_gmt":"2023-11-13T09:25:15","guid":{"rendered":"https:\/\/unigrant.com\/vivre\/visas\/"},"modified":"2024-06-28T07:41:10","modified_gmt":"2024-06-28T07:41:10","slug":"visas","status":"publish","type":"page","link":"https:\/\/unigrant.com\/fr\/vivre\/visas\/","title":{"rendered":"Visas"},"content":{"rendered":"\t\t<div data-elementor-type=\"wp-post\" data-elementor-id=\"14572\" class=\"elementor elementor-14572 elementor-14137\" data-elementor-post-type=\"page\">\n\t\t\t\t\t\t<section class=\"elementor-section elementor-top-section elementor-element elementor-element-0951571 elementor-section-stretched elementor-section-height-min-height elementor-hidden-mobile elementor-section-boxed elementor-section-height-default elementor-section-items-middle\" data-id=\"0951571\" data-element_type=\"section\" data-settings=\"{&quot;stretch_section&quot;:&quot;section-stretched&quot;,&quot;background_background&quot;:&quot;video&quot;,&quot;background_video_link&quot;:&quot;https:\\\/\\\/youtu.be\\\/hZLEQy0_AQE&quot;,&quot;background_video_start&quot;:4}\">\n\t\t\t\t\t\t\t\t<div class=\"elementor-background-video-container elementor-hidden-phone\">\n\t\t\t\t\t\t\t\t\t\t\t\t\t<div class=\"elementor-background-video-embed\"><\/div>\n\t\t\t\t\t\t\t\t\t\t\t\t<\/div>\n\t\t\t\t\t\t\t\t\t<div class=\"elementor-background-overlay\"><\/div>\n\t\t\t\t\t\t\t<div class=\"elementor-container elementor-column-gap-custom\">\n\t\t\t\t\t<div class=\"elementor-column elementor-col-100 elementor-top-column elementor-element elementor-element-16a7b5a\" data-id=\"16a7b5a\" data-element_type=\"column\">\n\t\t\t<div class=\"elementor-widget-wrap elementor-element-populated\">\n\t\t\t\t\t\t<div class=\"elementor-element elementor-element-b7cb3d5 elementor-widget thim-ekits-heading elementor-widget-thim-heading\" data-id=\"b7cb3d5\" data-element_type=\"widget\" data-widget_type=\"thim-heading.default\">\n\t\t\t\t<div class=\"elementor-widget-container\">\n\t\t\t<div class=\"sc_heading\"><div class=\"sub-heading\"><p>Parcourez le processus de visa en toute s\u00e9r\u00e9nit\u00e9 avec Unigrant. Notre expertise dans les demandes de visa et la r\u00e9glementation assure que vous ayez le bon visa pour vos \u00e9tudes, travail et s\u00e9jour en Australie. Nous fournissons un soutien complet dans la documentation, la soumission des demandes et les suivis, simplifiant le processus de visa pour une exp\u00e9rience sans stress.<\/p>\n<\/div><\/div>\t\t<\/div>\n\t\t\t\t<\/div>\n\t\t\t\t\t<\/div>\n\t\t<\/div>\n\t\t\t\t\t<\/div>\n\t\t<\/section>\n\t\t\t\t<section class=\"elementor-section elementor-top-section elementor-element elementor-element-6c64376 elementor-section-stretched elementor-section-height-min-height elementor-hidden-desktop elementor-hidden-tablet elementor-section-boxed elementor-section-height-default elementor-section-items-middle\" data-id=\"6c64376\" data-element_type=\"section\" data-settings=\"{&quot;stretch_section&quot;:&quot;section-stretched&quot;,&quot;background_background&quot;:&quot;video&quot;,&quot;background_video_link&quot;:&quot;https:\\\/\\\/www.youtube.com\\\/embed\\\/BGN-IP5unV8&quot;,&quot;background_play_on_mobile&quot;:&quot;yes&quot;,&quot;background_video_start&quot;:4}\">\n\t\t\t\t\t\t\t\t<div class=\"elementor-background-video-container\">\n\t\t\t\t\t\t\t\t\t\t\t\t\t<div class=\"elementor-background-video-embed\"><\/div>\n\t\t\t\t\t\t\t\t\t\t\t\t<\/div>\n\t\t\t\t\t\t\t\t\t<div class=\"elementor-background-overlay\"><\/div>\n\t\t\t\t\t\t\t<div class=\"elementor-container elementor-column-gap-custom\">\n\t\t\t\t\t<div class=\"elementor-column elementor-col-100 elementor-top-column elementor-element elementor-element-5dfb6c1\" data-id=\"5dfb6c1\" data-element_type=\"column\">\n\t\t\t<div class=\"elementor-widget-wrap elementor-element-populated\">\n\t\t\t\t\t\t<div class=\"elementor-element elementor-element-ca238df elementor-widget thim-ekits-heading elementor-widget-thim-heading\" data-id=\"ca238df\" data-element_type=\"widget\" data-widget_type=\"thim-heading.default\">\n\t\t\t\t<div class=\"elementor-widget-container\">\n\t\t\t<div class=\"sc_heading\"><div class=\"sub-heading\"><p>Parcourez le processus de visa en toute s\u00e9r\u00e9nit\u00e9 avec Unigrant. Notre expertise dans les demandes de visa et la r\u00e9glementation assure que vous ayez le bon visa pour vos \u00e9tudes, travail et s\u00e9jour en Australie. Nous fournissons un soutien complet dans la documentation, la soumission des demandes et les suivis, simplifiant le processus de visa pour une exp\u00e9rience sans stress.<\/p>\n<\/div><\/div>\t\t<\/div>\n\t\t\t\t<\/div>\n\t\t\t\t\t<\/div>\n\t\t<\/div>\n\t\t\t\t\t<\/div>\n\t\t<\/section>\n\t\t\t\t<section class=\"elementor-section elementor-top-section elementor-element elementor-element-27df08da elementor-section-stretched elementor-section-content-middle elementor-section-boxed elementor-section-height-default elementor-section-height-default\" data-id=\"27df08da\" data-element_type=\"section\" data-settings=\"{&quot;stretch_section&quot;:&quot;section-stretched&quot;,&quot;background_background&quot;:&quot;classic&quot;}\">\n\t\t\t\t\t\t<div class=\"elementor-container elementor-column-gap-no\">\n\t\t\t\t\t<div class=\"elementor-column elementor-col-100 elementor-top-column elementor-element elementor-element-2f0150c7\" data-id=\"2f0150c7\" data-element_type=\"column\">\n\t\t\t<div class=\"elementor-widget-wrap elementor-element-populated\">\n\t\t\t\t\t\t<div class=\"elementor-element elementor-element-7c94d0b4 thim-ekits-heading-text-center elementor-widget thim-ekits-heading elementor-widget-thim-heading\" data-id=\"7c94d0b4\" data-element_type=\"widget\" data-widget_type=\"thim-heading.default\">\n\t\t\t\t<div class=\"elementor-widget-container\">\n\t\t\t<div class=\"sc_heading text-center\"><h2 class=\"title\">Pr\u00eat \u00e0 vous lancer  <span class=\"thim-color\">dans votre aventure australienne?<\/span><\/h2><div class=\"sub-heading\"><p>Unigrant est l\u00e0 pour transformer vos r\u00eaves en r\u00e9alit\u00e9. Faisons de votre voyage une exp\u00e9rience inoubliable. Contactez Unigrant \u2013 Votre pont vers un avenir vibrant en Australie!<\/p>\n<\/div><\/div>\t\t<\/div>\n\t\t\t\t<\/div>\n\t\t\t\t<div class=\"elementor-element elementor-element-76dfec8c elementor-widget elementor-widget-heading\" data-id=\"76dfec8c\" data-element_type=\"widget\" data-widget_type=\"heading.default\">\n\t\t\t\t<div class=\"elementor-widget-container\">\n\t\t\t<h3 class=\"elementor-heading-title elementor-size-default\">Contactez-nous d\u00e8s aujourd'hui pour explorer comment nous pouvons vous aider \u00e0 \u00e9tudier, travailler et vivre en Australie. <\/h3>\t\t<\/div>\n\t\t\t\t<\/div>\n\t\t\t\t<div class=\"elementor-element elementor-element-767622cc elementor-align-center elementor-mobile-align-left elementor-icon-list--layout-traditional elementor-list-item-link-full_width elementor-widget elementor-widget-icon-list\" data-id=\"767622cc\" data-element_type=\"widget\" data-widget_type=\"icon-list.default\">\n\t\t\t\t<div class=\"elementor-widget-container\">\n\t\t\t\t\t<ul class=\"elementor-icon-list-items\">\n\t\t\t\t\t\t\t<li class=\"elementor-icon-list-item\">\n\t\t\t\t\t\t\t\t\t\t\t<a href=\"#joinchat\">\n\n\t\t\t\t\t\t\t\t\t\t\t\t<span class=\"elementor-icon-list-icon\">\n\t\t\t\t\t\t\t<i aria-hidden=\"true\" class=\"fab fa-whatsapp\"><\/i>\t\t\t\t\t\t<\/span>\n\t\t\t\t\t\t\t\t\t\t<span class=\"elementor-icon-list-text\">Si vous pr\u00e9f\u00e9rez, \u00e9crivez-nous par Whatsapp (+61.488.904.512) pour r\u00e9pondre \u00e0 vos questions.<\/span>\n\t\t\t\t\t\t\t\t\t\t\t<\/a>\n\t\t\t\t\t\t\t\t\t<\/li>\n\t\t\t\t\t\t<\/ul>\n\t\t\t\t<\/div>\n\t\t\t\t<\/div>\n\t\t\t\t<div class=\"elementor-element elementor-element-47491ce7 contact-form-unigrant elementor-widget elementor-widget-thim-ekits-contact-form-7\" data-id=\"47491ce7\" data-element_type=\"widget\" data-widget_type=\"thim-ekits-contact-form-7.default\">\n\t\t\t\t<div class=\"elementor-widget-container\">\n\t\t\t\t\t\t<div class=\"thim-ekit-wpcf7\">\n\t\t\t\t\n<div class=\"wpcf7 no-js\" id=\"wpcf7-f14326-o1\" lang=\"fr-FR\" dir=\"ltr\" data-wpcf7-id=\"14326\">\n<div class=\"screen-reader-response\"><p role=\"status\" aria-live=\"polite\" aria-atomic=\"true\"><\/p> <ul><\/ul><\/div>\n<form action=\"\/fr\/wp-json\/wp\/v2\/pages\/14572#wpcf7-f14326-o1\" method=\"post\" class=\"wpcf7-form init\" aria-label=\"Formulaire de contact\" novalidate=\"novalidate\" data-status=\"init\">\n<div style=\"display: none;\">\n<input type=\"hidden\" name=\"_wpcf7\" value=\"14326\" \/>\n<input type=\"hidden\" name=\"_wpcf7_version\" value=\"6.0.1\" \/>\n<input type=\"hidden\" name=\"_wpcf7_locale\" value=\"fr_FR\" \/>\n<input type=\"hidden\" name=\"_wpcf7_unit_tag\" value=\"wpcf7-f14326-o1\" \/>\n<input type=\"hidden\" name=\"_wpcf7_container_post\" value=\"0\" \/>\n<input type=\"hidden\" name=\"_wpcf7_posted_data_hash\" value=\"\" \/>\n<input type=\"hidden\" name=\"_wpcf7_recaptcha_response\" value=\"\" \/>\n<\/div>\n<div class=\"unig_form_group_details\">\n\t<div class=\"unig_form_item_group\">\n\t\t<p><span class=\"wpcf7-form-control-wrap\" data-name=\"your-name\"><input size=\"40\" maxlength=\"400\" class=\"wpcf7-form-control wpcf7-text wpcf7-validates-as-required\" aria-required=\"true\" aria-invalid=\"false\" placeholder=\"Nom *\" value=\"\" type=\"text\" name=\"your-name\" \/><\/span>\n\t\t<\/p>\n\t<\/div>\n\t<div class=\"unig_form_item_group\">\n\t\t<p><span class=\"wpcf7-form-control-wrap\" data-name=\"your-last-name\"><input size=\"40\" maxlength=\"400\" class=\"wpcf7-form-control wpcf7-text wpcf7-validates-as-required\" aria-required=\"true\" aria-invalid=\"false\" placeholder=\"Nom de famille *\" value=\"\" type=\"text\" name=\"your-last-name\" \/><\/span>\n\t\t<\/p>\n\t<\/div>\n\t<div class=\"unig_form_item_group\">\n\t\t<p><span class=\"wpcf7-form-control-wrap\" data-name=\"your-email\"><input size=\"40\" maxlength=\"400\" class=\"wpcf7-form-control wpcf7-email wpcf7-validates-as-required wpcf7-text wpcf7-validates-as-email\" aria-required=\"true\" aria-invalid=\"false\" placeholder=\"Email *\" value=\"\" type=\"email\" name=\"your-email\" \/><\/span>\n\t\t<\/p>\n\t<\/div>\n\t<div class=\"unig_form_item_group\">\n\t\t<p><span class=\"wpcf7-form-control-wrap\" data-name=\"MobileorWhatsApp\"><input size=\"40\" class=\"wpcf7-form-control wpcf7-phonetext wpcf7-validates-as-required wpcf7-text wpcf7-validates-as-phonetext\" id=\"phone-unigrant\" aria-required=\"true\" aria-invalid=\"false\" value=\"\" type=\"text\" name=\"MobileorWhatsApp\" \/><input type=\"hidden\" name=\"MobileorWhatsApp-country-code\" class=\"wpcf7-phonetext-country-code\" \/><\/span>\n\t\t<\/p>\n\t<\/div>\n\t<div class=\"unig_form_item_group\">\n\t\t<p><label for=\"countrytext\">Nationalit\u00e9 *<\/label><br \/>\n<span class=\"wpcf7-form-control-wrap\" data-name=\"Nationality\"><input size=\"40\" class=\"wpcf7-form-control wpcf7-countrytext wpcf7-validates-as-required wpcf7-text wpcf7-validates-as-countrytext\" id=\"country-unigrant\" aria-required=\"true\" aria-invalid=\"false\" value=\"\" type=\"text\" name=\"Nationality\" \/><\/span>\n\t\t<\/p>\n\t<\/div>\n<\/div>\n<div class=\"unig_form_group_questions\">\n\t<div class=\"unig_form_item_group\">\n\t\t<p><label for=\"currentlyliving\" class=\"quest\">\u00cates-vous actuellement en Australie?<\/label><br \/>\n<span class=\"wpcf7-form-control-wrap\" data-name=\"currentlyliving\"><span class=\"wpcf7-form-control wpcf7-checkbox\"><span class=\"wpcf7-list-item first\"><label><input type=\"checkbox\" name=\"currentlyliving[]\" value=\"Yes\" \/><span class=\"wpcf7-list-item-label\">Yes<\/span><\/label><\/span><span class=\"wpcf7-list-item last\"><label><input type=\"checkbox\" name=\"currentlyliving[]\" value=\"No\" \/><span class=\"wpcf7-list-item-label\">No<\/span><\/label><\/span><\/span><\/span>\n\t\t<\/p>\n\t<\/div>\n\t<div class=\"unig_form_item_group\">\n\t\t<p><label for=\"study\" class=\"quest\">\u00cates-vous int\u00e9ress\u00e9 \u00e0 \u00e9tudier en Australie?<\/label><br \/>\n<span class=\"wpcf7-form-control-wrap\" data-name=\"study\"><span class=\"wpcf7-form-control wpcf7-checkbox\"><span class=\"wpcf7-list-item first\"><label><input type=\"checkbox\" name=\"study[]\" value=\"English\" \/><span class=\"wpcf7-list-item-label\">English<\/span><\/label><\/span><span class=\"wpcf7-list-item\"><label><input type=\"checkbox\" name=\"study[]\" value=\"Vocational\" \/><span class=\"wpcf7-list-item-label\">Vocational<\/span><\/label><\/span><span class=\"wpcf7-list-item\"><label><input type=\"checkbox\" name=\"study[]\" value=\"Undergraduate\" \/><span class=\"wpcf7-list-item-label\">Undergraduate<\/span><\/label><\/span><span class=\"wpcf7-list-item\"><label><input type=\"checkbox\" name=\"study[]\" value=\"Postgraduate\" \/><span class=\"wpcf7-list-item-label\">Postgraduate<\/span><\/label><\/span><span class=\"wpcf7-list-item last\"><label><input type=\"checkbox\" name=\"study[]\" value=\"Research\" \/><span class=\"wpcf7-list-item-label\">Research<\/span><\/label><\/span><\/span><\/span>\n\t\t<\/p>\n\t<\/div>\n\t<div class=\"unig_form_item_group\">\n\t\t<p><label for=\"work\" class=\"quest\">\u00cates-vous int\u00e9ress\u00e9 par un travail en Australie?<\/label><br \/>\n<span class=\"wpcf7-form-control-wrap\" data-name=\"work\"><span class=\"wpcf7-form-control wpcf7-checkbox\"><span class=\"wpcf7-list-item first\"><label><input type=\"checkbox\" name=\"work[]\" value=\"Internships\" \/><span class=\"wpcf7-list-item-label\">Internships<\/span><\/label><\/span><span class=\"wpcf7-list-item\"><label><input type=\"checkbox\" name=\"work[]\" value=\"Part-Time\" \/><span class=\"wpcf7-list-item-label\">Part-Time<\/span><\/label><\/span><span class=\"wpcf7-list-item last\"><label><input type=\"checkbox\" name=\"work[]\" value=\"Full-Time\" \/><span class=\"wpcf7-list-item-label\">Full-Time<\/span><\/label><\/span><\/span><\/span>\n\t\t<\/p>\n\t<\/div>\n\t<div class=\"unig_form_item_group\">\n\t\t<p><label for=\"live\" class=\"quest\">\u00cates-vous int\u00e9ress\u00e9 \u00e0 vivre en Australie?<\/label><br \/>\n<span class=\"wpcf7-form-control-wrap\" data-name=\"live\"><span class=\"wpcf7-form-control wpcf7-checkbox\"><span class=\"wpcf7-list-item first\"><label><input type=\"checkbox\" name=\"live[]\" value=\"Visas\" \/><span class=\"wpcf7-list-item-label\">Visas<\/span><\/label><\/span><span class=\"wpcf7-list-item\"><label><input type=\"checkbox\" name=\"live[]\" value=\"Insurances\" \/><span class=\"wpcf7-list-item-label\">Insurances<\/span><\/label><\/span><span class=\"wpcf7-list-item\"><label><input type=\"checkbox\" name=\"live[]\" value=\"Accommodation\" \/><span class=\"wpcf7-list-item-label\">Accommodation<\/span><\/label><\/span><span class=\"wpcf7-list-item last\"><label><input type=\"checkbox\" name=\"live[]\" value=\"Community\" \/><span class=\"wpcf7-list-item-label\">Community<\/span><\/label><\/span><\/span><\/span>\n\t\t<\/p>\n\t<\/div>\n<\/div>\n<div class=\"unig_form_group_message\">\n\t<div class=\"unig_form_item_group\">\n\t\t<p><span class=\"wpcf7-form-control-wrap\" data-name=\"your-message\"><textarea cols=\"40\" rows=\"10\" maxlength=\"2000\" class=\"wpcf7-form-control wpcf7-textarea\" aria-invalid=\"false\" placeholder=\"Parlez-nous de vous et comment vous souhaitez commencer votre aventure en Australie.\" name=\"your-message\"><\/textarea><\/span>\n\t\t<\/p>\n\t<\/div>\n<\/div>\n<div class=\"unig_form_group_acceptance\">\n\t<div class=\"unig_form_item_group\">\n\t\t<p><span class=\"wpcf7-form-control-wrap\" data-name=\"PrivacyPolicy\"><span class=\"wpcf7-form-control wpcf7-acceptance\"><span class=\"wpcf7-list-item\"><label><input type=\"checkbox\" name=\"PrivacyPolicy\" value=\"1\" aria-invalid=\"false\" \/><span class=\"wpcf7-list-item-label\">J'accepte les termes et conditions de la <a target=\"_blank \" href=\"https:\/\/unigrant.com\/privacy-policy\/\">politique de confidentialit\u00e9 <\/a>d'Unigrant*<\/span><\/label><\/span><\/span><\/span>\n\t\t<\/p>\n\t<\/div>\n<\/div>\n<div class=\"unig_form_group_btn\">\n\t<div class=\"unig_form_item_group\">\n\t\t<p><input class=\"wpcf7-form-control wpcf7-submit has-spinner\" type=\"submit\" value=\"Submit now for agent contact!\" \/>\n\t\t<\/p>\n\t<\/div>\n<\/div><p style=\"display: none !important;\" class=\"akismet-fields-container\" data-prefix=\"_wpcf7_ak_\"><label>&#916;<textarea name=\"_wpcf7_ak_hp_textarea\" cols=\"45\" rows=\"8\" maxlength=\"100\"><\/textarea><\/label><input type=\"hidden\" id=\"ak_js_1\" name=\"_wpcf7_ak_js\" value=\"114\"\/><script>document.getElementById( \"ak_js_1\" ).setAttribute( \"value\", ( new Date() ).getTime() );<\/script><\/p><div class=\"wpcf7-response-output\" aria-hidden=\"true\"><\/div>\n<\/form>\n<\/div>\n\t\t\t<\/div>\n\t\t\t\t<\/div>\n\t\t\t\t<\/div>\n\t\t\t\t<div class=\"elementor-element elementor-element-473ea324 elementor-align-center elementor-mobile-align-left elementor-icon-list--layout-traditional elementor-list-item-link-full_width elementor-widget elementor-widget-icon-list\" data-id=\"473ea324\" data-element_type=\"widget\" data-widget_type=\"icon-list.default\">\n\t\t\t\t<div class=\"elementor-widget-container\">\n\t\t\t\t\t<ul class=\"elementor-icon-list-items\">\n\t\t\t\t\t\t\t<li class=\"elementor-icon-list-item\">\n\t\t\t\t\t\t\t\t\t\t\t<a href=\"#joinchat\">\n\n\t\t\t\t\t\t\t\t\t\t\t\t<span class=\"elementor-icon-list-icon\">\n\t\t\t\t\t\t\t<i aria-hidden=\"true\" class=\"fab fa-whatsapp\"><\/i>\t\t\t\t\t\t<\/span>\n\t\t\t\t\t\t\t\t\t\t<span class=\"elementor-icon-list-text\">Profitez de nos conseils gratuits via WhatsApp (+61.488.904.512)<\/span>\n\t\t\t\t\t\t\t\t\t\t\t<\/a>\n\t\t\t\t\t\t\t\t\t<\/li>\n\t\t\t\t\t\t<\/ul>\n\t\t\t\t<\/div>\n\t\t\t\t<\/div>\n\t\t\t\t\t<\/div>\n\t\t<\/div>\n\t\t\t\t\t<\/div>\n\t\t<\/section>\n\t\t\t\t<\/div>\n\t\t","protected":false},"excerpt":{"rendered":"<p>Parcourez le processus de visa en toute s\u00e9r\u00e9nit\u00e9 avec Unigrant. Notre expertise dans les demandes de visa et la r\u00e9glementation assure que vous ayez le bon visa pour vos \u00e9tudes, travail et s\u00e9jour en Australie. Nous fournissons un soutien complet dans la documentation, la soumission des demandes et les suivis, simplifiant le processus de visa pour une exp\u00e9rience sans stress.<\/p>\n","protected":false},"author":2,"featured_media":0,"parent":14322,"menu_order":0,"comment_status":"closed","ping_status":"closed","template":"elementor_header_footer","meta":{"_joinchat":[],"footnotes":""},"class_list":["post-14572","page","type-page","status-publish","hentry"],"yoast_head":"<!-- This site is optimized with the Yoast SEO plugin v24.0 - https:\/\/yoast.com\/wordpress\/plugins\/seo\/ -->\n<title>Visas - Unigrant<\/title>\n<meta name=\"description\" content=\"Notre expertise dans les demandes de visa et la r\u00e9glementation assure que vous ayez le bon visa pour vos \u00e9tudes, travail et s\u00e9jour en Australie.\" \/>\n<meta name=\"robots\" content=\"index, follow, max-snippet:-1, max-image-preview:large, max-video-preview:-1\" \/>\n<link rel=\"canonical\" href=\"https:\/\/unigrant.com\/fr\/vivre\/visas\/\" \/>\n<meta property=\"og:locale\" content=\"fr_FR\" \/>\n<meta property=\"og:type\" content=\"article\" \/>\n<meta property=\"og:title\" content=\"Visas - Unigrant\" \/>\n<meta property=\"og:description\" content=\"Notre expertise dans les demandes de visa et la r\u00e9glementation assure que vous ayez le bon visa pour vos \u00e9tudes, travail et s\u00e9jour en Australie.\" \/>\n<meta property=\"og:url\" content=\"https:\/\/unigrant.com\/fr\/vivre\/visas\/\" \/>\n<meta property=\"og:site_name\" content=\"Unigrant\" \/>\n<meta property=\"article:modified_time\" content=\"2024-06-28T07:41:10+00:00\" \/>\n<meta name=\"twitter:card\" content=\"summary_large_image\" \/>\n<meta name=\"twitter:site\" content=\"@unigrantx\" \/>\n<meta name=\"twitter:label1\" content=\"Dur\u00e9e de lecture estim\u00e9e\" \/>\n\t<meta name=\"twitter:data1\" content=\"1 minute\" \/>\n<script type=\"application\/ld+json\" class=\"yoast-schema-graph\">{\"@context\":\"https:\/\/schema.org\",\"@graph\":[{\"@type\":\"WebPage\",\"@id\":\"https:\/\/unigrant.com\/fr\/vivre\/visas\/\",\"url\":\"https:\/\/unigrant.com\/fr\/vivre\/visas\/\",\"name\":\"Visas - Unigrant\",\"isPartOf\":{\"@id\":\"https:\/\/unigrant.com\/fr\/#website\"},\"datePublished\":\"2023-11-13T09:25:15+00:00\",\"dateModified\":\"2024-06-28T07:41:10+00:00\",\"description\":\"Notre expertise dans les demandes de visa et la r\u00e9glementation assure que vous ayez le bon visa pour vos \u00e9tudes, travail et s\u00e9jour en Australie.\",\"breadcrumb\":{\"@id\":\"https:\/\/unigrant.com\/fr\/vivre\/visas\/#breadcrumb\"},\"inLanguage\":\"fr-FR\",\"potentialAction\":[{\"@type\":\"ReadAction\",\"target\":[\"https:\/\/unigrant.com\/fr\/vivre\/visas\/\"]}]},{\"@type\":\"BreadcrumbList\",\"@id\":\"https:\/\/unigrant.com\/fr\/vivre\/visas\/#breadcrumb\",\"itemListElement\":[{\"@type\":\"ListItem\",\"position\":1,\"name\":\"Home\",\"item\":\"https:\/\/unigrant.com\/fr\/\"},{\"@type\":\"ListItem\",\"position\":2,\"name\":\"Vivre\",\"item\":\"https:\/\/unigrant.com\/fr\/live\/\"},{\"@type\":\"ListItem\",\"position\":3,\"name\":\"Visas\"}]},{\"@type\":\"WebSite\",\"@id\":\"https:\/\/unigrant.com\/fr\/#website\",\"url\":\"https:\/\/unigrant.com\/fr\/\",\"name\":\"Unigrant\",\"description\":\"Entamez un Voyage d'Excellence Acad\u00e9mique et d'Aventure\",\"publisher\":{\"@id\":\"https:\/\/unigrant.com\/fr\/#organization\"},\"potentialAction\":[{\"@type\":\"SearchAction\",\"target\":{\"@type\":\"EntryPoint\",\"urlTemplate\":\"https:\/\/unigrant.com\/fr\/?s={search_term_string}\"},\"query-input\":{\"@type\":\"PropertyValueSpecification\",\"valueRequired\":true,\"valueName\":\"search_term_string\"}}],\"inLanguage\":\"fr-FR\"},{\"@type\":\"Organization\",\"@id\":\"https:\/\/unigrant.com\/fr\/#organization\",\"name\":\"Unigrant\",\"url\":\"https:\/\/unigrant.com\/fr\/\",\"logo\":{\"@type\":\"ImageObject\",\"inLanguage\":\"fr-FR\",\"@id\":\"https:\/\/unigrant.com\/fr\/#\/schema\/logo\/image\/\",\"url\":\"https:\/\/unigrant.com\/wp-content\/uploads\/2023\/11\/logo-unigrant.350x100.png\",\"contentUrl\":\"https:\/\/unigrant.com\/wp-content\/uploads\/2023\/11\/logo-unigrant.350x100.png\",\"width\":350,\"height\":100,\"caption\":\"Unigrant\"},\"image\":{\"@id\":\"https:\/\/unigrant.com\/fr\/#\/schema\/logo\/image\/\"},\"sameAs\":[\"https:\/\/x.com\/unigrantx\",\"https:\/\/www.instagram.com\/unigrantcom\/\",\"https:\/\/www.tiktok.com\/@unigrant\"]}]}<\/script>\n<!-- \/ Yoast SEO plugin. -->","yoast_head_json":{"title":"Visas - Unigrant","description":"Notre expertise dans les demandes de visa et la r\u00e9glementation assure que vous ayez le bon visa pour vos \u00e9tudes, travail et s\u00e9jour en Australie.","robots":{"index":"index","follow":"follow","max-snippet":"max-snippet:-1","max-image-preview":"max-image-preview:large","max-video-preview":"max-video-preview:-1"},"canonical":"https:\/\/unigrant.com\/fr\/vivre\/visas\/","og_locale":"fr_FR","og_type":"article","og_title":"Visas - Unigrant","og_description":"Notre expertise dans les demandes de visa et la r\u00e9glementation assure que vous ayez le bon visa pour vos \u00e9tudes, travail et s\u00e9jour en Australie.","og_url":"https:\/\/unigrant.com\/fr\/vivre\/visas\/","og_site_name":"Unigrant","article_modified_time":"2024-06-28T07:41:10+00:00","twitter_card":"summary_large_image","twitter_site":"@unigrantx","twitter_misc":{"Dur\u00e9e de lecture estim\u00e9e":"1 minute"},"schema":{"@context":"https:\/\/schema.org","@graph":[{"@type":"WebPage","@id":"https:\/\/unigrant.com\/fr\/vivre\/visas\/","url":"https:\/\/unigrant.com\/fr\/vivre\/visas\/","name":"Visas - Unigrant","isPartOf":{"@id":"https:\/\/unigrant.com\/fr\/#website"},"datePublished":"2023-11-13T09:25:15+00:00","dateModified":"2024-06-28T07:41:10+00:00","description":"Notre expertise dans les demandes de visa et la r\u00e9glementation assure que vous ayez le bon visa pour vos \u00e9tudes, travail et s\u00e9jour en Australie.","breadcrumb":{"@id":"https:\/\/unigrant.com\/fr\/vivre\/visas\/#breadcrumb"},"inLanguage":"fr-FR","potentialAction":[{"@type":"ReadAction","target":["https:\/\/unigrant.com\/fr\/vivre\/visas\/"]}]},{"@type":"BreadcrumbList","@id":"https:\/\/unigrant.com\/fr\/vivre\/visas\/#breadcrumb","itemListElement":[{"@type":"ListItem","position":1,"name":"Home","item":"https:\/\/unigrant.com\/fr\/"},{"@type":"ListItem","position":2,"name":"Vivre","item":"https:\/\/unigrant.com\/fr\/live\/"},{"@type":"ListItem","position":3,"name":"Visas"}]},{"@type":"WebSite","@id":"https:\/\/unigrant.com\/fr\/#website","url":"https:\/\/unigrant.com\/fr\/","name":"Unigrant","description":"Entamez un Voyage d'Excellence Acad\u00e9mique et d'Aventure","publisher":{"@id":"https:\/\/unigrant.com\/fr\/#organization"},"potentialAction":[{"@type":"SearchAction","target":{"@type":"EntryPoint","urlTemplate":"https:\/\/unigrant.com\/fr\/?s={search_term_string}"},"query-input":{"@type":"PropertyValueSpecification","valueRequired":true,"valueName":"search_term_string"}}],"inLanguage":"fr-FR"},{"@type":"Organization","@id":"https:\/\/unigrant.com\/fr\/#organization","name":"Unigrant","url":"https:\/\/unigrant.com\/fr\/","logo":{"@type":"ImageObject","inLanguage":"fr-FR","@id":"https:\/\/unigrant.com\/fr\/#\/schema\/logo\/image\/","url":"https:\/\/unigrant.com\/wp-content\/uploads\/2023\/11\/logo-unigrant.350x100.png","contentUrl":"https:\/\/unigrant.com\/wp-content\/uploads\/2023\/11\/logo-unigrant.350x100.png","width":350,"height":100,"caption":"Unigrant"},"image":{"@id":"https:\/\/unigrant.com\/fr\/#\/schema\/logo\/image\/"},"sameAs":["https:\/\/x.com\/unigrantx","https:\/\/www.instagram.com\/unigrantcom\/","https:\/\/www.tiktok.com\/@unigrant"]}]}},"_links":{"self":[{"href":"https:\/\/unigrant.com\/fr\/wp-json\/wp\/v2\/pages\/14572","targetHints":{"allow":["GET"]}}],"collection":[{"href":"https:\/\/unigrant.com\/fr\/wp-json\/wp\/v2\/pages"}],"about":[{"href":"https:\/\/unigrant.com\/fr\/wp-json\/wp\/v2\/types\/page"}],"author":[{"embeddable":true,"href":"https:\/\/unigrant.com\/fr\/wp-json\/wp\/v2\/users\/2"}],"replies":[{"embeddable":true,"href":"https:\/\/unigrant.com\/fr\/wp-json\/wp\/v2\/comments?post=14572"}],"version-history":[{"count":11,"href":"https:\/\/unigrant.com\/fr\/wp-json\/wp\/v2\/pages\/14572\/revisions"}],"predecessor-version":[{"id":18354,"href":"https:\/\/unigrant.com\/fr\/wp-json\/wp\/v2\/pages\/14572\/revisions\/18354"}],"up":[{"embeddable":true,"href":"https:\/\/unigrant.com\/fr\/wp-json\/wp\/v2\/pages\/14322"}],"wp:attachment":[{"href":"https:\/\/unigrant.com\/fr\/wp-json\/wp\/v2\/media?parent=14572"}],"curies":[{"name":"wp","href":"https:\/\/api.w.org\/{rel}","templated":true}]}}