{"id":16240,"date":"2015-11-03T02:46:28","date_gmt":"2015-11-03T02:46:28","guid":{"rendered":"https:\/\/unigrant.com\/registre-des-etablissements-denseignement\/"},"modified":"2025-03-28T09:52:15","modified_gmt":"2025-03-28T09:52:15","slug":"registre-des-etablissements-denseignement","status":"publish","type":"page","link":"https:\/\/unigrant.com\/fr\/registre-des-etablissements-denseignement\/","title":{"rendered":"Registre des \u00e9tablissements d&rsquo;enseignement"},"content":{"rendered":"\t\t<div data-elementor-type=\"wp-post\" data-elementor-id=\"16240\" class=\"elementor elementor-16240 elementor-2780\" data-elementor-post-type=\"page\">\n\t\t\t\t<div class=\"elementor-element elementor-element-d56cc8d e-flex e-con-boxed e-con e-parent\" data-id=\"d56cc8d\" data-element_type=\"container\" data-settings=\"{&quot;background_background&quot;:&quot;classic&quot;}\">\n\t\t\t\t\t<div class=\"e-con-inner\">\n\t\t\t\t<div class=\"elementor-element elementor-element-a8aa4dc elementor-widget elementor-widget-thim-ekits-page-title\" data-id=\"a8aa4dc\" data-element_type=\"widget\" data-widget_type=\"thim-ekits-page-title.default\">\n\t\t\t\t<div class=\"elementor-widget-container\">\n\t\t\t\t\t<div class=\"thim-ekit-page-title\">\n\t\t<h1 class=\"page-title\">Archives<\/h1>\t\t<\/div>\n\t\t\t\t<\/div>\n\t\t\t\t<\/div>\n\t\t\t\t\t<\/div>\n\t\t\t\t<\/div>\n\t\t<div class=\"elementor-element elementor-element-a4f357d e-flex e-con-boxed e-con e-parent\" data-id=\"a4f357d\" data-element_type=\"container\">\n\t\t\t\t\t<div class=\"e-con-inner\">\n\t\t\t\t<div class=\"elementor-element elementor-element-b769c0e elementor-widget elementor-widget-thim-ekits-breadcrumb\" data-id=\"b769c0e\" data-element_type=\"widget\" data-widget_type=\"thim-ekits-breadcrumb.default\">\n\t\t\t\t<div class=\"elementor-widget-container\">\n\t\t\t\n\t\t\t<div class=\"thim-ekit-breadcrumb\">\n\n\t\t\t\tHome\n\t\t\t<\/div>\n\n\t\t\t\t\t<\/div>\n\t\t\t\t<\/div>\n\t\t\t\t\t<\/div>\n\t\t\t\t<\/div>\n\t\t\t\t<section class=\"elementor-section elementor-top-section elementor-element elementor-element-2482687 elementor-section-boxed elementor-section-height-default elementor-section-height-default\" data-id=\"2482687\" data-element_type=\"section\">\n\t\t\t\t\t\t<div class=\"elementor-container elementor-column-gap-extended\">\n\t\t\t\t\t<div class=\"elementor-column elementor-col-50 elementor-top-column elementor-element elementor-element-acc3f7f\" data-id=\"acc3f7f\" data-element_type=\"column\">\n\t\t\t<div class=\"elementor-widget-wrap elementor-element-populated\">\n\t\t\t\t\t\t<div class=\"elementor-element elementor-element-c4bf84f elementor-widget elementor-widget-toolset-form\" data-id=\"c4bf84f\" data-element_type=\"widget\" data-widget_type=\"toolset-form.default\">\n\t\t\t\t<div class=\"elementor-widget-container\">\n\t\t\t<form  id=\"cred_user_form_58568_1_1\" class=\"cred-user-form cred-keep-original\" action=\"\/fr\/wp-json\/wp\/v2\/pages\/16240?_tt=1776492541\" data-form=\"{&quot;form_id&quot;:&quot;cred_user_form_58568_1_1&quot;,&quot;use_ajax&quot;:&quot;0&quot;,&quot;wpv_page&quot;:1}\" data-conditionals=\"[]\" method=\"post\">\r\n\t<div class=\"form-group\">\r\n\t\t<label for=\"cred_user_form_58568_1_1_user_login\">Identifiant<\/label>\r\n\t\t<div class=\"js-wpt-field-items js-wpt-repetitive wpt-repetitive\" data-initial-conditional=\"\" data-item_name=\"textfield-user_login\">\r\n<input type=\"text\" id=\"cred_user_form_58568_1_1_user_login\" name=\"user_login\" value=\"\" preset_value=\"\" urlparam=\"\" make_readonly=\"\" max_width=\"\" max_height=\"\" class=\"form-control wpt-form-textfield form-textfield textfield\" output=\"bootstrap\" placeholder=\"\" data-wpt-validate=\"{&quot;username&quot;:{&quot;args&quot;:{&quot;1&quot;:true},&quot;message&quot;:&quot;The username can only contain alphanumeric characters, spaces, -, _, . or @&quot;},&quot;required&quot;:{&quot;args&quot;:{&quot;1&quot;:true},&quot;message&quot;:&quot;This field is required&quot;}}\" data-wpt-field-title=\"Nom d\\'utilisateur\" data-parsley-required=\"true\" data-parsley-required-message=\"This field is required\" data-parsley-credfilesize=\"1073741824\" data-wpt-type=\"textfield\" data-wpt-id=\"cred_user_form_58568_1_1_cred_user_form_58568_1_1_user_login\" data-wpt-name=\"user_login\" \/>\r\n<\/div>\r\n\t<\/div>\r\n\t<div class=\"form-group\">\r\n\t\t<label for=\"cred_user_form_58568_1_1_user_pass\">Password<\/label>\r\n\t\t<div class=\"js-wpt-field-items js-wpt-repetitive wpt-repetitive\" data-initial-conditional=\"\" data-item_name=\"password-user_pass\">\r\n<input type=\"password\" id=\"cred_user_form_58568_1_1_user_pass\" name=\"user_pass\" value=\"\" preset_value=\"\" urlparam=\"\" make_readonly=\"\" max_width=\"\" max_height=\"\" class=\"form-control wpt-form-password form-password password\" output=\"bootstrap\" placeholder=\"\" data-wpt-validate=\"{&quot;required&quot;:{&quot;args&quot;:{&quot;1&quot;:true},&quot;message&quot;:&quot;This field is required&quot;}}\" data-wpt-field-title=\"Mot de passe\" data-parsley-required=\"true\" data-parsley-required-message=\"This field is required\" data-parsley-credfilesize=\"1073741824\" data-wpt-type=\"password\" data-wpt-id=\"cred_user_form_58568_1_1_cred_user_form_58568_1_1_user_pass\" data-wpt-name=\"user_pass\" \/>\r\n<\/div>\r\n\t<\/div>\r\n\t<div class=\"form-group\">\r\n\t\t<label for=\"cred_user_form_58568_1_1_user_email\">Email<\/label>\r\n\t\t<div class=\"js-wpt-field-items js-wpt-repetitive wpt-repetitive\" data-initial-conditional=\"\" data-item_name=\"email-user_email\">\r\n<input type=\"text\" id=\"cred_user_form_58568_1_1_user_email\" name=\"user_email\" value=\"\" preset_value=\"\" urlparam=\"\" make_readonly=\"\" max_width=\"\" max_height=\"\" class=\"form-control wpt-form-textfield form-textfield textfield\" output=\"bootstrap\" placeholder=\"\" data-wpt-validate=\"{&quot;email&quot;:{&quot;args&quot;:{&quot;1&quot;:true},&quot;message&quot;:&quot;Please enter a valid email address&quot;},&quot;required&quot;:{&quot;args&quot;:{&quot;1&quot;:true},&quot;message&quot;:&quot;This field is required&quot;}}\" data-wpt-field-title=\"Adresse e-mail\" data-parsley-type=\"email\" data-parsley-error-message=\"Please enter a valid email address\" data-parsley-required=\"true\" data-parsley-required-message=\"This field is required\" data-parsley-credfilesize=\"1073741824\" data-wpt-type=\"textfield\" data-wpt-id=\"cred_user_form_58568_1_1_cred_user_form_58568_1_1_user_email\" data-wpt-name=\"user_email\" \/>\r\n<\/div>\r\n\t<\/div>\r\n\t<div class=\"js-wpt-field-items js-wpt-repetitive wpt-repetitive\" data-initial-conditional=\"\" data-item_name=\"recaptcha-recaptcha\"><div id=\"recaptcha_cred_user_form_58568_1_1_recaptcha\" class=\"g-recaptcha\" data-sitekey=\"6LfuqbcpAAAAAD5vKBdHbqbbU8a4Lh4vUxMHb2w2\"><\/div><div class=\"recaptcha_error\" style=\"color:#aa0000;display:none;\">Veuillez valider reCAPTCHA<\/div>\r\n\r\n<input type=\"text\" id=\"cred_user_form_58568_1_1__recaptcha\" name=\"_recaptcha\" value=\"\" style=\"display:none;\" class=\"wpt-form-textfield form-textfield textfield\" data-wpt-type=\"textfield\" data-wpt-id=\"cred_user_form_58568_1_1_cred_user_form_58568_1_1__recaptcha\" data-wpt-name=\"_recaptcha\" \/>\r\n<\/div>\r\n\t<input type=\"submit\" id=\"cred_user_form_58568_1_1_form_submit_1\" name=\"form_submit_1\" value=\"REGISTER AS AN EDUCATIONAL INSTITUTION AND GET STUDENT APPLICATIONS \" class=\"wpt-form-submit form-submit submit wpt-form-submit form-submit submit\" \/>\r\n<input type=\"hidden\" id=\"cred_user_form_58568_1_1__cred_cred_prefix_cred_container_id\" name=\"_cred_cred_prefix_cred_container_id\" value=\"16240\" class=\"wpt-form-hidden form-hidden\" data-wpt-id=\"cred_user_form_58568_1_1_cred_user_form_58568_1_1__cred_cred_prefix_cred_container_id\" data-wpt-name=\"_cred_cred_prefix_cred_container_id\" \/><input type=\"hidden\" id=\"cred_user_form_58568_1_1__cred_cred_prefix_form_id\" name=\"_cred_cred_prefix_form_id\" value=\"58568\" class=\"wpt-form-hidden form-hidden\" data-wpt-id=\"cred_user_form_58568_1_1_cred_user_form_58568_1_1__cred_cred_prefix_form_id\" data-wpt-name=\"_cred_cred_prefix_form_id\" \/><input type=\"hidden\" id=\"cred_user_form_58568_1_1__cred_cred_prefix_form_count\" name=\"_cred_cred_prefix_form_count\" value=\"1\" class=\"wpt-form-hidden form-hidden\" data-wpt-id=\"cred_user_form_58568_1_1_cred_user_form_58568_1_1__cred_cred_prefix_form_count\" data-wpt-name=\"_cred_cred_prefix_form_count\" \/><\/form>\t\t<\/div>\n\t\t\t\t<\/div>\n\t\t\t\t\t<\/div>\n\t\t<\/div>\n\t\t\t\t<div class=\"elementor-column elementor-col-50 elementor-top-column elementor-element elementor-element-b0d39cc\" data-id=\"b0d39cc\" data-element_type=\"column\">\n\t\t\t<div class=\"elementor-widget-wrap elementor-element-populated\">\n\t\t\t\t\t\t<div class=\"elementor-element elementor-element-76fda43 thim-ekits-heading-text-left elementor-widget thim-ekits-heading elementor-widget-thim-heading\" data-id=\"76fda43\" data-element_type=\"widget\" data-widget_type=\"thim-heading.default\">\n\t\t\t\t<div class=\"elementor-widget-container\">\n\t\t\t<div class=\"sc_heading text-left\"><h3 class=\"title\">Renforcez   <span class=\"thim-color\">l'Avenir de Votre Institution :<\/span><\/h3><div class=\"sub-heading\"><p>Rejoignez notre r\u00e9seau mondial d'\u00e9ducation :<br \/>\nPr\u00e9sentez, connectez, Transformez et Inscrivez les Meilleurs \u00c9tudiants avec Unigran.com<\/p>\n<\/div><span class=\"line\"><\/span><\/div>\t\t<\/div>\n\t\t\t\t<\/div>\n\t\t\t\t<div class=\"elementor-element elementor-element-7a03cca elementor-widget elementor-widget-text-editor\" data-id=\"7a03cca\" data-element_type=\"widget\" data-widget_type=\"text-editor.default\">\n\t\t\t\t<div class=\"elementor-widget-container\">\n\t\t\t\t\t\t\t<h5>Lib\u00e9rez le Potentiel avec Unigrant.com<\/h5>\nBienvenue sur Unigrant.com, une plateforme r\u00e9volutionnaire o\u00f9 l&rsquo;excellence \u00e9ducative rencontre une exposition mondiale. En tant qu&rsquo;institution distingu\u00e9e, embrasser notre plateforme offre une opportunit\u00e9 sans pareille de mettre en avant vos cours uniques et vos installations. Unigrant.com ne se limite pas \u00e0 promouvoir votre institution ; il s&rsquo;agit de connecter votre h\u00e9ritage et votre expertise avec un monde d&rsquo;apprenants d\u00e9sireux.\n\n<h5>Valorisez le Potentiel de Vos Cours<\/h5>\nAu c\u0153ur de Unigrant.com r\u00e9side la promesse de mettre vos cours sous les projecteurs. Notre plateforme est con\u00e7ue pour souligner les forces et l&rsquo;unicit\u00e9 de votre programme d&rsquo;\u00e9tudes. Que ce soit la profondeur de votre formation technique, l&rsquo;\u00e9tendue de vos disciplines acad\u00e9miques ou l&rsquo;innovation dans vos m\u00e9thodologies d&rsquo;enseignement, Unigrant.com est la sc\u00e8ne o\u00f9 vos cours peuvent vraiment briller. En vous inscrivant chez nous, vous ouvrez les portes \u00e0 un bassin diversifi\u00e9 d&rsquo;\u00e9tudiants, pr\u00eats \u00e0 entreprendre un parcours d&rsquo;apprentissage que seule votre institution peut offrir.\n\n<h5>Un Partenariat pour la Croissance et l&rsquo;Excellence<\/h5>\nRejoindre Unigrant.com signifie plus que simplement lister votre institution ; il s&rsquo;agit de forger un partenariat qui valorise la croissance \u00e9ducative et l&rsquo;excellence institutionnelle. Notre plateforme s&rsquo;engage \u00e0 promouvoir non seulement vos programmes \u00e9ducatifs, mais aussi les r\u00e9ussites et les r\u00e9alisations qui distinguent votre institution. Nous croyons en la cr\u00e9ation d&rsquo;un r\u00e9seau o\u00f9 chaque institution peut prosp\u00e9rer en partageant son histoire unique et son \u00e9thos \u00e9ducatif avec un public mondial.\n\n<h5>Transformer les Aspirations en R\u00e9alit\u00e9s<\/h5>\nChez Unigrant.com, nous comprenons le pouvoir de l&rsquo;\u00e9ducation et l&rsquo;impact de connecter le bon \u00e9tudiant avec la bonne institution. Notre plateforme n&rsquo;est pas simplement un annuaire ; c&rsquo;est un espace dynamique o\u00f9 les aspirations rencontrent les opportunit\u00e9s. En vous inscrivant chez nous, votre institution devient un phare pour les \u00e9tudiants en qu\u00eate d&rsquo;une \u00e9ducation de qualit\u00e9, pr\u00e9parant la sc\u00e8ne pour un avenir o\u00f9 chaque \u00e9tudiant peut trouver son chemin vers le succ\u00e8s gr\u00e2ce \u00e0 vos programmes estim\u00e9s.\t\t\t\t\t\t<\/div>\n\t\t\t\t<\/div>\n\t\t\t\t\t<\/div>\n\t\t<\/div>\n\t\t\t\t\t<\/div>\n\t\t<\/section>\n\t\t\t\t<\/div>\n\t\t","protected":false},"excerpt":{"rendered":"<p>Archives Home Username Password Repeat Password Email Nickname First name Last name Biographical info Educational Institution ID CRICOS Code Educational Institution Name Educational Institution Address Educational Institution Logo Educational Institution Country Bank Account Name Bank Name Bank Address Bank State Branch (BSB) Number Bank Account Number SWIFT\/BIC Educational Institution Search &hellip; <\/p>\n","protected":false},"author":1,"featured_media":0,"parent":0,"menu_order":0,"comment_status":"closed","ping_status":"closed","template":"elementor_header_footer","meta":{"_joinchat":[],"footnotes":""},"class_list":["post-16240","page","type-page","status-publish","hentry"],"yoast_head":"<!-- This site is optimized with the Yoast SEO plugin v24.0 - https:\/\/yoast.com\/wordpress\/plugins\/seo\/ -->\n<title>Registre des \u00e9tablissements d&#039;enseignement - Unigrant<\/title>\n<meta name=\"robots\" content=\"index, follow, max-snippet:-1, max-image-preview:large, max-video-preview:-1\" \/>\n<link rel=\"canonical\" href=\"https:\/\/unigrant.com\/fr\/registre-des-etablissements-denseignement\/\" \/>\n<meta property=\"og:locale\" content=\"fr_FR\" \/>\n<meta property=\"og:type\" content=\"article\" \/>\n<meta property=\"og:title\" content=\"Registre des \u00e9tablissements d&#039;enseignement - Unigrant\" \/>\n<meta property=\"og:description\" content=\"Archives Home Username Password Repeat Password Email Nickname First name Last name Biographical info Educational Institution ID CRICOS Code Educational Institution Name Educational Institution Address Educational Institution Logo Educational Institution Country Bank Account Name Bank Name Bank Address Bank State Branch (BSB) Number Bank Account Number SWIFT\/BIC Educational Institution Search &hellip;\" \/>\n<meta property=\"og:url\" content=\"https:\/\/unigrant.com\/fr\/registre-des-etablissements-denseignement\/\" \/>\n<meta property=\"og:site_name\" content=\"Unigrant\" \/>\n<meta property=\"article:modified_time\" content=\"2025-03-28T09:52:15+00:00\" \/>\n<meta name=\"twitter:card\" content=\"summary_large_image\" \/>\n<meta name=\"twitter:site\" content=\"@unigrantx\" \/>\n<meta name=\"twitter:label1\" content=\"Dur\u00e9e de lecture estim\u00e9e\" \/>\n\t<meta name=\"twitter:data1\" content=\"2 minutes\" \/>\n<script type=\"application\/ld+json\" class=\"yoast-schema-graph\">{\"@context\":\"https:\/\/schema.org\",\"@graph\":[{\"@type\":\"WebPage\",\"@id\":\"https:\/\/unigrant.com\/fr\/registre-des-etablissements-denseignement\/\",\"url\":\"https:\/\/unigrant.com\/fr\/registre-des-etablissements-denseignement\/\",\"name\":\"Registre des \u00e9tablissements d'enseignement - Unigrant\",\"isPartOf\":{\"@id\":\"https:\/\/unigrant.com\/fr\/#website\"},\"datePublished\":\"2015-11-03T02:46:28+00:00\",\"dateModified\":\"2025-03-28T09:52:15+00:00\",\"breadcrumb\":{\"@id\":\"https:\/\/unigrant.com\/fr\/registre-des-etablissements-denseignement\/#breadcrumb\"},\"inLanguage\":\"fr-FR\",\"potentialAction\":[{\"@type\":\"ReadAction\",\"target\":[\"https:\/\/unigrant.com\/fr\/registre-des-etablissements-denseignement\/\"]}]},{\"@type\":\"BreadcrumbList\",\"@id\":\"https:\/\/unigrant.com\/fr\/registre-des-etablissements-denseignement\/#breadcrumb\",\"itemListElement\":[{\"@type\":\"ListItem\",\"position\":1,\"name\":\"Home\",\"item\":\"https:\/\/unigrant.com\/fr\/\"},{\"@type\":\"ListItem\",\"position\":2,\"name\":\"Registre des \u00e9tablissements d&#8217;enseignement\"}]},{\"@type\":\"WebSite\",\"@id\":\"https:\/\/unigrant.com\/fr\/#website\",\"url\":\"https:\/\/unigrant.com\/fr\/\",\"name\":\"Unigrant\",\"description\":\"Entamez un Voyage d'Excellence Acad\u00e9mique et d'Aventure\",\"publisher\":{\"@id\":\"https:\/\/unigrant.com\/fr\/#organization\"},\"potentialAction\":[{\"@type\":\"SearchAction\",\"target\":{\"@type\":\"EntryPoint\",\"urlTemplate\":\"https:\/\/unigrant.com\/fr\/?s={search_term_string}\"},\"query-input\":{\"@type\":\"PropertyValueSpecification\",\"valueRequired\":true,\"valueName\":\"search_term_string\"}}],\"inLanguage\":\"fr-FR\"},{\"@type\":\"Organization\",\"@id\":\"https:\/\/unigrant.com\/fr\/#organization\",\"name\":\"Unigrant\",\"url\":\"https:\/\/unigrant.com\/fr\/\",\"logo\":{\"@type\":\"ImageObject\",\"inLanguage\":\"fr-FR\",\"@id\":\"https:\/\/unigrant.com\/fr\/#\/schema\/logo\/image\/\",\"url\":\"https:\/\/unigrant.com\/wp-content\/uploads\/2023\/11\/logo-unigrant.350x100.png\",\"contentUrl\":\"https:\/\/unigrant.com\/wp-content\/uploads\/2023\/11\/logo-unigrant.350x100.png\",\"width\":350,\"height\":100,\"caption\":\"Unigrant\"},\"image\":{\"@id\":\"https:\/\/unigrant.com\/fr\/#\/schema\/logo\/image\/\"},\"sameAs\":[\"https:\/\/x.com\/unigrantx\",\"https:\/\/www.instagram.com\/unigrantcom\/\",\"https:\/\/www.tiktok.com\/@unigrant\"]}]}<\/script>\n<!-- \/ Yoast SEO plugin. -->","yoast_head_json":{"title":"Registre des \u00e9tablissements d'enseignement - Unigrant","robots":{"index":"index","follow":"follow","max-snippet":"max-snippet:-1","max-image-preview":"max-image-preview:large","max-video-preview":"max-video-preview:-1"},"canonical":"https:\/\/unigrant.com\/fr\/registre-des-etablissements-denseignement\/","og_locale":"fr_FR","og_type":"article","og_title":"Registre des \u00e9tablissements d'enseignement - Unigrant","og_description":"Archives Home Username Password Repeat Password Email Nickname First name Last name Biographical info Educational Institution ID CRICOS Code Educational Institution Name Educational Institution Address Educational Institution Logo Educational Institution Country Bank Account Name Bank Name Bank Address Bank State Branch (BSB) Number Bank Account Number SWIFT\/BIC Educational Institution Search &hellip;","og_url":"https:\/\/unigrant.com\/fr\/registre-des-etablissements-denseignement\/","og_site_name":"Unigrant","article_modified_time":"2025-03-28T09:52:15+00:00","twitter_card":"summary_large_image","twitter_site":"@unigrantx","twitter_misc":{"Dur\u00e9e de lecture estim\u00e9e":"2 minutes"},"schema":{"@context":"https:\/\/schema.org","@graph":[{"@type":"WebPage","@id":"https:\/\/unigrant.com\/fr\/registre-des-etablissements-denseignement\/","url":"https:\/\/unigrant.com\/fr\/registre-des-etablissements-denseignement\/","name":"Registre des \u00e9tablissements d'enseignement - Unigrant","isPartOf":{"@id":"https:\/\/unigrant.com\/fr\/#website"},"datePublished":"2015-11-03T02:46:28+00:00","dateModified":"2025-03-28T09:52:15+00:00","breadcrumb":{"@id":"https:\/\/unigrant.com\/fr\/registre-des-etablissements-denseignement\/#breadcrumb"},"inLanguage":"fr-FR","potentialAction":[{"@type":"ReadAction","target":["https:\/\/unigrant.com\/fr\/registre-des-etablissements-denseignement\/"]}]},{"@type":"BreadcrumbList","@id":"https:\/\/unigrant.com\/fr\/registre-des-etablissements-denseignement\/#breadcrumb","itemListElement":[{"@type":"ListItem","position":1,"name":"Home","item":"https:\/\/unigrant.com\/fr\/"},{"@type":"ListItem","position":2,"name":"Registre des \u00e9tablissements d&#8217;enseignement"}]},{"@type":"WebSite","@id":"https:\/\/unigrant.com\/fr\/#website","url":"https:\/\/unigrant.com\/fr\/","name":"Unigrant","description":"Entamez un Voyage d'Excellence Acad\u00e9mique et d'Aventure","publisher":{"@id":"https:\/\/unigrant.com\/fr\/#organization"},"potentialAction":[{"@type":"SearchAction","target":{"@type":"EntryPoint","urlTemplate":"https:\/\/unigrant.com\/fr\/?s={search_term_string}"},"query-input":{"@type":"PropertyValueSpecification","valueRequired":true,"valueName":"search_term_string"}}],"inLanguage":"fr-FR"},{"@type":"Organization","@id":"https:\/\/unigrant.com\/fr\/#organization","name":"Unigrant","url":"https:\/\/unigrant.com\/fr\/","logo":{"@type":"ImageObject","inLanguage":"fr-FR","@id":"https:\/\/unigrant.com\/fr\/#\/schema\/logo\/image\/","url":"https:\/\/unigrant.com\/wp-content\/uploads\/2023\/11\/logo-unigrant.350x100.png","contentUrl":"https:\/\/unigrant.com\/wp-content\/uploads\/2023\/11\/logo-unigrant.350x100.png","width":350,"height":100,"caption":"Unigrant"},"image":{"@id":"https:\/\/unigrant.com\/fr\/#\/schema\/logo\/image\/"},"sameAs":["https:\/\/x.com\/unigrantx","https:\/\/www.instagram.com\/unigrantcom\/","https:\/\/www.tiktok.com\/@unigrant"]}]}},"_links":{"self":[{"href":"https:\/\/unigrant.com\/fr\/wp-json\/wp\/v2\/pages\/16240","targetHints":{"allow":["GET"]}}],"collection":[{"href":"https:\/\/unigrant.com\/fr\/wp-json\/wp\/v2\/pages"}],"about":[{"href":"https:\/\/unigrant.com\/fr\/wp-json\/wp\/v2\/types\/page"}],"author":[{"embeddable":true,"href":"https:\/\/unigrant.com\/fr\/wp-json\/wp\/v2\/users\/1"}],"replies":[{"embeddable":true,"href":"https:\/\/unigrant.com\/fr\/wp-json\/wp\/v2\/comments?post=16240"}],"version-history":[{"count":0,"href":"https:\/\/unigrant.com\/fr\/wp-json\/wp\/v2\/pages\/16240\/revisions"}],"wp:attachment":[{"href":"https:\/\/unigrant.com\/fr\/wp-json\/wp\/v2\/media?parent=16240"}],"curies":[{"name":"wp","href":"https:\/\/api.w.org\/{rel}","templated":true}]}}