{"id":16945,"date":"2024-04-03T07:28:40","date_gmt":"2024-04-03T07:28:40","guid":{"rendered":"https:\/\/unigrant.com\/influencers-register\/"},"modified":"2025-03-28T09:52:21","modified_gmt":"2025-03-28T09:52:21","slug":"registre-des-influenceurs","status":"publish","type":"page","link":"https:\/\/unigrant.com\/fr\/registre-des-influenceurs\/","title":{"rendered":"Registre des Influenceurs"},"content":{"rendered":"\t\t<div data-elementor-type=\"wp-post\" data-elementor-id=\"16945\" class=\"elementor elementor-16945 elementor-16897\" data-elementor-post-type=\"page\">\n\t\t\t\t<div class=\"elementor-element elementor-element-2b89749d e-flex e-con-boxed e-con e-parent\" data-id=\"2b89749d\" data-element_type=\"container\" data-settings=\"{&quot;background_background&quot;:&quot;classic&quot;}\">\n\t\t\t\t\t<div class=\"e-con-inner\">\n\t\t\t\t<div class=\"elementor-element elementor-element-136fb1f2 elementor-widget elementor-widget-thim-ekits-page-title\" data-id=\"136fb1f2\" data-element_type=\"widget\" data-widget_type=\"thim-ekits-page-title.default\">\n\t\t\t\t<div class=\"elementor-widget-container\">\n\t\t\t\t\t<div class=\"thim-ekit-page-title\">\n\t\t<h1 class=\"page-title\">Archives<\/h1>\t\t<\/div>\n\t\t\t\t<\/div>\n\t\t\t\t<\/div>\n\t\t\t\t\t<\/div>\n\t\t\t\t<\/div>\n\t\t<div class=\"elementor-element elementor-element-1eabd386 e-flex e-con-boxed e-con e-parent\" data-id=\"1eabd386\" data-element_type=\"container\">\n\t\t\t\t\t<div class=\"e-con-inner\">\n\t\t\t\t<div class=\"elementor-element elementor-element-2066cabf elementor-widget elementor-widget-thim-ekits-breadcrumb\" data-id=\"2066cabf\" data-element_type=\"widget\" data-widget_type=\"thim-ekits-breadcrumb.default\">\n\t\t\t\t<div class=\"elementor-widget-container\">\n\t\t\t\n\t\t\t<div class=\"thim-ekit-breadcrumb\">\n\n\t\t\t\tHome\n\t\t\t<\/div>\n\n\t\t\t\t\t<\/div>\n\t\t\t\t<\/div>\n\t\t\t\t\t<\/div>\n\t\t\t\t<\/div>\n\t\t\t\t<section class=\"elementor-section elementor-top-section elementor-element elementor-element-bb659d6 elementor-section-boxed elementor-section-height-default elementor-section-height-default\" data-id=\"bb659d6\" data-element_type=\"section\">\n\t\t\t\t\t\t<div class=\"elementor-container elementor-column-gap-extended\">\n\t\t\t\t\t<div class=\"elementor-column elementor-col-50 elementor-top-column elementor-element elementor-element-90f001a\" data-id=\"90f001a\" data-element_type=\"column\">\n\t\t\t<div class=\"elementor-widget-wrap elementor-element-populated\">\n\t\t\t\t\t\t<div class=\"elementor-element elementor-element-f5de698 elementor-widget elementor-widget-toolset-form\" data-id=\"f5de698\" data-element_type=\"widget\" data-widget_type=\"toolset-form.default\">\n\t\t\t\t<div class=\"elementor-widget-container\">\n\t\t\t<form  id=\"cred_user_form_58572_1_1\" class=\"cred-user-form cred-keep-original\" action=\"\/fr\/wp-json\/wp\/v2\/pages\/16945?_tt=1776491469\" data-form=\"{&quot;form_id&quot;:&quot;cred_user_form_58572_1_1&quot;,&quot;use_ajax&quot;:&quot;0&quot;,&quot;wpv_page&quot;:1}\" data-conditionals=\"[]\" method=\"post\">\r\n\t<div class=\"form-group\">\r\n\t\t<label for=\"cred_user_form_58572_1_1_user_login\">Identifiant<\/label>\r\n\t\t<div class=\"js-wpt-field-items js-wpt-repetitive wpt-repetitive\" data-initial-conditional=\"\" data-item_name=\"textfield-user_login\">\r\n<input type=\"text\" id=\"cred_user_form_58572_1_1_user_login\" name=\"user_login\" value=\"\" preset_value=\"\" urlparam=\"\" make_readonly=\"\" max_width=\"\" max_height=\"\" class=\"form-control wpt-form-textfield form-textfield textfield\" output=\"bootstrap\" placeholder=\"\" data-wpt-validate=\"{&quot;username&quot;:{&quot;args&quot;:{&quot;1&quot;:true},&quot;message&quot;:&quot;The username can only contain alphanumeric characters, spaces, -, _, . or @&quot;},&quot;required&quot;:{&quot;args&quot;:{&quot;1&quot;:true},&quot;message&quot;:&quot;This field is required&quot;}}\" data-wpt-field-title=\"Nom d\\'utilisateur\" data-parsley-required=\"true\" data-parsley-required-message=\"This field is required\" data-parsley-credfilesize=\"1073741824\" data-wpt-type=\"textfield\" data-wpt-id=\"cred_user_form_58572_1_1_cred_user_form_58572_1_1_user_login\" data-wpt-name=\"user_login\" \/>\r\n<\/div>\r\n\t<\/div>\r\n\t<div class=\"form-group\">\r\n\t\t<label for=\"cred_user_form_58572_1_1_user_pass\">Mot de passe<\/label>\r\n\t\t<div class=\"js-wpt-field-items js-wpt-repetitive wpt-repetitive\" data-initial-conditional=\"\" data-item_name=\"password-user_pass\">\r\n<input type=\"password\" id=\"cred_user_form_58572_1_1_user_pass\" name=\"user_pass\" value=\"\" preset_value=\"\" urlparam=\"\" make_readonly=\"\" max_width=\"\" max_height=\"\" class=\"form-control wpt-form-password form-password password\" output=\"bootstrap\" placeholder=\"\" data-wpt-validate=\"{&quot;required&quot;:{&quot;args&quot;:{&quot;1&quot;:true},&quot;message&quot;:&quot;This field is required&quot;}}\" data-wpt-field-title=\"Mot de passe\" data-parsley-required=\"true\" data-parsley-required-message=\"This field is required\" data-parsley-credfilesize=\"1073741824\" data-wpt-type=\"password\" data-wpt-id=\"cred_user_form_58572_1_1_cred_user_form_58572_1_1_user_pass\" data-wpt-name=\"user_pass\" \/>\r\n<\/div>\r\n\t<\/div>\r\n\t<div class=\"form-group\">\r\n\t\t<label for=\"cred_user_form_58572_1_1_user_email\">Adresse e-mail<\/label>\r\n\t\t<div class=\"js-wpt-field-items js-wpt-repetitive wpt-repetitive\" data-initial-conditional=\"\" data-item_name=\"email-user_email\">\r\n<input type=\"text\" id=\"cred_user_form_58572_1_1_user_email\" name=\"user_email\" value=\"\" preset_value=\"\" urlparam=\"\" make_readonly=\"\" max_width=\"\" max_height=\"\" class=\"form-control wpt-form-textfield form-textfield textfield\" output=\"bootstrap\" placeholder=\"\" data-wpt-validate=\"{&quot;email&quot;:{&quot;args&quot;:{&quot;1&quot;:true},&quot;message&quot;:&quot;Please enter a valid email address&quot;},&quot;required&quot;:{&quot;args&quot;:{&quot;1&quot;:true},&quot;message&quot;:&quot;This field is required&quot;}}\" data-wpt-field-title=\"Adresse e-mail\" data-parsley-type=\"email\" data-parsley-error-message=\"Please enter a valid email address\" data-parsley-required=\"true\" data-parsley-required-message=\"This field is required\" data-parsley-credfilesize=\"1073741824\" data-wpt-type=\"textfield\" data-wpt-id=\"cred_user_form_58572_1_1_cred_user_form_58572_1_1_user_email\" data-wpt-name=\"user_email\" \/>\r\n<\/div>\r\n\t<\/div>\r\n\t<div id=\"wpt-form-message-58572\"\n\t\t\t              data-message-single=\"The user was not saved because of the following problem:\"\n\t\t\t              data-message-plural=\"The user was not saved because of the following %NN problems:\"\n\t\t\t              style=\"display:none;\" class=\"wpt-top-form-error wpt-form-error wpt-form-error-wrapper alert alert-danger alert alert-warning\"><\/div>\r\n\t<div class=\"js-wpt-field-items js-wpt-repetitive wpt-repetitive\" data-initial-conditional=\"\" data-item_name=\"recaptcha-recaptcha\"><div id=\"recaptcha_cred_user_form_58572_1_1_recaptcha\" class=\"g-recaptcha\" data-sitekey=\"6LfuqbcpAAAAAD5vKBdHbqbbU8a4Lh4vUxMHb2w2\"><\/div><div class=\"recaptcha_error\" style=\"color:#aa0000;display:none;\">Veuillez valider reCAPTCHA<\/div>\r\n\r\n<input type=\"text\" id=\"cred_user_form_58572_1_1__recaptcha\" name=\"_recaptcha\" value=\"\" style=\"display:none;\" class=\"wpt-form-textfield form-textfield textfield\" data-wpt-type=\"textfield\" data-wpt-id=\"cred_user_form_58572_1_1_cred_user_form_58572_1_1__recaptcha\" data-wpt-name=\"_recaptcha\" \/>\r\n<\/div>\r\n\t<input type=\"submit\" id=\"cred_user_form_58572_1_1_form_submit_1\" name=\"form_submit_1\" value=\"INSCRIVEZ-VOUS COMME INFLUENCEUR ET GAGNEZ DE L\u2019ARGENT GR\u00c2CE AUX PARRAINAGES\" class=\"wpt-form-submit form-submit submit wpt-form-submit form-submit submit\" \/>\r\n<input type=\"hidden\" id=\"cred_user_form_58572_1_1__cred_cred_prefix_cred_container_id\" name=\"_cred_cred_prefix_cred_container_id\" value=\"16945\" class=\"wpt-form-hidden form-hidden\" data-wpt-id=\"cred_user_form_58572_1_1_cred_user_form_58572_1_1__cred_cred_prefix_cred_container_id\" data-wpt-name=\"_cred_cred_prefix_cred_container_id\" \/><input type=\"hidden\" id=\"cred_user_form_58572_1_1__cred_cred_prefix_form_id\" name=\"_cred_cred_prefix_form_id\" value=\"58572\" class=\"wpt-form-hidden form-hidden\" data-wpt-id=\"cred_user_form_58572_1_1_cred_user_form_58572_1_1__cred_cred_prefix_form_id\" data-wpt-name=\"_cred_cred_prefix_form_id\" \/><input type=\"hidden\" id=\"cred_user_form_58572_1_1__cred_cred_prefix_form_count\" name=\"_cred_cred_prefix_form_count\" value=\"1\" class=\"wpt-form-hidden form-hidden\" data-wpt-id=\"cred_user_form_58572_1_1_cred_user_form_58572_1_1__cred_cred_prefix_form_count\" data-wpt-name=\"_cred_cred_prefix_form_count\" \/><\/form>\t\t<\/div>\n\t\t\t\t<\/div>\n\t\t\t\t\t<\/div>\n\t\t<\/div>\n\t\t\t\t<div class=\"elementor-column elementor-col-50 elementor-top-column elementor-element elementor-element-d647b8b\" data-id=\"d647b8b\" data-element_type=\"column\">\n\t\t\t<div class=\"elementor-widget-wrap elementor-element-populated\">\n\t\t\t\t\t\t<div class=\"elementor-element elementor-element-90b7ca2 thim-ekits-heading-text-left elementor-widget thim-ekits-heading elementor-widget-thim-heading\" data-id=\"90b7ca2\" data-element_type=\"widget\" data-widget_type=\"thim-heading.default\">\n\t\t\t\t<div class=\"elementor-widget-container\">\n\t\t\t<div class=\"sc_heading text-left\"><h3 class=\"title\">\u00c9levez votre influence  <span class=\"thim-color\">avec Unigrant.com<\/span><\/h3><div class=\"sub-heading\"><p>Rejoignez notre communaut\u00e9 de changeurs<\/p>\n<\/div><span class=\"line\"><\/span><\/div>\t\t<\/div>\n\t\t\t\t<\/div>\n\t\t\t\t<div class=\"elementor-element elementor-element-db7ddbc elementor-widget elementor-widget-text-editor\" data-id=\"db7ddbc\" data-element_type=\"widget\" data-widget_type=\"text-editor.default\">\n\t\t\t\t<div class=\"elementor-widget-container\">\n\t\t\t\t\t\t\t<p>n tant qu&rsquo;influenceur, votre voix a le pouvoir de fa\u00e7onner l&rsquo;avenir. Unigrant.com vous invite \u00e0 \u00e9tendre votre impact au-del\u00e0 des limites traditionnelles en vous associant avec nous. En r\u00e9f\u00e9rant des \u00e9tudiants potentiels pour qu&rsquo;ils poursuivent leurs r\u00eaves \u00e9ducatifs en Australie, vous ne devenez pas seulement un pont vers leurs aspirations, mais vous ouvrez \u00e9galement de nouvelles voies pour votre propre croissance et gains. Rejoignez-nous dans la transformation de vies en connectant les \u00e9tudiants avec des \u00e9tablissements d&rsquo;enseignement de premier niveau en Australie et commencez \u00e0 b\u00e9n\u00e9ficier de chaque r\u00e9f\u00e9rence r\u00e9ussie.<\/p>\n<p><strong>Un partenariat qui r\u00e9compense<\/strong><\/p>\n<p>Notre plateforme est con\u00e7ue pour enrichir votre voyage en tant qu&rsquo;influenceur. Avec Unigrant.com, le suivi de la progression de vos r\u00e9f\u00e9rences est transparent. Vous aurez acc\u00e8s en temps r\u00e9el au statut des candidatures des \u00e9tudiants, de l&rsquo;int\u00e9r\u00eat initial \u00e0 l&rsquo;inscription r\u00e9ussie. Cette transparence vous permet non seulement de surveiller votre impact, mais aussi d&rsquo;optimiser votre strat\u00e9gie de r\u00e9f\u00e9rence. Pour chaque \u00e9tudiant qui commence son parcours \u00e9ducatif gr\u00e2ce \u00e0 votre r\u00e9f\u00e9rence, vous gagnerez une commission, rendant l&rsquo;exp\u00e9rience gratifiante pour vous et votre audience.<\/p>\n<p><strong>Transformez votre influence en impact<\/strong><\/p>\n<p>Votre plateforme a le pouvoir d&rsquo;informer, d&rsquo;inspirer et de guider. En vous associant \u00e0 Unigrant.com, vous offrez \u00e0 vos abonn\u00e9s des opportunit\u00e9s inestimables d&rsquo;\u00e9tudier en Australie, connue pour son syst\u00e8me \u00e9ducatif de haute qualit\u00e9 et sa vie \u00e9tudiante dynamique. Votre influence peut d\u00e9mystifier le processus de candidature, encourager les \u00e9tudiants h\u00e9sitants \u00e0 franchir le pas et fournir un chemin fiable vers les prestigieuses institutions \u00e9ducatives australiennes via Unigrant.<\/p>\n<p><strong>Rejoignez notre communaut\u00e9 de changeurs<\/strong><\/p>\n<p>Devenir un influenceur de Unigrant va au-del\u00e0 de la r\u00e9mun\u00e9ration ; il s&rsquo;agit de cr\u00e9er un h\u00e9ritage de changement et d&rsquo;opportunit\u00e9. Nous recherchons des personnes passionn\u00e9es pr\u00eates \u00e0 faire une diff\u00e9rence dans la vie des \u00e9tudiants du monde entier. Si vous croyez en le pouvoir de l&rsquo;\u00e9ducation et \u00eates pr\u00eat \u00e0 inspirer votre public \u00e0 poursuivre leurs r\u00eaves acad\u00e9miques et professionnels en Australie, nous vous invitons \u00e0 rejoindre notre r\u00e9seau. Collaborons pour rendre l&rsquo;\u00e9ducation accessible et transformer les aspirations en r\u00e9alit\u00e9.<\/p>\n\t\t\t\t\t\t<\/div>\n\t\t\t\t<\/div>\n\t\t\t\t\t<\/div>\n\t\t<\/div>\n\t\t\t\t\t<\/div>\n\t\t<\/section>\n\t\t\t\t<\/div>\n\t\t","protected":false},"excerpt":{"rendered":"<p>Archives Home Username Password Repeat Password Email Nickname First name Last name Biographical info Submit This is the preview of the \u00ab\u00a0Register Influencers\u00a0\u00bb Form. Registre des Influenceurs Vous \u00eates d\u00e9j\u00e0 inscrit D\u00e9connectez-vous si vous souhaitez enregistrer un nouveau compte Unigrant Influenceur. \u00c9levez votre influence avec Unigrant.com Rejoignez notre communaut\u00e9 de &hellip; <\/p>\n","protected":false},"author":2,"featured_media":0,"parent":0,"menu_order":0,"comment_status":"closed","ping_status":"closed","template":"elementor_header_footer","meta":{"_joinchat":[],"footnotes":""},"class_list":["post-16945","page","type-page","status-publish","hentry"],"yoast_head":"<!-- This site is optimized with the Yoast SEO plugin v24.0 - https:\/\/yoast.com\/wordpress\/plugins\/seo\/ -->\n<title>Registre des Influenceurs - Unigrant<\/title>\n<meta name=\"robots\" content=\"index, follow, max-snippet:-1, max-image-preview:large, max-video-preview:-1\" \/>\n<link rel=\"canonical\" href=\"https:\/\/unigrant.com\/fr\/registre-des-influenceurs\/\" \/>\n<meta property=\"og:locale\" content=\"fr_FR\" \/>\n<meta property=\"og:type\" content=\"article\" \/>\n<meta property=\"og:title\" content=\"Registre des Influenceurs - Unigrant\" \/>\n<meta property=\"og:description\" content=\"Archives Home Username Password Repeat Password Email Nickname First name Last name Biographical info Submit This is the preview of the \u00ab\u00a0Register Influencers\u00a0\u00bb Form. Registre des Influenceurs Vous \u00eates d\u00e9j\u00e0 inscrit D\u00e9connectez-vous si vous souhaitez enregistrer un nouveau compte Unigrant Influenceur. \u00c9levez votre influence avec Unigrant.com Rejoignez notre communaut\u00e9 de &hellip;\" \/>\n<meta property=\"og:url\" content=\"https:\/\/unigrant.com\/fr\/registre-des-influenceurs\/\" \/>\n<meta property=\"og:site_name\" content=\"Unigrant\" \/>\n<meta property=\"article:modified_time\" content=\"2025-03-28T09:52:21+00:00\" \/>\n<meta name=\"twitter:card\" content=\"summary_large_image\" \/>\n<meta name=\"twitter:site\" content=\"@unigrantx\" \/>\n<meta name=\"twitter:label1\" content=\"Dur\u00e9e de lecture estim\u00e9e\" \/>\n\t<meta name=\"twitter:data1\" content=\"2 minutes\" \/>\n<script type=\"application\/ld+json\" class=\"yoast-schema-graph\">{\"@context\":\"https:\/\/schema.org\",\"@graph\":[{\"@type\":\"WebPage\",\"@id\":\"https:\/\/unigrant.com\/fr\/registre-des-influenceurs\/\",\"url\":\"https:\/\/unigrant.com\/fr\/registre-des-influenceurs\/\",\"name\":\"Registre des Influenceurs - Unigrant\",\"isPartOf\":{\"@id\":\"https:\/\/unigrant.com\/fr\/#website\"},\"datePublished\":\"2024-04-03T07:28:40+00:00\",\"dateModified\":\"2025-03-28T09:52:21+00:00\",\"breadcrumb\":{\"@id\":\"https:\/\/unigrant.com\/fr\/registre-des-influenceurs\/#breadcrumb\"},\"inLanguage\":\"fr-FR\",\"potentialAction\":[{\"@type\":\"ReadAction\",\"target\":[\"https:\/\/unigrant.com\/fr\/registre-des-influenceurs\/\"]}]},{\"@type\":\"BreadcrumbList\",\"@id\":\"https:\/\/unigrant.com\/fr\/registre-des-influenceurs\/#breadcrumb\",\"itemListElement\":[{\"@type\":\"ListItem\",\"position\":1,\"name\":\"Home\",\"item\":\"https:\/\/unigrant.com\/fr\/\"},{\"@type\":\"ListItem\",\"position\":2,\"name\":\"Registre des Influenceurs\"}]},{\"@type\":\"WebSite\",\"@id\":\"https:\/\/unigrant.com\/fr\/#website\",\"url\":\"https:\/\/unigrant.com\/fr\/\",\"name\":\"Unigrant\",\"description\":\"Entamez un Voyage d'Excellence Acad\u00e9mique et d'Aventure\",\"publisher\":{\"@id\":\"https:\/\/unigrant.com\/fr\/#organization\"},\"potentialAction\":[{\"@type\":\"SearchAction\",\"target\":{\"@type\":\"EntryPoint\",\"urlTemplate\":\"https:\/\/unigrant.com\/fr\/?s={search_term_string}\"},\"query-input\":{\"@type\":\"PropertyValueSpecification\",\"valueRequired\":true,\"valueName\":\"search_term_string\"}}],\"inLanguage\":\"fr-FR\"},{\"@type\":\"Organization\",\"@id\":\"https:\/\/unigrant.com\/fr\/#organization\",\"name\":\"Unigrant\",\"url\":\"https:\/\/unigrant.com\/fr\/\",\"logo\":{\"@type\":\"ImageObject\",\"inLanguage\":\"fr-FR\",\"@id\":\"https:\/\/unigrant.com\/fr\/#\/schema\/logo\/image\/\",\"url\":\"https:\/\/unigrant.com\/wp-content\/uploads\/2023\/11\/logo-unigrant.350x100.png\",\"contentUrl\":\"https:\/\/unigrant.com\/wp-content\/uploads\/2023\/11\/logo-unigrant.350x100.png\",\"width\":350,\"height\":100,\"caption\":\"Unigrant\"},\"image\":{\"@id\":\"https:\/\/unigrant.com\/fr\/#\/schema\/logo\/image\/\"},\"sameAs\":[\"https:\/\/x.com\/unigrantx\",\"https:\/\/www.instagram.com\/unigrantcom\/\",\"https:\/\/www.tiktok.com\/@unigrant\"]}]}<\/script>\n<!-- \/ Yoast SEO plugin. -->","yoast_head_json":{"title":"Registre des Influenceurs - Unigrant","robots":{"index":"index","follow":"follow","max-snippet":"max-snippet:-1","max-image-preview":"max-image-preview:large","max-video-preview":"max-video-preview:-1"},"canonical":"https:\/\/unigrant.com\/fr\/registre-des-influenceurs\/","og_locale":"fr_FR","og_type":"article","og_title":"Registre des Influenceurs - Unigrant","og_description":"Archives Home Username Password Repeat Password Email Nickname First name Last name Biographical info Submit This is the preview of the \u00ab\u00a0Register Influencers\u00a0\u00bb Form. Registre des Influenceurs Vous \u00eates d\u00e9j\u00e0 inscrit D\u00e9connectez-vous si vous souhaitez enregistrer un nouveau compte Unigrant Influenceur. \u00c9levez votre influence avec Unigrant.com Rejoignez notre communaut\u00e9 de &hellip;","og_url":"https:\/\/unigrant.com\/fr\/registre-des-influenceurs\/","og_site_name":"Unigrant","article_modified_time":"2025-03-28T09:52:21+00:00","twitter_card":"summary_large_image","twitter_site":"@unigrantx","twitter_misc":{"Dur\u00e9e de lecture estim\u00e9e":"2 minutes"},"schema":{"@context":"https:\/\/schema.org","@graph":[{"@type":"WebPage","@id":"https:\/\/unigrant.com\/fr\/registre-des-influenceurs\/","url":"https:\/\/unigrant.com\/fr\/registre-des-influenceurs\/","name":"Registre des Influenceurs - Unigrant","isPartOf":{"@id":"https:\/\/unigrant.com\/fr\/#website"},"datePublished":"2024-04-03T07:28:40+00:00","dateModified":"2025-03-28T09:52:21+00:00","breadcrumb":{"@id":"https:\/\/unigrant.com\/fr\/registre-des-influenceurs\/#breadcrumb"},"inLanguage":"fr-FR","potentialAction":[{"@type":"ReadAction","target":["https:\/\/unigrant.com\/fr\/registre-des-influenceurs\/"]}]},{"@type":"BreadcrumbList","@id":"https:\/\/unigrant.com\/fr\/registre-des-influenceurs\/#breadcrumb","itemListElement":[{"@type":"ListItem","position":1,"name":"Home","item":"https:\/\/unigrant.com\/fr\/"},{"@type":"ListItem","position":2,"name":"Registre des Influenceurs"}]},{"@type":"WebSite","@id":"https:\/\/unigrant.com\/fr\/#website","url":"https:\/\/unigrant.com\/fr\/","name":"Unigrant","description":"Entamez un Voyage d'Excellence Acad\u00e9mique et d'Aventure","publisher":{"@id":"https:\/\/unigrant.com\/fr\/#organization"},"potentialAction":[{"@type":"SearchAction","target":{"@type":"EntryPoint","urlTemplate":"https:\/\/unigrant.com\/fr\/?s={search_term_string}"},"query-input":{"@type":"PropertyValueSpecification","valueRequired":true,"valueName":"search_term_string"}}],"inLanguage":"fr-FR"},{"@type":"Organization","@id":"https:\/\/unigrant.com\/fr\/#organization","name":"Unigrant","url":"https:\/\/unigrant.com\/fr\/","logo":{"@type":"ImageObject","inLanguage":"fr-FR","@id":"https:\/\/unigrant.com\/fr\/#\/schema\/logo\/image\/","url":"https:\/\/unigrant.com\/wp-content\/uploads\/2023\/11\/logo-unigrant.350x100.png","contentUrl":"https:\/\/unigrant.com\/wp-content\/uploads\/2023\/11\/logo-unigrant.350x100.png","width":350,"height":100,"caption":"Unigrant"},"image":{"@id":"https:\/\/unigrant.com\/fr\/#\/schema\/logo\/image\/"},"sameAs":["https:\/\/x.com\/unigrantx","https:\/\/www.instagram.com\/unigrantcom\/","https:\/\/www.tiktok.com\/@unigrant"]}]}},"_links":{"self":[{"href":"https:\/\/unigrant.com\/fr\/wp-json\/wp\/v2\/pages\/16945","targetHints":{"allow":["GET"]}}],"collection":[{"href":"https:\/\/unigrant.com\/fr\/wp-json\/wp\/v2\/pages"}],"about":[{"href":"https:\/\/unigrant.com\/fr\/wp-json\/wp\/v2\/types\/page"}],"author":[{"embeddable":true,"href":"https:\/\/unigrant.com\/fr\/wp-json\/wp\/v2\/users\/2"}],"replies":[{"embeddable":true,"href":"https:\/\/unigrant.com\/fr\/wp-json\/wp\/v2\/comments?post=16945"}],"version-history":[{"count":0,"href":"https:\/\/unigrant.com\/fr\/wp-json\/wp\/v2\/pages\/16945\/revisions"}],"wp:attachment":[{"href":"https:\/\/unigrant.com\/fr\/wp-json\/wp\/v2\/media?parent=16945"}],"curies":[{"name":"wp","href":"https:\/\/api.w.org\/{rel}","templated":true}]}}