{"id":16949,"date":"2024-04-03T07:30:04","date_gmt":"2024-04-03T07:30:04","guid":{"rendered":"https:\/\/unigrant.com\/sponsors-register\/"},"modified":"2025-04-02T10:14:49","modified_gmt":"2025-04-02T10:14:49","slug":"registre-des-sponsors","status":"publish","type":"page","link":"https:\/\/unigrant.com\/fr\/registre-des-sponsors\/","title":{"rendered":"Registre des sponsors"},"content":{"rendered":"\t\t<div data-elementor-type=\"wp-post\" data-elementor-id=\"16949\" class=\"elementor elementor-16949 elementor-16899\" data-elementor-post-type=\"page\">\n\t\t\t\t<div class=\"elementor-element elementor-element-fe44dd3 e-flex e-con-boxed e-con e-parent\" data-id=\"fe44dd3\" data-element_type=\"container\" data-settings=\"{&quot;background_background&quot;:&quot;classic&quot;}\">\n\t\t\t\t\t<div class=\"e-con-inner\">\n\t\t\t\t<div class=\"elementor-element elementor-element-2eb63ce elementor-widget elementor-widget-thim-ekits-page-title\" data-id=\"2eb63ce\" data-element_type=\"widget\" data-widget_type=\"thim-ekits-page-title.default\">\n\t\t\t\t<div class=\"elementor-widget-container\">\n\t\t\t\t\t<div class=\"thim-ekit-page-title\">\n\t\t<h1 class=\"page-title\">Archives<\/h1>\t\t<\/div>\n\t\t\t\t<\/div>\n\t\t\t\t<\/div>\n\t\t\t\t\t<\/div>\n\t\t\t\t<\/div>\n\t\t<div class=\"elementor-element elementor-element-02c0255 e-flex e-con-boxed e-con e-parent\" data-id=\"02c0255\" data-element_type=\"container\">\n\t\t\t\t\t<div class=\"e-con-inner\">\n\t\t\t\t<div class=\"elementor-element elementor-element-2adfc65 elementor-widget elementor-widget-thim-ekits-breadcrumb\" data-id=\"2adfc65\" data-element_type=\"widget\" data-widget_type=\"thim-ekits-breadcrumb.default\">\n\t\t\t\t<div class=\"elementor-widget-container\">\n\t\t\t\n\t\t\t<div class=\"thim-ekit-breadcrumb\">\n\n\t\t\t\tHome\n\t\t\t<\/div>\n\n\t\t\t\t\t<\/div>\n\t\t\t\t<\/div>\n\t\t\t\t\t<\/div>\n\t\t\t\t<\/div>\n\t\t\t\t<section class=\"elementor-section elementor-top-section elementor-element elementor-element-2482687 elementor-section-boxed elementor-section-height-default elementor-section-height-default\" data-id=\"2482687\" data-element_type=\"section\">\n\t\t\t\t\t\t<div class=\"elementor-container elementor-column-gap-extended\">\n\t\t\t\t\t<div class=\"elementor-column elementor-col-50 elementor-top-column elementor-element elementor-element-acc3f7f\" data-id=\"acc3f7f\" data-element_type=\"column\">\n\t\t\t<div class=\"elementor-widget-wrap elementor-element-populated\">\n\t\t\t\t\t\t<div class=\"elementor-element elementor-element-8424565 elementor-widget elementor-widget-html\" data-id=\"8424565\" data-element_type=\"widget\" data-widget_type=\"html.default\">\n\t\t\t\t<div class=\"elementor-widget-container\">\n\t\t\t<form  id=\"cred_user_form_58570_1_1\" class=\"cred-user-form cred-keep-original\" action=\"\/fr\/wp-json\/wp\/v2\/pages\/16949?_tt=1776491467\" data-form=\"{&quot;form_id&quot;:&quot;cred_user_form_58570_1_1&quot;,&quot;use_ajax&quot;:&quot;0&quot;,&quot;wpv_page&quot;:1}\" data-conditionals=\"[]\" method=\"post\">\r\n\t<div class=\"form-group\">\r\n\t\t<label for=\"cred_user_form_58570_1_1_user_login\">Username<\/label>\r\n\t\t<div class=\"js-wpt-field-items js-wpt-repetitive wpt-repetitive\" data-initial-conditional=\"\" data-item_name=\"textfield-user_login\">\r\n<input type=\"text\" id=\"cred_user_form_58570_1_1_user_login\" name=\"user_login\" value=\"\" preset_value=\"\" urlparam=\"\" make_readonly=\"\" max_width=\"\" max_height=\"\" class=\"form-control wpt-form-textfield form-textfield textfield\" output=\"bootstrap\" placeholder=\"\" data-wpt-validate=\"{&quot;username&quot;:{&quot;args&quot;:{&quot;1&quot;:true},&quot;message&quot;:&quot;The username can only contain alphanumeric characters, spaces, -, _, . or @&quot;},&quot;required&quot;:{&quot;args&quot;:{&quot;1&quot;:true},&quot;message&quot;:&quot;This field is required&quot;}}\" data-wpt-field-title=\"Nom d\\'utilisateur\" data-parsley-required=\"true\" data-parsley-required-message=\"This field is required\" data-parsley-credfilesize=\"1073741824\" data-wpt-type=\"textfield\" data-wpt-id=\"cred_user_form_58570_1_1_cred_user_form_58570_1_1_user_login\" data-wpt-name=\"user_login\" \/>\r\n<\/div>\r\n\t<\/div>\r\n\t<div class=\"form-group\">\r\n\t\t<label for=\"cred_user_form_58570_1_1_user_pass\">Password<\/label>\r\n\t\t<div class=\"js-wpt-field-items js-wpt-repetitive wpt-repetitive\" data-initial-conditional=\"\" data-item_name=\"password-user_pass\">\r\n<input type=\"password\" id=\"cred_user_form_58570_1_1_user_pass\" name=\"user_pass\" value=\"\" preset_value=\"\" urlparam=\"\" make_readonly=\"\" max_width=\"\" max_height=\"\" class=\"form-control wpt-form-password form-password password\" output=\"bootstrap\" placeholder=\"\" data-wpt-validate=\"{&quot;required&quot;:{&quot;args&quot;:{&quot;1&quot;:true},&quot;message&quot;:&quot;This field is required&quot;}}\" data-wpt-field-title=\"Mot de passe\" data-parsley-required=\"true\" data-parsley-required-message=\"This field is required\" data-parsley-credfilesize=\"1073741824\" data-wpt-type=\"password\" data-wpt-id=\"cred_user_form_58570_1_1_cred_user_form_58570_1_1_user_pass\" data-wpt-name=\"user_pass\" \/>\r\n<\/div>\r\n\t<\/div>\r\n\t<div class=\"form-group\">\r\n\t\t<label for=\"cred_user_form_58570_1_1_user_email\">Email<\/label>\r\n\t\t<div class=\"js-wpt-field-items js-wpt-repetitive wpt-repetitive\" data-initial-conditional=\"\" data-item_name=\"email-user_email\">\r\n<input type=\"text\" id=\"cred_user_form_58570_1_1_user_email\" name=\"user_email\" value=\"\" preset_value=\"\" urlparam=\"\" make_readonly=\"\" max_width=\"\" max_height=\"\" class=\"form-control wpt-form-textfield form-textfield textfield\" output=\"bootstrap\" placeholder=\"\" data-wpt-validate=\"{&quot;email&quot;:{&quot;args&quot;:{&quot;1&quot;:true},&quot;message&quot;:&quot;Please enter a valid email address&quot;},&quot;required&quot;:{&quot;args&quot;:{&quot;1&quot;:true},&quot;message&quot;:&quot;This field is required&quot;}}\" data-wpt-field-title=\"Adresse e-mail\" data-parsley-type=\"email\" data-parsley-error-message=\"Please enter a valid email address\" data-parsley-required=\"true\" data-parsley-required-message=\"This field is required\" data-parsley-credfilesize=\"1073741824\" data-wpt-type=\"textfield\" data-wpt-id=\"cred_user_form_58570_1_1_cred_user_form_58570_1_1_user_email\" data-wpt-name=\"user_email\" \/>\r\n<\/div>\r\n\t<\/div>\r\n\t<div id=\"wpt-form-message-58570\"\n\t\t\t              data-message-single=\"The user was not saved because of the following problem:\"\n\t\t\t              data-message-plural=\"The user was not saved because of the following %NN problems:\"\n\t\t\t              style=\"display:none;\" class=\"wpt-top-form-error wpt-form-error wpt-form-error-wrapper alert alert-danger alert alert-warning\"><\/div>\r\n\t<div class=\"js-wpt-field-items js-wpt-repetitive wpt-repetitive\" data-initial-conditional=\"\" data-item_name=\"recaptcha-recaptcha\"><div id=\"recaptcha_cred_user_form_58570_1_1_recaptcha\" class=\"g-recaptcha\" data-sitekey=\"6LfuqbcpAAAAAD5vKBdHbqbbU8a4Lh4vUxMHb2w2\"><\/div><div class=\"recaptcha_error\" style=\"color:#aa0000;display:none;\">Veuillez valider reCAPTCHA<\/div>\r\n\r\n<input type=\"text\" id=\"cred_user_form_58570_1_1__recaptcha\" name=\"_recaptcha\" value=\"\" style=\"display:none;\" class=\"wpt-form-textfield form-textfield textfield\" data-wpt-type=\"textfield\" data-wpt-id=\"cred_user_form_58570_1_1_cred_user_form_58570_1_1__recaptcha\" data-wpt-name=\"_recaptcha\" \/>\r\n<\/div>\r\n\t<input type=\"submit\" id=\"cred_user_form_58570_1_1_form_submit_1\" name=\"form_submit_1\" value=\"INSCRIVEZ-VOUS EN TANT QUE SPONSOR POUR AUTONOMISER LES FUTURS LEADERS\" class=\"wpt-form-submit form-submit submit wpt-form-submit form-submit submit\" \/>\r\n<input type=\"hidden\" id=\"cred_user_form_58570_1_1__cred_cred_prefix_cred_container_id\" name=\"_cred_cred_prefix_cred_container_id\" value=\"16949\" class=\"wpt-form-hidden form-hidden\" data-wpt-id=\"cred_user_form_58570_1_1_cred_user_form_58570_1_1__cred_cred_prefix_cred_container_id\" data-wpt-name=\"_cred_cred_prefix_cred_container_id\" \/><input type=\"hidden\" id=\"cred_user_form_58570_1_1__cred_cred_prefix_form_id\" name=\"_cred_cred_prefix_form_id\" value=\"58570\" class=\"wpt-form-hidden form-hidden\" data-wpt-id=\"cred_user_form_58570_1_1_cred_user_form_58570_1_1__cred_cred_prefix_form_id\" data-wpt-name=\"_cred_cred_prefix_form_id\" \/><input type=\"hidden\" id=\"cred_user_form_58570_1_1__cred_cred_prefix_form_count\" name=\"_cred_cred_prefix_form_count\" value=\"1\" class=\"wpt-form-hidden form-hidden\" data-wpt-id=\"cred_user_form_58570_1_1_cred_user_form_58570_1_1__cred_cred_prefix_form_count\" data-wpt-name=\"_cred_cred_prefix_form_count\" \/><\/form>\t\t<\/div>\n\t\t\t\t<\/div>\n\t\t\t\t\t<\/div>\n\t\t<\/div>\n\t\t\t\t<div class=\"elementor-column elementor-col-50 elementor-top-column elementor-element elementor-element-b0d39cc\" data-id=\"b0d39cc\" data-element_type=\"column\">\n\t\t\t<div class=\"elementor-widget-wrap elementor-element-populated\">\n\t\t\t\t\t\t<div class=\"elementor-element elementor-element-76fda43 thim-ekits-heading-text-left elementor-widget thim-ekits-heading elementor-widget-thim-heading\" data-id=\"76fda43\" data-element_type=\"widget\" data-widget_type=\"thim-heading.default\">\n\t\t\t\t<div class=\"elementor-widget-container\">\n\t\t\t<div class=\"sc_heading text-left\"><h3 class=\"title\">Habiliter les Leaders de Demain  <span class=\"thim-color\">avec Unigrant.com<\/span><\/h3><div class=\"sub-heading\"><p>Rejoignez notre communaut\u00e9 de changeurs<\/p>\n<\/div><span class=\"line\"><\/span><\/div>\t\t<\/div>\n\t\t\t\t<\/div>\n\t\t\t\t<div class=\"elementor-element elementor-element-7a03cca elementor-widget elementor-widget-text-editor\" data-id=\"7a03cca\" data-element_type=\"widget\" data-widget_type=\"text-editor.default\">\n\t\t\t\t<div class=\"elementor-widget-container\">\n\t\t\t\t\t\t\t<p>Chez Unigrant.com, nous croyons en le pouvoir de l&rsquo;\u00e9ducation pour transformer les vies. Nous nous adressons aux visionnaires et philanthropes qui partagent notre conviction pour rejoindre notre plateforme et parrainer des \u00e9tudiants avec des dossiers acad\u00e9miques exceptionnels qui ont besoin de soutien financier pour \u00e9tudier \u00e0 l&rsquo;\u00e9tranger en Australie. Votre parrainage peut \u00e9clairer le chemin pour la prochaine g\u00e9n\u00e9ration de leaders, d&rsquo;innovateurs et de penseurs, leur permettant d&rsquo;atteindre leurs r\u00eaves et d&rsquo;avoir un impact significatif sur le monde.<\/p>\n<p><strong>Une Connexion Sans Effort avec des Esprits Aspirants<\/strong><\/p>\n<p>Notre plateforme fournit un processus intuitif et transparent pour que les parrains se connectent avec des \u00e9tudiants m\u00e9ritants. En vous inscrivant sur Unigrant.com, vous obtenez l&rsquo;acc\u00e8s \u00e0 une liste organis\u00e9e d&rsquo;\u00e9tudiants qui ont non seulement excell\u00e9 acad\u00e9miquement, mais ont \u00e9galement montr\u00e9 une passion remarquable pour leurs domaines d&rsquo;\u00e9tude. Vous pourrez suivre le nombre d&rsquo;\u00e9tudiants que vous soutenez et suivre l&rsquo;\u00e9volution de leurs candidatures, t\u00e9moignant de premi\u00e8re main de la diff\u00e9rence que votre soutien apporte \u00e0 leur parcours \u00e9ducatif.<\/p>\n<p><strong>Transformer des Vies et Favoriser le Changement Global<\/strong><\/p>\n<p>En tant que parrain sur Unigrant.com, vous ne financez pas seulement l&rsquo;\u00e9ducation d&rsquo;un \u00e9tudiant; vous investissez dans leur potentiel de contribuer \u00e0 des solutions et innovations mondiales. Votre soutien supprime les barri\u00e8res financi\u00e8res, permettant \u00e0 ces esprits brillants de poursuivre leurs \u00e9tudes en Australie, reconnue pour son syst\u00e8me \u00e9ducatif de classe mondiale et sa communaut\u00e9 acad\u00e9mique diversifi\u00e9e. C&rsquo;est votre opportunit\u00e9 de jouer un r\u00f4le cl\u00e9 dans la formation de l&rsquo;avenir de notre soci\u00e9t\u00e9 globale.<\/p>\n<p><strong>Rejoignez notre communaut\u00e9 de changeurs<\/strong><\/p>\n<p>Nous vous invitons \u00e0 devenir partie de notre r\u00e9seau estim\u00e9 de parrains Unigrant.com, une communaut\u00e9 d\u00e9di\u00e9e \u00e0 rendre l&rsquo;\u00e9ducation accessible et \u00e0 nourrir le talent qui conduira les avanc\u00e9es de demain. Ensemble, nous pouvons cr\u00e9er un h\u00e9ritage d&rsquo;opportunit\u00e9 et de r\u00e9alisation. Inscrivez-vous d\u00e8s maintenant pour commencer votre voyage en tant que contributeur cl\u00e9 \u00e0 l&rsquo;excellence \u00e9ducative mondiale et \u00eatre t\u00e9moin de la croissance des \u00e9tudiants dont vous avez choisi d&rsquo;enrichir la vie.<\/p>\n\t\t\t\t\t\t<\/div>\n\t\t\t\t<\/div>\n\t\t\t\t\t<\/div>\n\t\t<\/div>\n\t\t\t\t\t<\/div>\n\t\t<\/section>\n\t\t\t\t<\/div>\n\t\t","protected":false},"excerpt":{"rendered":"<p>Archives Home Registre des sponsors Vous \u00eates d\u00e9j\u00e0 inscrit D\u00e9connectez-vous si vous souhaitez enregistrer un nouveau compte sponsor Unigrant. Habiliter les Leaders de Demain avec Unigrant.com Rejoignez notre communaut\u00e9 de changeurs Chez Unigrant.com, nous croyons en le pouvoir de l&rsquo;\u00e9ducation pour transformer les vies. Nous nous adressons aux visionnaires et &hellip; <\/p>\n","protected":false},"author":2,"featured_media":0,"parent":0,"menu_order":0,"comment_status":"closed","ping_status":"closed","template":"elementor_header_footer","meta":{"_joinchat":[],"footnotes":""},"class_list":["post-16949","page","type-page","status-publish","hentry"],"yoast_head":"<!-- This site is optimized with the Yoast SEO plugin v24.0 - https:\/\/yoast.com\/wordpress\/plugins\/seo\/ -->\n<title>Registre des sponsors - Unigrant<\/title>\n<meta name=\"robots\" content=\"index, follow, max-snippet:-1, max-image-preview:large, max-video-preview:-1\" \/>\n<link rel=\"canonical\" href=\"https:\/\/unigrant.com\/fr\/registre-des-sponsors\/\" \/>\n<meta property=\"og:locale\" content=\"fr_FR\" \/>\n<meta property=\"og:type\" content=\"article\" \/>\n<meta property=\"og:title\" content=\"Registre des sponsors - Unigrant\" \/>\n<meta property=\"og:description\" content=\"Archives Home Registre des sponsors Vous \u00eates d\u00e9j\u00e0 inscrit D\u00e9connectez-vous si vous souhaitez enregistrer un nouveau compte sponsor Unigrant. Habiliter les Leaders de Demain avec Unigrant.com Rejoignez notre communaut\u00e9 de changeurs Chez Unigrant.com, nous croyons en le pouvoir de l&rsquo;\u00e9ducation pour transformer les vies. Nous nous adressons aux visionnaires et &hellip;\" \/>\n<meta property=\"og:url\" content=\"https:\/\/unigrant.com\/fr\/registre-des-sponsors\/\" \/>\n<meta property=\"og:site_name\" content=\"Unigrant\" \/>\n<meta property=\"article:modified_time\" content=\"2025-04-02T10:14:49+00:00\" \/>\n<meta name=\"twitter:card\" content=\"summary_large_image\" \/>\n<meta name=\"twitter:site\" content=\"@unigrantx\" \/>\n<meta name=\"twitter:label1\" content=\"Dur\u00e9e de lecture estim\u00e9e\" \/>\n\t<meta name=\"twitter:data1\" content=\"2 minutes\" \/>\n<script type=\"application\/ld+json\" class=\"yoast-schema-graph\">{\"@context\":\"https:\/\/schema.org\",\"@graph\":[{\"@type\":\"WebPage\",\"@id\":\"https:\/\/unigrant.com\/fr\/registre-des-sponsors\/\",\"url\":\"https:\/\/unigrant.com\/fr\/registre-des-sponsors\/\",\"name\":\"Registre des sponsors - Unigrant\",\"isPartOf\":{\"@id\":\"https:\/\/unigrant.com\/fr\/#website\"},\"datePublished\":\"2024-04-03T07:30:04+00:00\",\"dateModified\":\"2025-04-02T10:14:49+00:00\",\"breadcrumb\":{\"@id\":\"https:\/\/unigrant.com\/fr\/registre-des-sponsors\/#breadcrumb\"},\"inLanguage\":\"fr-FR\",\"potentialAction\":[{\"@type\":\"ReadAction\",\"target\":[\"https:\/\/unigrant.com\/fr\/registre-des-sponsors\/\"]}]},{\"@type\":\"BreadcrumbList\",\"@id\":\"https:\/\/unigrant.com\/fr\/registre-des-sponsors\/#breadcrumb\",\"itemListElement\":[{\"@type\":\"ListItem\",\"position\":1,\"name\":\"Home\",\"item\":\"https:\/\/unigrant.com\/fr\/\"},{\"@type\":\"ListItem\",\"position\":2,\"name\":\"Registre des sponsors\"}]},{\"@type\":\"WebSite\",\"@id\":\"https:\/\/unigrant.com\/fr\/#website\",\"url\":\"https:\/\/unigrant.com\/fr\/\",\"name\":\"Unigrant\",\"description\":\"Entamez un Voyage d'Excellence Acad\u00e9mique et d'Aventure\",\"publisher\":{\"@id\":\"https:\/\/unigrant.com\/fr\/#organization\"},\"potentialAction\":[{\"@type\":\"SearchAction\",\"target\":{\"@type\":\"EntryPoint\",\"urlTemplate\":\"https:\/\/unigrant.com\/fr\/?s={search_term_string}\"},\"query-input\":{\"@type\":\"PropertyValueSpecification\",\"valueRequired\":true,\"valueName\":\"search_term_string\"}}],\"inLanguage\":\"fr-FR\"},{\"@type\":\"Organization\",\"@id\":\"https:\/\/unigrant.com\/fr\/#organization\",\"name\":\"Unigrant\",\"url\":\"https:\/\/unigrant.com\/fr\/\",\"logo\":{\"@type\":\"ImageObject\",\"inLanguage\":\"fr-FR\",\"@id\":\"https:\/\/unigrant.com\/fr\/#\/schema\/logo\/image\/\",\"url\":\"https:\/\/unigrant.com\/wp-content\/uploads\/2023\/11\/logo-unigrant.350x100.png\",\"contentUrl\":\"https:\/\/unigrant.com\/wp-content\/uploads\/2023\/11\/logo-unigrant.350x100.png\",\"width\":350,\"height\":100,\"caption\":\"Unigrant\"},\"image\":{\"@id\":\"https:\/\/unigrant.com\/fr\/#\/schema\/logo\/image\/\"},\"sameAs\":[\"https:\/\/x.com\/unigrantx\",\"https:\/\/www.instagram.com\/unigrantcom\/\",\"https:\/\/www.tiktok.com\/@unigrant\"]}]}<\/script>\n<!-- \/ Yoast SEO plugin. -->","yoast_head_json":{"title":"Registre des sponsors - Unigrant","robots":{"index":"index","follow":"follow","max-snippet":"max-snippet:-1","max-image-preview":"max-image-preview:large","max-video-preview":"max-video-preview:-1"},"canonical":"https:\/\/unigrant.com\/fr\/registre-des-sponsors\/","og_locale":"fr_FR","og_type":"article","og_title":"Registre des sponsors - Unigrant","og_description":"Archives Home Registre des sponsors Vous \u00eates d\u00e9j\u00e0 inscrit D\u00e9connectez-vous si vous souhaitez enregistrer un nouveau compte sponsor Unigrant. Habiliter les Leaders de Demain avec Unigrant.com Rejoignez notre communaut\u00e9 de changeurs Chez Unigrant.com, nous croyons en le pouvoir de l&rsquo;\u00e9ducation pour transformer les vies. Nous nous adressons aux visionnaires et &hellip;","og_url":"https:\/\/unigrant.com\/fr\/registre-des-sponsors\/","og_site_name":"Unigrant","article_modified_time":"2025-04-02T10:14:49+00:00","twitter_card":"summary_large_image","twitter_site":"@unigrantx","twitter_misc":{"Dur\u00e9e de lecture estim\u00e9e":"2 minutes"},"schema":{"@context":"https:\/\/schema.org","@graph":[{"@type":"WebPage","@id":"https:\/\/unigrant.com\/fr\/registre-des-sponsors\/","url":"https:\/\/unigrant.com\/fr\/registre-des-sponsors\/","name":"Registre des sponsors - Unigrant","isPartOf":{"@id":"https:\/\/unigrant.com\/fr\/#website"},"datePublished":"2024-04-03T07:30:04+00:00","dateModified":"2025-04-02T10:14:49+00:00","breadcrumb":{"@id":"https:\/\/unigrant.com\/fr\/registre-des-sponsors\/#breadcrumb"},"inLanguage":"fr-FR","potentialAction":[{"@type":"ReadAction","target":["https:\/\/unigrant.com\/fr\/registre-des-sponsors\/"]}]},{"@type":"BreadcrumbList","@id":"https:\/\/unigrant.com\/fr\/registre-des-sponsors\/#breadcrumb","itemListElement":[{"@type":"ListItem","position":1,"name":"Home","item":"https:\/\/unigrant.com\/fr\/"},{"@type":"ListItem","position":2,"name":"Registre des sponsors"}]},{"@type":"WebSite","@id":"https:\/\/unigrant.com\/fr\/#website","url":"https:\/\/unigrant.com\/fr\/","name":"Unigrant","description":"Entamez un Voyage d'Excellence Acad\u00e9mique et d'Aventure","publisher":{"@id":"https:\/\/unigrant.com\/fr\/#organization"},"potentialAction":[{"@type":"SearchAction","target":{"@type":"EntryPoint","urlTemplate":"https:\/\/unigrant.com\/fr\/?s={search_term_string}"},"query-input":{"@type":"PropertyValueSpecification","valueRequired":true,"valueName":"search_term_string"}}],"inLanguage":"fr-FR"},{"@type":"Organization","@id":"https:\/\/unigrant.com\/fr\/#organization","name":"Unigrant","url":"https:\/\/unigrant.com\/fr\/","logo":{"@type":"ImageObject","inLanguage":"fr-FR","@id":"https:\/\/unigrant.com\/fr\/#\/schema\/logo\/image\/","url":"https:\/\/unigrant.com\/wp-content\/uploads\/2023\/11\/logo-unigrant.350x100.png","contentUrl":"https:\/\/unigrant.com\/wp-content\/uploads\/2023\/11\/logo-unigrant.350x100.png","width":350,"height":100,"caption":"Unigrant"},"image":{"@id":"https:\/\/unigrant.com\/fr\/#\/schema\/logo\/image\/"},"sameAs":["https:\/\/x.com\/unigrantx","https:\/\/www.instagram.com\/unigrantcom\/","https:\/\/www.tiktok.com\/@unigrant"]}]}},"_links":{"self":[{"href":"https:\/\/unigrant.com\/fr\/wp-json\/wp\/v2\/pages\/16949","targetHints":{"allow":["GET"]}}],"collection":[{"href":"https:\/\/unigrant.com\/fr\/wp-json\/wp\/v2\/pages"}],"about":[{"href":"https:\/\/unigrant.com\/fr\/wp-json\/wp\/v2\/types\/page"}],"author":[{"embeddable":true,"href":"https:\/\/unigrant.com\/fr\/wp-json\/wp\/v2\/users\/2"}],"replies":[{"embeddable":true,"href":"https:\/\/unigrant.com\/fr\/wp-json\/wp\/v2\/comments?post=16949"}],"version-history":[{"count":0,"href":"https:\/\/unigrant.com\/fr\/wp-json\/wp\/v2\/pages\/16949\/revisions"}],"wp:attachment":[{"href":"https:\/\/unigrant.com\/fr\/wp-json\/wp\/v2\/media?parent=16949"}],"curies":[{"name":"wp","href":"https:\/\/api.w.org\/{rel}","templated":true}]}}